{"id":106726,"date":"2019-07-26T12:29:29","date_gmt":"2019-07-26T10:29:29","guid":{"rendered":"https:\/\/cdiffprom.ch\/produit\/totem-set-mit-bildschirm\/"},"modified":"2019-07-26T12:29:29","modified_gmt":"2019-07-26T10:29:29","slug":"totem-set-mit-bildschirm","status":"publish","type":"product","link":"https:\/\/cdiffprom.ch\/de\/produit\/totem-set-mit-bildschirm\/","title":{"rendered":"Totem-Set mit Bildschirm"},"content":{"rendered":"<h3><span style=\"color: #800000;\"><strong>Totem-Set mit Bildschirm<\/strong><\/span><\/h3>\n<p>Dieses Totem-Set mit Bildschirm ist ideal f\u00fcr die Kommunikation, Pr\u00e4sentation und Anzeige Ihrer Informationen auf effektive Weise!<\/p>\n<p>Dank der verschiedenen Zubeh\u00f6rteile, die separat bestellt werden k\u00f6nnen, eignet sich dieses Totem sowohl f\u00fcr die Pr\u00e4sentation von Katalogen und Werbung als auch f\u00fcr den Verkauf von Produkten in Blisterverpackungen.<\/p>\n<h4><span style=\"color: #800000;\"><strong>Merkmale :<\/strong><\/span><\/h4>\n<ul>\n<li>Totem-Set mit dynamischen Displays auf Standfu\u00df<\/li>\n<li>H 165 cm &#8211; L 50 cm<\/li>\n<li>Sockel Tiefe 40cm<\/li>\n<li>40 mm starke, perforierte Paneele auf &#8222;gew\u00f6lbtem&#8220; Sockel montiert<\/li>\n<li>100%ige Metallkonstruktion mit hochfester Epoxydharzlackierung &#8222;Grau-Aluminium gefrostet&#8220;.<\/li>\n<li>19 Zoll LCD-Videobildschirm schwarz<\/li>\n<li>16:9 Format<\/li>\n<li>Interner Speicher 1 GB<\/li>\n<li>SD- und USB-Kartenleser<\/li>\n<li>Videoschleifen-Player<\/li>\n<li>Gewicht: 27 kg<\/li>\n<\/ul>\n<p>Das Totem wird ohne Zubeh\u00f6r geliefert. Besuchen Sie unsere Seite <span style=\"color: #800000;\"><strong><a style=\"color: #800000;\" href=\"https:\/\/cdiffprom.ch\/produit\/accessoires-pour-totems-bombes-plats\/\">Zubeh\u00f6r f\u00fcr Totems<\/a><\/strong><\/span> finden Sie die passenden Halterungen. <\/p>\n<h4><span style=\"color: #800000;\"><strong>Lieferbedingungen<\/strong><\/span><\/h4>\n<p>Zu Ihrer Information: Nach Eingang Ihres Auftrags sind unsere Produkte innerhalb von etwa zehn Tagen lieferbar.<\/p>\n<p>Z\u00f6gern Sie nicht <u><a href=\"https:\/\/cdiffprom.ch\/elements\/contactez-nous\/\"><span style=\"color: #800000;\"><strong>kontaktieren Sie uns bitte.<\/strong><\/span><\/a><\/u> Wenn Sie einen dringenderen Bedarf haben, haben wir immer eine schnellere L\u00f6sung f\u00fcr Sie und k\u00f6nnen Sie auch \u00fcber Rabatte bei Mengenbestellungen informieren.<\/p>\n<p>Einige Artikel k\u00f6nnen eine l\u00e4ngere Lieferzeit in Anspruch nehmen, da sie nicht auf Lager unseres Lieferanten sind. In diesem Fall werden Sie nach Eingang Ihrer Bestellung benachrichtigt. <\/p>\n<p>Wir liefern versandkostenfrei ab einem Bestellwert von CHF. 500.-. Unterhalb dieses Betrags wird eine Pauschale von CHF. 15,90 zu entrichten. <\/p>\n<p>Bei allen Online-Bestellungen f\u00fchren wir immer einen Telefonanruf durch, um sicherzustellen, dass Sie das richtige Produkt f\u00fcr Ihre Bed\u00fcrfnisse ausgew\u00e4hlt haben. So k\u00f6nnen Sie sicher sein, dass Sie die richtige Wahl treffen. <\/p>\n<p>Bitte beachten Sie, dass die Promo-Codes nicht kumulierbar sind und der Rabatt auf Ihrer Bestellung sichtbar ist.<\/p>\n","protected":false},"excerpt":{"rendered":"<p>Kommunizieren, pr\u00e4sentieren und zeigen Sie Ihre Informationen effektiv! Zahlreiche M\u00f6glichkeiten f\u00fcr Zubeh\u00f6r, um Ihr Totem an Ihre Bed\u00fcrfnisse anzupassen. <\/p>\n","protected":false},"featured_media":102562,"template":"","meta":{"slim_seo":{"title":"Totem-Set mit Bildschirm - Suisse - C.Diff-Prom","description":"Kommunizieren, pr\u00e4sentieren und zeigen Sie Ihre Informationen effektiv! Zahlreiche M\u00f6glichkeiten f\u00fcr Zubeh\u00f6r, um Ihr Totem an Ihre Bed\u00fcrfnisse anzupassen."}},"product_brand":[],"product_cat":[6362,6718],"product_tag":[6719],"class_list":{"0":"post-106726","1":"product","2":"type-product","3":"status-publish","4":"has-post-thumbnail","6":"product_cat-ausstellungen","7":"product_cat-totems-und-lcd-masten","8":"product_tag-totems-und-lcd-masten","10":"first","11":"instock","12":"taxable","13":"shipping-taxable","14":"purchasable","15":"product-type-simple"},"_links":{"self":[{"href":"https:\/\/cdiffprom.ch\/de\/wp-json\/wp\/v2\/product\/106726","targetHints":{"allow":["GET"]}}],"collection":[{"href":"https:\/\/cdiffprom.ch\/de\/wp-json\/wp\/v2\/product"}],"about":[{"href":"https:\/\/cdiffprom.ch\/de\/wp-json\/wp\/v2\/types\/product"}],"wp:featuredmedia":[{"embeddable":true,"href":"https:\/\/cdiffprom.ch\/de\/wp-json\/wp\/v2\/media\/102562"}],"wp:attachment":[{"href":"https:\/\/cdiffprom.ch\/de\/wp-json\/wp\/v2\/media?parent=106726"}],"wp:term":[{"taxonomy":"product_brand","embeddable":true,"href":"https:\/\/cdiffprom.ch\/de\/wp-json\/wp\/v2\/product_brand?post=106726"},{"taxonomy":"product_cat","embeddable":true,"href":"https:\/\/cdiffprom.ch\/de\/wp-json\/wp\/v2\/product_cat?post=106726"},{"taxonomy":"product_tag","embeddable":true,"href":"https:\/\/cdiffprom.ch\/de\/wp-json\/wp\/v2\/product_tag?post=106726"}],"curies":[{"name":"wp","href":"https:\/\/api.w.org\/{rel}","templated":true}]}}