{"id":106730,"date":"2019-07-26T12:29:30","date_gmt":"2019-07-26T10:29:30","guid":{"rendered":"https:\/\/cdiffprom.ch\/produit\/digitaler-totem-10-displaybroschueren\/"},"modified":"2019-07-26T12:29:30","modified_gmt":"2019-07-26T10:29:30","slug":"digitaler-totem-10-displaybroschueren","status":"publish","type":"product","link":"https:\/\/cdiffprom.ch\/de\/produit\/digitaler-totem-10-displaybroschueren\/","title":{"rendered":"Digitaler Totem 10&#8243; Display+Brosch\u00fcren"},"content":{"rendered":"<h3><span style=\"color: #800000;\"><strong>Digitaler Totem 10&#8243; Display+Brosch\u00fcren<br \/>\n<\/strong><\/span><\/h3>\n<p>Dieses digitale Totem mit 10&#8243; Display+Brosch\u00fcren ist ein ideales System, um Ihre Informationen oder Mitteilungen in Ihrem Empfangs- oder Ausstellungsbereich zu pr\u00e4sentieren und anzuzeigen.<\/p>\n<p><span style=\"color: #800000;\"><strong>Merkmale :<\/strong><\/span><\/p>\n<ul>\n<li>Totem-Set mit dynamischen Displays auf Standfu\u00df<\/li>\n<li>10 Zoll LCD-Videobildschirm wei\u00df<\/li>\n<li>16:9 Format<\/li>\n<li>Interner Speicher 1 GB<\/li>\n<li>SD- und USB-Kartenleser<\/li>\n<li>Videowiedergabe in einer Schleife<\/li>\n<li>A3 Clic-Clac-Rahmen aus naturfarbenem eloxiertem Aluminium mit klappbaren Profilen<\/li>\n<li>A4 Prospektst\u00e4nder aus transparentem, eingespritztem Kunststoff<\/li>\n<li>Gesamte Gr\u00f6\u00dfe: H. 160 cm x Durchmesser 36 cm<\/li>\n<li>Gewicht 12 kg<\/li>\n<\/ul>\n<p><span style=\"color: #800000;\"><strong>Lieferbedingungen :<br \/>\n<\/strong><\/span><\/p>\n<p>Alle unsere Produkte sind innerhalb von 10 Tagen nach Eingang Ihrer Bestellung lieferbar. Bitte z\u00f6gern Sie nicht, uns zu kontaktieren. <u><a href=\"https:\/\/cdiffprom.ch\/elements\/contactez-nous\/\"><span style=\"color: #800000;\">uns zu kontaktieren.<\/span><\/a><\/u> Wenn Sie einen dringenderen Bedarf haben, k\u00f6nnen wir Ihnen immer eine schnellere L\u00f6sung anbieten. <\/p>\n<p>Einige Artikel k\u00f6nnen eine l\u00e4ngere Lieferzeit in Anspruch nehmen, da sie nicht auf Lager unseres Lieferanten sind. In diesem Fall werden Sie nach Eingang Ihrer Bestellung benachrichtigt. <\/p>\n<p>Wir liefern versandkostenfrei ab einem Bestellwert von CHF. 500.-. Unterhalb dieses Betrags wird eine Pauschale von CHF. 15,90 zu entrichten. <\/p>\n<p>Bei allen Online-Bestellungen f\u00fchren wir immer einen Telefonanruf durch, um sicherzustellen, dass Sie das richtige Produkt f\u00fcr Ihre Bed\u00fcrfnisse ausgew\u00e4hlt haben. So k\u00f6nnen Sie sicher sein, dass Sie die richtige Wahl treffen. <\/p>\n<p>Bitte beachten Sie, dass die Promo-Codes nicht kumulierbar sind und der Rabatt auf Ihrer Bestellung sichtbar ist.<\/p>\n","protected":false},"excerpt":{"rendered":"<p>Verbreiten Sie Ihre Bilder und Videos!<\/p>\n","protected":false},"featured_media":102570,"template":"","meta":{"slim_seo":{"title":"Digitaler Totem 10\" Display+Brosch\u00fcren - Suisse - C.Diff-Prom","description":"Verbreiten Sie Ihre Bilder und Videos!"}},"product_brand":[],"product_cat":[6362,6718],"product_tag":[6719],"class_list":{"0":"post-106730","1":"product","2":"type-product","3":"status-publish","4":"has-post-thumbnail","6":"product_cat-ausstellungen","7":"product_cat-totems-und-lcd-masten","8":"product_tag-totems-und-lcd-masten","10":"first","11":"instock","12":"taxable","13":"shipping-taxable","14":"purchasable","15":"product-type-simple"},"_links":{"self":[{"href":"https:\/\/cdiffprom.ch\/de\/wp-json\/wp\/v2\/product\/106730","targetHints":{"allow":["GET"]}}],"collection":[{"href":"https:\/\/cdiffprom.ch\/de\/wp-json\/wp\/v2\/product"}],"about":[{"href":"https:\/\/cdiffprom.ch\/de\/wp-json\/wp\/v2\/types\/product"}],"wp:featuredmedia":[{"embeddable":true,"href":"https:\/\/cdiffprom.ch\/de\/wp-json\/wp\/v2\/media\/102570"}],"wp:attachment":[{"href":"https:\/\/cdiffprom.ch\/de\/wp-json\/wp\/v2\/media?parent=106730"}],"wp:term":[{"taxonomy":"product_brand","embeddable":true,"href":"https:\/\/cdiffprom.ch\/de\/wp-json\/wp\/v2\/product_brand?post=106730"},{"taxonomy":"product_cat","embeddable":true,"href":"https:\/\/cdiffprom.ch\/de\/wp-json\/wp\/v2\/product_cat?post=106730"},{"taxonomy":"product_tag","embeddable":true,"href":"https:\/\/cdiffprom.ch\/de\/wp-json\/wp\/v2\/product_tag?post=106730"}],"curies":[{"name":"wp","href":"https:\/\/api.w.org\/{rel}","templated":true}]}}