{"id":106731,"date":"2019-07-26T12:30:55","date_gmt":"2019-07-26T10:30:55","guid":{"rendered":"https:\/\/cdiffprom.ch\/produit\/totem-prospektstaender-8-10-faecher\/"},"modified":"2019-07-26T12:30:55","modified_gmt":"2019-07-26T10:30:55","slug":"totem-prospektstaender-8-10-faecher","status":"publish","type":"product","link":"https:\/\/cdiffprom.ch\/de\/produit\/totem-prospektstaender-8-10-faecher\/","title":{"rendered":"Totem Prospektst\u00e4nder 8\/10 F\u00e4cher"},"content":{"rendered":"<h3><span style=\"color: #800000;\"><strong>Totem Prospektst\u00e4nder 8\/10 F\u00e4cher<\/strong><\/span><\/h3>\n<p>Sie ben\u00f6tigen einen Prospektst\u00e4nder auf einem gew\u00f6lbten, doppelseitigen Sockel mit voller Sichtbarkeit? Dieser Totem-Brosch\u00fcrenst\u00e4nder mit 8\/10 A4-F\u00e4chern entspricht diesen Kriterien! <\/p>\n<p>Dieses Display eignet sich sowohl f\u00fcr Reiseb\u00fcros als auch f\u00fcr Museen und z.B. Autowerkst\u00e4tten.<\/p>\n<h4><span style=\"color: #800000;\"><strong>Merkmale :<\/strong><\/span><\/h4>\n<ul>\n<li>Metallstruktur auf gew\u00f6lbtem Sockel, sehr stabil, pulverbeschichtet in hochfestem Alu-Grau<\/li>\n<li>Transparente Boxen H 25 x B 23 X Dicke 5 cm aus sto\u00dffestem, kristallklarem Polystyrol, h\u00f6henverstellbar alle 25 mm, f\u00fcr alle Dokumente mit einer H\u00f6he von 35 cm.<\/li>\n<li>Gro\u00dfe Kapazit\u00e4t<\/li>\n<li>Installiertes Gesamtgewicht 25 kg<\/li>\n<\/ul>\n<h4><span style=\"color: #800000;\"><strong>2 Modelle zur Auswahl :<\/strong><\/span><\/h4>\n<ul>\n<li>Totem mit 10 A4-F\u00e4chern (5 pro Seite)<\/li>\n<li>Totem mit 8 A4-F\u00e4chern (4 pro Seite) + 2 Werbetr\u00e4ger f\u00fcr Poster 148 x 210 mm, mit Schutz aus entspiegeltem Plexiglas, Magnetbefestigung, H 165 x B 34 x T 40 cm<\/li>\n<\/ul>\n<h4><span style=\"color: #800000;\"><strong>Lieferbedingungen :<br \/>\n<\/strong><\/span><\/h4>\n<p>Zu Ihrer Information: Nach Eingang Ihres Auftrags sind unsere Produkte innerhalb von etwa zehn Tagen lieferbar.<\/p>\n<p>Z\u00f6gern Sie nicht <u><a href=\"https:\/\/cdiffprom.ch\/elements\/contactez-nous\/\"><span style=\"color: #800000;\"><strong>kontaktieren Sie uns bitte.<\/strong><\/span><\/a><\/u> Wenn Sie einen dringenderen Bedarf haben, haben wir immer eine schnellere L\u00f6sung f\u00fcr Sie und k\u00f6nnen Sie auch \u00fcber Rabatte bei Mengenbestellungen informieren.<\/p>\n<p>Einige Artikel k\u00f6nnen eine l\u00e4ngere Lieferzeit in Anspruch nehmen, da sie nicht auf Lager unseres Lieferanten sind. In diesem Fall werden Sie nach Eingang Ihrer Bestellung benachrichtigt. <\/p>\n<p>Wir liefern versandkostenfrei ab einem Bestellwert von CHF. 500.-. Unterhalb dieses Betrags wird eine Pauschale von CHF. 15,90 zu entrichten. <\/p>\n<p>Bei allen Online-Bestellungen f\u00fchren wir immer einen Telefonanruf durch, um sicherzustellen, dass Sie das richtige Produkt f\u00fcr Ihre Bed\u00fcrfnisse ausgew\u00e4hlt haben. So k\u00f6nnen Sie sicher sein, dass Sie die richtige Wahl treffen. <\/p>\n<p>Bitte beachten Sie, dass die Promo-Codes nicht kumulierbar sind und der Rabatt auf Ihrer Bestellung sichtbar ist.<\/p>\n<p>&nbsp;<\/p>\n","protected":false},"excerpt":{"rendered":"<p>Doppelseitiges Totem mit vollst\u00e4ndiger Sichtbarkeit. Sofortiger Zugriff auf Ihre Dokumente. Kapazit\u00e4t von 8 oder 10 A4-F\u00e4chern. Ideal f\u00fcr Reise-\/Tourismusb\u00fcros oder Museen sowie Garagen.   <\/p>\n","protected":false},"featured_media":102582,"template":"","meta":{"slim_seo":{"title":"Totem Prospektst\u00e4nder 8\/10 F\u00e4cher - Suisse - C.Diff-Prom","description":"Doppelseitiges Totem mit vollst\u00e4ndiger Sichtbarkeit. Sofortiger Zugriff auf Ihre Dokumente. Kapazit\u00e4t von 8 oder 10 A4-F\u00e4chern. Ideal f\u00fcr Reise-\/Tourismusb\u00fcros"}},"product_brand":[],"product_cat":[6362,6388,6416,6418],"product_tag":[6730,6580],"class_list":{"0":"post-106731","1":"product","2":"type-product","3":"status-publish","4":"has-post-thumbnail","6":"product_cat-ausstellungen","7":"product_cat-presentoirs","8":"product_cat-totems-broschuren","9":"product_cat-totems-fur-werbung","10":"product_tag-totems-broschueren","11":"product_tag-totems-fur-werbung","12":"pa_specifications-10-felder","13":"pa_specifications-8-felder","15":"first","16":"instock","17":"taxable","18":"shipping-taxable","19":"purchasable","20":"product-type-variable"},"_links":{"self":[{"href":"https:\/\/cdiffprom.ch\/de\/wp-json\/wp\/v2\/product\/106731","targetHints":{"allow":["GET"]}}],"collection":[{"href":"https:\/\/cdiffprom.ch\/de\/wp-json\/wp\/v2\/product"}],"about":[{"href":"https:\/\/cdiffprom.ch\/de\/wp-json\/wp\/v2\/types\/product"}],"wp:featuredmedia":[{"embeddable":true,"href":"https:\/\/cdiffprom.ch\/de\/wp-json\/wp\/v2\/media\/102582"}],"wp:attachment":[{"href":"https:\/\/cdiffprom.ch\/de\/wp-json\/wp\/v2\/media?parent=106731"}],"wp:term":[{"taxonomy":"product_brand","embeddable":true,"href":"https:\/\/cdiffprom.ch\/de\/wp-json\/wp\/v2\/product_brand?post=106731"},{"taxonomy":"product_cat","embeddable":true,"href":"https:\/\/cdiffprom.ch\/de\/wp-json\/wp\/v2\/product_cat?post=106731"},{"taxonomy":"product_tag","embeddable":true,"href":"https:\/\/cdiffprom.ch\/de\/wp-json\/wp\/v2\/product_tag?post=106731"}],"curies":[{"name":"wp","href":"https:\/\/api.w.org\/{rel}","templated":true}]}}