{"id":106735,"date":"2019-07-26T12:29:31","date_gmt":"2019-07-26T10:29:31","guid":{"rendered":"https:\/\/cdiffprom.ch\/produit\/video-saeule-mit-zubehoer\/"},"modified":"2019-07-26T12:29:31","modified_gmt":"2019-07-26T10:29:31","slug":"video-saeule-mit-zubehoer","status":"publish","type":"product","link":"https:\/\/cdiffprom.ch\/de\/produit\/video-saeule-mit-zubehoer\/","title":{"rendered":"Video-S\u00e4ule mit Zubeh\u00f6r"},"content":{"rendered":"<p>Video-S\u00e4ule mit Zubeh\u00f6r<\/p>\n<ul>\n<li>Totem-Set mit dynamischen Displays auf einem St\u00e4nder.<\/li>\n<li>Schildergiebel aus wei\u00dfem Plexiglas 16 x 35 cm Befestigungsset.<\/li>\n<li>Videobildschirm L C D- T F T 19 Zoll schwarz<\/li>\n<li>16:9 Format<\/li>\n<li>Interner Speicher 1<\/li>\n<li>Go<\/li>\n<li>Kartenleser S D und U S B<\/li>\n<li>Videowiedergabe in einer Schleife.<\/li>\n<li>Rahmen Clic- Clac A3 aus naturfarbenem, eloxiertem Aluminium mit klappbaren Profilen.<\/li>\n<li>Schr\u00e4ges Regal G M<\/li>\n<li>Plexi<\/li>\n<li>Gesamtgr\u00f6\u00dfe :<\/li>\n<li>H. 192 cm x<\/li>\n<li>Durchmesser 45 cm<\/li>\n<li>Gewicht 18 kg<\/li>\n<li>Weitere Formate von Plakatrahmen finden Sie unter &#8222;Plakat &#8211; Cadro- Clic&#8220; auf der Website.<\/li>\n<\/ul>\n","protected":false},"excerpt":{"rendered":"<p>Die Kommunikation, die zu Ihnen passt!<\/p>\n","protected":false},"featured_media":102574,"template":"","meta":{"slim_seo":{"title":"Video-S\u00e4ule mit Zubeh\u00f6r - Suisse - C.Diff-Prom","description":"Die Kommunikation, die zu Ihnen passt!"}},"product_brand":[],"product_cat":[6362,6547,6359,6718],"product_tag":[6719],"class_list":{"0":"post-106735","1":"product","2":"type-product","3":"status-publish","4":"has-post-thumbnail","6":"product_cat-ausstellungen","7":"product_cat-digitale-anzeige","8":"product_cat-multimedia-de","9":"product_cat-totems-und-lcd-masten","10":"product_tag-totems-und-lcd-masten","12":"first","13":"instock","14":"taxable","15":"shipping-taxable","16":"purchasable","17":"product-type-simple"},"_links":{"self":[{"href":"https:\/\/cdiffprom.ch\/de\/wp-json\/wp\/v2\/product\/106735","targetHints":{"allow":["GET"]}}],"collection":[{"href":"https:\/\/cdiffprom.ch\/de\/wp-json\/wp\/v2\/product"}],"about":[{"href":"https:\/\/cdiffprom.ch\/de\/wp-json\/wp\/v2\/types\/product"}],"wp:featuredmedia":[{"embeddable":true,"href":"https:\/\/cdiffprom.ch\/de\/wp-json\/wp\/v2\/media\/102574"}],"wp:attachment":[{"href":"https:\/\/cdiffprom.ch\/de\/wp-json\/wp\/v2\/media?parent=106735"}],"wp:term":[{"taxonomy":"product_brand","embeddable":true,"href":"https:\/\/cdiffprom.ch\/de\/wp-json\/wp\/v2\/product_brand?post=106735"},{"taxonomy":"product_cat","embeddable":true,"href":"https:\/\/cdiffprom.ch\/de\/wp-json\/wp\/v2\/product_cat?post=106735"},{"taxonomy":"product_tag","embeddable":true,"href":"https:\/\/cdiffprom.ch\/de\/wp-json\/wp\/v2\/product_tag?post=106735"}],"curies":[{"name":"wp","href":"https:\/\/api.w.org\/{rel}","templated":true}]}}