{"id":106736,"date":"2019-07-26T12:30:56","date_gmt":"2019-07-26T10:30:56","guid":{"rendered":"https:\/\/cdiffprom.ch\/produit\/totem-fuer-ausstellungen-mit-perforierten-platten\/"},"modified":"2019-07-26T12:30:56","modified_gmt":"2019-07-26T10:30:56","slug":"totem-fuer-ausstellungen-mit-perforierten-platten","status":"publish","type":"product","link":"https:\/\/cdiffprom.ch\/de\/produit\/totem-fuer-ausstellungen-mit-perforierten-platten\/","title":{"rendered":"Totem f\u00fcr Ausstellungen mit perforierten Platten"},"content":{"rendered":"<h3><span style=\"color: #800000;\"><strong>Totem Ausstellung perforierte Platten<\/strong><\/span><\/h3>\n<p>Mit diesem Ausstellungsst\u00e4nder aus perforierten Platten k\u00f6nnen Sie Ihre Kataloge, Flyer und\/oder Produkte in Blisterpackungen f\u00fcr alle Ihre Kunden sichtbar pr\u00e4sentieren.<\/p>\n<p>Er eignet sich sowohl f\u00fcr die Einrichtung von Verkaufsbereichen als auch von Empfangs- und Ausstellungsr\u00e4umen.<\/p>\n<p>Der gew\u00f6lbte Sockel mit einer Tiefe von 40 cm sorgt f\u00fcr eine hohe Stabilit\u00e4t.<\/p>\n<p>Dieser St\u00e4nder wird ohne Zubeh\u00f6r geliefert. <span style=\"color: #800000;\"><strong><a style=\"color: #800000;\" href=\"https:\/\/cdiffprom.ch\/produit\/accessoires-pour-totems-bombes-plats\/\">Zubeh\u00f6r f\u00fcr Totems<\/a><\/strong><\/span>Bitte beachten Sie, dass Sie die passenden Halterungen finden k\u00f6nnen.<\/p>\n<h4><span style=\"color: #800000;\"><strong>Merkmale :<\/strong><\/span><\/h4>\n<ul>\n<li>Einzigartige H\u00f6he von 165 cm<\/li>\n<li>2 Breiten der Paneele: 30 oder 50 cm<\/li>\n<li>Beidseitig perforierte Paneele, Dicke 40 mm<\/li>\n<li>100%ige Metallkonstruktion mit hochfester Epoxydharzlackierung &#8222;Grau-Aluminium gefrostet&#8220;.<\/li>\n<\/ul>\n<h4><span style=\"color: #800000;\"><strong>Lieferbedingungen<\/strong><\/span><\/h4>\n<p>Zu Ihrer Information: Nach Eingang Ihres Auftrags sind unsere Produkte innerhalb von etwa zehn Tagen lieferbar.<\/p>\n<p>Z\u00f6gern Sie nicht <span style=\"color: #800000;\"><strong><u><a style=\"color: #800000;\" href=\"https:\/\/cdiffprom.ch\/elements\/contactez-nous\/\">uns zu kontaktieren.<\/a><\/u><\/strong><\/span> Wenn Sie einen dringenderen Bedarf haben, k\u00f6nnen wir Ihnen immer eine schnellere L\u00f6sung anbieten.<\/p>\n<p>Wir sind auch gerne bereit, Ihnen Informationen \u00fcber Mengenrabatte zu geben.<\/p>\n<p>Einige Artikel k\u00f6nnen eine l\u00e4ngere Lieferzeit in Anspruch nehmen, da sie nicht auf Lager unseres Lieferanten sind. In diesem Fall werden Sie nach Eingang Ihrer Bestellung benachrichtigt. <\/p>\n<p>Wir liefern versandkostenfrei ab einem Bestellwert von CHF. 500.-. Unterhalb dieses Betrags wird eine Pauschale von CHF. 15,90 zu entrichten. <\/p>\n<p>Bei allen Online-Bestellungen f\u00fchren wir immer einen Telefonanruf durch, um sicherzustellen, dass Sie das richtige Produkt f\u00fcr Ihre Bed\u00fcrfnisse ausgew\u00e4hlt haben. So k\u00f6nnen Sie sicher sein, dass Sie die richtige Wahl treffen. <\/p>\n<p>Bitte beachten Sie, dass die Promo-Codes nicht kumulierbar sind und der Rabatt auf Ihrer Bestellung sichtbar ist.<\/p>\n","protected":false},"excerpt":{"rendered":"<p>Kommunizieren, pr\u00e4sentieren und zeigen Sie Ihre Informationen Verkaufen Sie Ihre Produkte in Blisterpackungen mit Stiften.<\/p>\n","protected":false},"featured_media":102590,"template":"","meta":{"slim_seo":{"title":"Totem f\u00fcr Ausstellungen mit perforierten Platten - Suisse - C.Diff-Prom","description":"Kommunizieren, pr\u00e4sentieren und zeigen Sie Ihre Informationen Verkaufen Sie Ihre Produkte in Blisterpackungen mit Stiften."}},"product_brand":[],"product_cat":[6388,6416],"product_tag":[6580],"class_list":{"0":"post-106736","1":"product","2":"type-product","3":"status-publish","4":"has-post-thumbnail","6":"product_cat-presentoirs","7":"product_cat-totems-broschuren","8":"product_tag-totems-fur-werbung","10":"first","11":"instock","12":"taxable","13":"shipping-taxable","14":"purchasable","15":"product-type-variable"},"_links":{"self":[{"href":"https:\/\/cdiffprom.ch\/de\/wp-json\/wp\/v2\/product\/106736","targetHints":{"allow":["GET"]}}],"collection":[{"href":"https:\/\/cdiffprom.ch\/de\/wp-json\/wp\/v2\/product"}],"about":[{"href":"https:\/\/cdiffprom.ch\/de\/wp-json\/wp\/v2\/types\/product"}],"wp:featuredmedia":[{"embeddable":true,"href":"https:\/\/cdiffprom.ch\/de\/wp-json\/wp\/v2\/media\/102590"}],"wp:attachment":[{"href":"https:\/\/cdiffprom.ch\/de\/wp-json\/wp\/v2\/media?parent=106736"}],"wp:term":[{"taxonomy":"product_brand","embeddable":true,"href":"https:\/\/cdiffprom.ch\/de\/wp-json\/wp\/v2\/product_brand?post=106736"},{"taxonomy":"product_cat","embeddable":true,"href":"https:\/\/cdiffprom.ch\/de\/wp-json\/wp\/v2\/product_cat?post=106736"},{"taxonomy":"product_tag","embeddable":true,"href":"https:\/\/cdiffprom.ch\/de\/wp-json\/wp\/v2\/product_tag?post=106736"}],"curies":[{"name":"wp","href":"https:\/\/api.w.org\/{rel}","templated":true}]}}