{"id":106739,"date":"2019-07-26T12:30:57","date_gmt":"2019-07-26T10:30:57","guid":{"rendered":"https:\/\/cdiffprom.ch\/produit\/individuell-gestaltbare-totems-fuer-ausstellungen\/"},"modified":"2019-07-26T12:30:57","modified_gmt":"2019-07-26T10:30:57","slug":"individuell-gestaltbare-totems-fuer-ausstellungen","status":"publish","type":"product","link":"https:\/\/cdiffprom.ch\/de\/produit\/individuell-gestaltbare-totems-fuer-ausstellungen\/","title":{"rendered":"Individuell gestaltbare Totems f\u00fcr Ausstellungen"},"content":{"rendered":"<h3><span style=\"color: #800000;\"><strong>Individuell gestaltbare, gew\u00f6lbte Totems f\u00fcr Ausstellungen<\/strong><\/span><\/h3>\n<p>Mit diesem individuell gestaltbaren, gew\u00f6lbten Ausstellungs-Totem k\u00f6nnen Sie Ihre Kataloge, Flyer oder Poster Ihren verschiedenen Kunden sichtbar pr\u00e4sentieren.<\/p>\n<p>Dar\u00fcber hinaus k\u00f6nnen Sie auf der gesamten Fl\u00e4che magnetische Posterhalter anbringen.<\/p>\n<p>Er eignet sich daher sowohl f\u00fcr die Einrichtung von Verkaufs-, Empfangs- und Ausstellungsbereichen.<\/p>\n<p>Der ovale Sockel sorgt f\u00fcr eine hohe Stabilit\u00e4t.<\/p>\n<p>Dieser St\u00e4nder wird ohne Zubeh\u00f6r geliefert. Besuchen Sie unsere Seite <span style=\"color: #800000;\"><strong><a style=\"color: #800000;\" href=\"https:\/\/cdiffprom.ch\/produit\/accessoires-pour-totems-bombes-plats\/\">Zubeh\u00f6r f\u00fcr Totems<\/a><\/strong><\/span>Hier finden Sie die passenden Halterungen. <\/p>\n<h4><span style=\"color: #800000;\"><strong>Merkmale <\/strong><\/span>:<\/h4>\n<ul>\n<li>3 Modelle zur Auswahl<\/li>\n<li>Einseitige oder doppelseitige Nutzung<\/li>\n<li>Sehr stabil<\/li>\n<li>Beidseitige Mehrfachlochung f\u00fcr Prospektst\u00e4nder<\/li>\n<li>Epoxydharzlackiert &#8222;Grau-Aluminium&#8220;.<\/li>\n<\/ul>\n<h4><span style=\"color: #800000;\"><strong>Lieferbedingungen<\/strong><\/span><\/h4>\n<p>Zu Ihrer Information: Nach Eingang Ihres Auftrags sind unsere Produkte innerhalb von etwa zehn Tagen lieferbar.<\/p>\n<p>Z\u00f6gern Sie nicht <u><a href=\"https:\/\/cdiffprom.ch\/elements\/contactez-nous\/\"><span style=\"color: #800000;\"><strong>uns zu kontaktieren.<\/strong><\/span><\/a><\/u> Wenn Sie einen dringenderen Bedarf haben, k\u00f6nnen wir Ihnen immer eine schnellere L\u00f6sung anbieten.<\/p>\n<p>Wir sind auch gerne bereit, Ihnen Informationen \u00fcber Mengenrabatte zu geben.<\/p>\n<p>Einige Artikel k\u00f6nnen eine l\u00e4ngere Lieferzeit in Anspruch nehmen, da sie nicht auf Lager unseres Lieferanten sind. In diesem Fall werden Sie nach Eingang Ihrer Bestellung benachrichtigt. <\/p>\n<p>Wir liefern versandkostenfrei ab einem Bestellwert von CHF. 500.-. Unterhalb dieses Betrags wird eine Pauschale von CHF. 15,90 zu entrichten. <\/p>\n<p>Bei allen Online-Bestellungen f\u00fchren wir immer einen Telefonanruf durch, um sicherzustellen, dass Sie das richtige Produkt f\u00fcr Ihre Bed\u00fcrfnisse ausgew\u00e4hlt haben. So k\u00f6nnen Sie sicher sein, dass Sie die richtige Wahl treffen. <\/p>\n<p>Bitte beachten Sie, dass die Promo-Codes nicht kumulierbar sind und der Rabatt auf Ihrer Bestellung sichtbar ist.<\/p>\n","protected":false},"excerpt":{"rendered":"<p>Gew\u00f6lbtes Totem f\u00fcr die Kommunikation, Pr\u00e4sentation und Anzeige Ihrer Informationen. Beidseitig perforiert und mit der M\u00f6glichkeit, magnetische Posterhalter anzubringen. <\/p>\n","protected":false},"featured_media":102592,"template":"","meta":{"slim_seo":{"title":"Individuell gestaltbare Totems f\u00fcr Ausstellungen - Suisse - C.Diff-Prom","description":"Gew\u00f6lbtes Totem f\u00fcr die Kommunikation, Pr\u00e4sentation und Anzeige Ihrer Informationen. Beidseitig perforiert und mit der M\u00f6glichkeit, magnetische Posterhalter anz"}},"product_brand":[],"product_cat":[6388,6416],"product_tag":[6730,6580],"class_list":{"0":"post-106739","1":"product","2":"type-product","3":"status-publish","4":"has-post-thumbnail","6":"product_cat-presentoirs","7":"product_cat-totems-broschuren","8":"product_tag-totems-broschueren","9":"product_tag-totems-fur-werbung","11":"first","12":"instock","13":"taxable","14":"shipping-taxable","15":"purchasable","16":"product-type-variable"},"_links":{"self":[{"href":"https:\/\/cdiffprom.ch\/de\/wp-json\/wp\/v2\/product\/106739","targetHints":{"allow":["GET"]}}],"collection":[{"href":"https:\/\/cdiffprom.ch\/de\/wp-json\/wp\/v2\/product"}],"about":[{"href":"https:\/\/cdiffprom.ch\/de\/wp-json\/wp\/v2\/types\/product"}],"wp:featuredmedia":[{"embeddable":true,"href":"https:\/\/cdiffprom.ch\/de\/wp-json\/wp\/v2\/media\/102592"}],"wp:attachment":[{"href":"https:\/\/cdiffprom.ch\/de\/wp-json\/wp\/v2\/media?parent=106739"}],"wp:term":[{"taxonomy":"product_brand","embeddable":true,"href":"https:\/\/cdiffprom.ch\/de\/wp-json\/wp\/v2\/product_brand?post=106739"},{"taxonomy":"product_cat","embeddable":true,"href":"https:\/\/cdiffprom.ch\/de\/wp-json\/wp\/v2\/product_cat?post=106739"},{"taxonomy":"product_tag","embeddable":true,"href":"https:\/\/cdiffprom.ch\/de\/wp-json\/wp\/v2\/product_tag?post=106739"}],"curies":[{"name":"wp","href":"https:\/\/api.w.org\/{rel}","templated":true}]}}