{"id":106749,"date":"2019-07-26T12:34:08","date_gmt":"2019-07-26T10:34:08","guid":{"rendered":"https:\/\/cdiffprom.ch\/produit\/transportwagen-fuer-gitter\/"},"modified":"2019-07-26T12:34:08","modified_gmt":"2019-07-26T10:34:08","slug":"transportwagen-fuer-gitter","status":"publish","type":"product","link":"https:\/\/cdiffprom.ch\/de\/produit\/transportwagen-fuer-gitter\/","title":{"rendered":"Transportwagen f\u00fcr Gitter"},"content":{"rendered":"<h3><span style=\"color: #800000;\"><strong>Transportwagen f\u00fcr Gitter<\/strong><\/span><\/h3>\n<p>Dieser robuste Transportwagen f\u00fcr Gitter wird Ihnen viele Dienste leisten, um Ihre verschiedenen Gitter zu bewegen, zu transportieren oder zu lagern, z.B. bei Ausstellungen oder Messen.<\/p>\n<h4><span style=\"color: #800000;\"><strong>Merkmale :<\/strong><\/span><\/h4>\n<ul>\n<li>schwarz pulverbeschichtetes, hochfestes Stahlrohrgestell 40 x 40 mm auf 4 verst\u00e4rkten Rollen (Durchmesser 12 cm), davon 2 mit Bremse<\/li>\n<li>Horizontale H\u00e4ngestangen aus Rohr 20 x 20 mm<\/li>\n<li>geeignet f\u00fcr alle Arten von Gittern, aber mit einer Mindestl\u00e4nge von 160 cm<\/li>\n<li><span style=\"color: #800000;\">Kapazit\u00e4t der Gitter<\/span>:<\/li>\n<li>&#8211; mit r\u00f6hrenf\u00f6rmigem Rahmen\/G\u00fcrtel: 24 Gitter<\/li>\n<li>&#8211; mit Stahldrahtverst\u00e4rkung\/-umrandung: 30 Roste<\/li>\n<li>Leergewicht 30 kg<\/li>\n<li>zerlegt geliefert mit Schnellbauanleitung<\/li>\n<\/ul>\n<h4><strong><span style=\"color: #800000;\">Lieferbedingungen :<br \/>\n<\/span><\/strong><\/h4>\n<p>Zu Ihrer Information: Nach Eingang Ihres Auftrags sind unsere Produkte innerhalb von etwa zehn Tagen lieferbar.<\/p>\n<p>Z\u00f6gern Sie nicht <u><a href=\"https:\/\/cdiffprom.ch\/elements\/contactez-nous\/\"><span style=\"color: #800000;\"><strong>uns zu kontaktieren.<\/strong><\/span><\/a><\/u> Wenn Sie einen dringenderen Bedarf haben, k\u00f6nnen wir Ihnen immer eine schnellere L\u00f6sung anbieten.<\/p>\n<p>Wir sind auch gerne bereit, Ihnen Informationen \u00fcber Mengenrabatte zu geben.<\/p>\n<p>Einige Artikel k\u00f6nnen eine l\u00e4ngere Lieferzeit in Anspruch nehmen, da sie nicht auf Lager unseres Lieferanten sind. In diesem Fall werden Sie nach Eingang Ihrer Bestellung benachrichtigt. <\/p>\n<p>Wir liefern versandkostenfrei ab einem Bestellwert von CHF. 500.-. Unterhalb dieses Betrags wird eine Pauschale von CHF. 15,90 zu entrichten. <\/p>\n<p>Bei allen Online-Bestellungen f\u00fchren wir immer einen Telefonanruf durch, um sicherzustellen, dass Sie das richtige Produkt f\u00fcr Ihre Bed\u00fcrfnisse ausgew\u00e4hlt haben. So k\u00f6nnen Sie sicher sein, dass Sie die richtige Wahl treffen. <\/p>\n<p>Bitte beachten Sie, dass die Promo-Codes nicht kumulierbar sind und der Rabatt auf Ihrer Bestellung sichtbar ist.<\/p>\n<p>&nbsp;<\/p>\n","protected":false},"excerpt":{"rendered":"<p>Ideal zum Aufbewahren, Bewegen und Transportieren Ihrer Ausstellungsgitter! Dieser Wagen ist mit 4 Rollen ausgestattet, von denen 2 gebremst sind. <\/p>\n","protected":false},"featured_media":102620,"template":"","meta":{"slim_seo":{"title":"Transportwagen f\u00fcr Gitter - Suisse - C.Diff-Prom","description":"Ideal zum Aufbewahren, Bewegen und Transportieren Ihrer Ausstellungsgitter! Dieser Wagen ist mit 4 Rollen ausgestattet, von denen 2 gebremst sind."}},"product_brand":[],"product_cat":[6362,6347,6390,6408],"product_tag":[6496,6539],"class_list":{"0":"post-106749","1":"product","2":"type-product","3":"status-publish","4":"has-post-thumbnail","6":"product_cat-ausstellungen","7":"product_cat-behalter-wagen","8":"product_cat-ranking","9":"product_cat-zubehor-fur-gitter","10":"product_tag-behalter-wagen","11":"product_tag-zubehor-fur-gitter","13":"first","14":"instock","15":"taxable","16":"shipping-taxable","17":"purchasable","18":"product-type-simple"},"_links":{"self":[{"href":"https:\/\/cdiffprom.ch\/de\/wp-json\/wp\/v2\/product\/106749","targetHints":{"allow":["GET"]}}],"collection":[{"href":"https:\/\/cdiffprom.ch\/de\/wp-json\/wp\/v2\/product"}],"about":[{"href":"https:\/\/cdiffprom.ch\/de\/wp-json\/wp\/v2\/types\/product"}],"wp:featuredmedia":[{"embeddable":true,"href":"https:\/\/cdiffprom.ch\/de\/wp-json\/wp\/v2\/media\/102620"}],"wp:attachment":[{"href":"https:\/\/cdiffprom.ch\/de\/wp-json\/wp\/v2\/media?parent=106749"}],"wp:term":[{"taxonomy":"product_brand","embeddable":true,"href":"https:\/\/cdiffprom.ch\/de\/wp-json\/wp\/v2\/product_brand?post=106749"},{"taxonomy":"product_cat","embeddable":true,"href":"https:\/\/cdiffprom.ch\/de\/wp-json\/wp\/v2\/product_cat?post=106749"},{"taxonomy":"product_tag","embeddable":true,"href":"https:\/\/cdiffprom.ch\/de\/wp-json\/wp\/v2\/product_tag?post=106749"}],"curies":[{"name":"wp","href":"https:\/\/api.w.org\/{rel}","templated":true}]}}