{"id":106752,"date":"2019-07-26T12:34:09","date_gmt":"2019-07-26T10:34:09","guid":{"rendered":"https:\/\/cdiffprom.ch\/produit\/led-spots-fuer-gitter-paneele\/"},"modified":"2019-07-26T12:34:09","modified_gmt":"2019-07-26T10:34:09","slug":"led-spots-fuer-gitter-paneele","status":"publish","type":"product","link":"https:\/\/cdiffprom.ch\/de\/produit\/led-spots-fuer-gitter-paneele\/","title":{"rendered":"Led-Spots f\u00fcr Gitter\/Paneele"},"content":{"rendered":"<ul>\n<li>Mast L\u00e4nge 40 cm Metallgeh\u00e4use mit Gelenk<\/li>\n<li>Von unten nach oben und von rechts nach links drehbar<\/li>\n<li>Lampe L E<\/li>\n<li>D 11 W (110 Watt Halogen-\u00c4quivalent)<\/li>\n<li>Helligkeit 1100 Lumen, Temperatur 4200 Kelvin<\/li>\n<li>Lebensdauer: 7.000 Stunden<\/li>\n<li>Stromkabel 3,40 m<\/li>\n<li>F\u00fcr alle Arten von Metallgittern, Plakatw\u00e4nden, flach oder zylindrisch 2 Ausf\u00fchrungen :<\/li>\n<li>Schwarz oder Hellgrau<\/li>\n<li>Vollst\u00e4ndiges Gewicht: 400 g<\/li>\n<\/ul>\n","protected":false},"excerpt":{"rendered":"<p>Flexibler Spot zur Beleuchtung aller Arten von Gittern und Schildern auf Ausstellungen<\/p>\n","protected":false},"featured_media":102624,"template":"","meta":{"slim_seo":{"title":"Led-Spots f\u00fcr Gitter\/Paneele - Suisse - C.Diff-Prom","description":"Flexibler Spot zur Beleuchtung aller Arten von Gittern und Schildern auf Ausstellungen"}},"product_brand":[],"product_cat":[6362,6408],"product_tag":[6539],"class_list":{"0":"post-106752","1":"product","2":"type-product","3":"status-publish","4":"has-post-thumbnail","6":"product_cat-ausstellungen","7":"product_cat-zubehor-fur-gitter","8":"product_tag-zubehor-fur-gitter","9":"pa_couleurs-schwarz-matt","10":"pa_couleurs-silbergrau","11":"pa_specifications-befestigung-abgerundeter-rohre","12":"pa_specifications-rechtwinkelige-befestigung","14":"first","15":"instock","16":"taxable","17":"shipping-taxable","18":"purchasable","19":"product-type-variable"},"_links":{"self":[{"href":"https:\/\/cdiffprom.ch\/de\/wp-json\/wp\/v2\/product\/106752","targetHints":{"allow":["GET"]}}],"collection":[{"href":"https:\/\/cdiffprom.ch\/de\/wp-json\/wp\/v2\/product"}],"about":[{"href":"https:\/\/cdiffprom.ch\/de\/wp-json\/wp\/v2\/types\/product"}],"wp:featuredmedia":[{"embeddable":true,"href":"https:\/\/cdiffprom.ch\/de\/wp-json\/wp\/v2\/media\/102624"}],"wp:attachment":[{"href":"https:\/\/cdiffprom.ch\/de\/wp-json\/wp\/v2\/media?parent=106752"}],"wp:term":[{"taxonomy":"product_brand","embeddable":true,"href":"https:\/\/cdiffprom.ch\/de\/wp-json\/wp\/v2\/product_brand?post=106752"},{"taxonomy":"product_cat","embeddable":true,"href":"https:\/\/cdiffprom.ch\/de\/wp-json\/wp\/v2\/product_cat?post=106752"},{"taxonomy":"product_tag","embeddable":true,"href":"https:\/\/cdiffprom.ch\/de\/wp-json\/wp\/v2\/product_tag?post=106752"}],"curies":[{"name":"wp","href":"https:\/\/api.w.org\/{rel}","templated":true}]}}