{"id":106769,"date":"2019-07-26T12:32:34","date_gmt":"2019-07-26T10:32:34","guid":{"rendered":"https:\/\/cdiffprom.ch\/produit\/wandvitrine-mit-spiegelrueckwand\/"},"modified":"2019-07-26T12:32:34","modified_gmt":"2019-07-26T10:32:34","slug":"wandvitrine-mit-spiegelrueckwand","status":"publish","type":"product","link":"https:\/\/cdiffprom.ch\/de\/produit\/wandvitrine-mit-spiegelrueckwand\/","title":{"rendered":"Wandvitrine mit Spiegelr\u00fcckwand"},"content":{"rendered":"<h3><span style=\"color: #800000;\"><strong>Wandvitrine mit Spiegelr\u00fcckwand<\/strong><\/span><\/h3>\n<p>Diese Wandvitrine mit Spiegelr\u00fcckwand erm\u00f6glicht es Ihnen, Ihre verschiedenen Objekte und Artikel auszustellen.<\/p>\n<p>So werden sie z.B. in Wartezimmern, Empfangshallen oder Museen hervorgehoben.<\/p>\n<h4><span style=\"color: #800000;\"><strong>Merkmale :<\/strong><\/span><\/h4>\n<ul>\n<li>2 feste Regale, d.h. 3 Ebenen, keine Spots<\/li>\n<li>Wandbefestigung mit 2 starken Metallwinkeln<\/li>\n<li>100% aus Glas hergestellt<\/li>\n<li>5 mm dickes, geh\u00e4rtetes Sicherheitsglas<\/li>\n<li>Schiebet\u00fcren mit 2-Schl\u00fcssel-Schloss<\/li>\n<li>Abstand zwischen den Regalb\u00f6den von unten: 22, 22 und 10 cm<\/li>\n<li>H 55 x B 78 x T 25 cm<\/li>\n<li>Spiegelr\u00fcckwand<\/li>\n<\/ul>\n<h4><span style=\"color: #800000;\"><strong>Lieferbedingungen :<br \/>\n<\/strong><\/span><\/h4>\n<p>Zu Ihrer Information: Sobald wir Ihren Auftrag erhalten haben, ist dieser Schaukasten innerhalb von ca. 3 bis 4 Wochen lieferbar.<\/p>\n<p>Z\u00f6gern Sie nicht <u><a href=\"https:\/\/cdiffprom.ch\/elements\/contactez-nous\/\"><strong><span style=\"color: #800000;\">kontaktieren Sie uns bitte.<\/span><\/strong><\/a><\/u> Wenn Sie einen dringenderen Bedarf haben, haben wir immer eine schnellere L\u00f6sung f\u00fcr Sie und k\u00f6nnen Sie auch \u00fcber Rabatte bei Mengenbestellungen informieren.<\/p>\n<p>Wir liefern versandkostenfrei ab einem Bestellwert von CHF. 500.-. Unterhalb dieses Betrags wird eine Pauschale von CHF. 15,90 zu entrichten. <\/p>\n<p>Bei allen Online-Bestellungen f\u00fchren wir immer einen Telefonanruf durch, um sicherzustellen, dass Sie das richtige Produkt f\u00fcr Ihre Bed\u00fcrfnisse ausgew\u00e4hlt haben. So k\u00f6nnen Sie sicher sein, dass Sie die richtige Wahl treffen. <\/p>\n<p>Bitte beachten Sie, dass die Promo-Codes nicht kumulierbar sind und der Rabatt auf Ihrer Bestellung sichtbar ist.<\/p>\n","protected":false},"excerpt":{"rendered":"<p>Sch\u00fctzen Sie Ihre Wertgegenst\u00e4nde, indem Sie sie sicher vor Ihren Kunden ausstellen.<\/p>\n<p>Wenn Sie \u00fcber eine Bodenfl\u00e4che verf\u00fcgen, schauen Sie sich auch unsere Vitrinen an.<span style=\"color: #800000;\"><strong><a style=\"color: #800000;\" href=\"https:\/\/cdiffprom.ch\/produit\/vitrine-comptoir-sur-roulettes\/\"> Thekenvitrinen mit Glasdach. <\/a><\/strong><\/span><\/p>\n<p>Fragen zur Installation, Mengenrabatte: <span style=\"color: #800000;\"><strong><a style=\"color: #800000;\" href=\"https:\/\/cdiffprom.ch\/elements\/contactez-nous\/\"> Fragen Sie uns!<\/a><\/strong><\/span><\/p>\n<p>&nbsp;<\/p>\n","protected":false},"featured_media":102606,"template":"","meta":{"slim_seo":{"title":"Wandvitrine mit Spiegelr\u00fcckwand - Suisse - C.Diff-Prom","description":"Sch\u00fctzen Sie Ihre Wertgegenst\u00e4nde, indem Sie sie sicher vor Ihren Kunden ausstellen. Wenn Sie \u00fcber eine Bodenfl\u00e4che verf\u00fcgen, schauen Sie sich auch unsere Vitri"}},"product_brand":[],"product_cat":[6362,6419],"product_tag":[6734],"class_list":{"0":"post-106769","1":"product","2":"type-product","3":"status-publish","4":"has-post-thumbnail","6":"product_cat-ausstellungen","7":"product_cat-ausstellungsvitrinen","8":"product_tag-glasvitrinen","10":"first","11":"instock","12":"taxable","13":"shipping-taxable","14":"purchasable","15":"product-type-simple"},"_links":{"self":[{"href":"https:\/\/cdiffprom.ch\/de\/wp-json\/wp\/v2\/product\/106769","targetHints":{"allow":["GET"]}}],"collection":[{"href":"https:\/\/cdiffprom.ch\/de\/wp-json\/wp\/v2\/product"}],"about":[{"href":"https:\/\/cdiffprom.ch\/de\/wp-json\/wp\/v2\/types\/product"}],"wp:featuredmedia":[{"embeddable":true,"href":"https:\/\/cdiffprom.ch\/de\/wp-json\/wp\/v2\/media\/102606"}],"wp:attachment":[{"href":"https:\/\/cdiffprom.ch\/de\/wp-json\/wp\/v2\/media?parent=106769"}],"wp:term":[{"taxonomy":"product_brand","embeddable":true,"href":"https:\/\/cdiffprom.ch\/de\/wp-json\/wp\/v2\/product_brand?post=106769"},{"taxonomy":"product_cat","embeddable":true,"href":"https:\/\/cdiffprom.ch\/de\/wp-json\/wp\/v2\/product_cat?post=106769"},{"taxonomy":"product_tag","embeddable":true,"href":"https:\/\/cdiffprom.ch\/de\/wp-json\/wp\/v2\/product_tag?post=106769"}],"curies":[{"name":"wp","href":"https:\/\/api.w.org\/{rel}","templated":true}]}}