{"id":106770,"date":"2019-07-26T12:34:11","date_gmt":"2019-07-26T10:34:11","guid":{"rendered":"https:\/\/cdiffprom.ch\/produit\/prospektstaender-fuer-gitter\/"},"modified":"2019-07-26T12:34:11","modified_gmt":"2019-07-26T10:34:11","slug":"prospektstaender-fuer-gitter","status":"publish","type":"product","link":"https:\/\/cdiffprom.ch\/de\/produit\/prospektstaender-fuer-gitter\/","title":{"rendered":"Prospektst\u00e4nder f\u00fcr Gitter"},"content":{"rendered":"<ul>\n<li>Verwendung auf Ausstellungsgittern f\u00fcr die Pr\u00e4sentation und Verteilung von Dokumenten<\/li>\n<li>Wei\u00dfer Draht<\/li>\n<li>Fassungsverm\u00f6gen 4 cm Dokumente<\/li>\n<\/ul>\n","protected":false},"excerpt":{"rendered":"<p>Verwendung auf Ausstellungsgittern f\u00fcr die Pr\u00e4sentation und Verteilung von Dokumenten Wei\u00dfer Draht Fassungsverm\u00f6gen 4 cm Dokumente<\/p>\n","protected":false},"featured_media":102634,"template":"","meta":{"slim_seo":{"title":"Prospektst\u00e4nder f\u00fcr Gitter - Suisse - C.Diff-Prom","description":"Verwendung auf Ausstellungsgittern f\u00fcr die Pr\u00e4sentation und Verteilung von Dokumenten Wei\u00dfer Draht Fassungsverm\u00f6gen 4 cm Dokumente"}},"product_brand":[],"product_cat":[6362,6408],"product_tag":[6539],"class_list":{"0":"post-106770","1":"product","2":"type-product","3":"status-publish","4":"has-post-thumbnail","6":"product_cat-ausstellungen","7":"product_cat-zubehor-fur-gitter","8":"product_tag-zubehor-fur-gitter","10":"first","11":"instock","12":"taxable","13":"shipping-taxable","14":"purchasable","15":"product-type-variable"},"_links":{"self":[{"href":"https:\/\/cdiffprom.ch\/de\/wp-json\/wp\/v2\/product\/106770","targetHints":{"allow":["GET"]}}],"collection":[{"href":"https:\/\/cdiffprom.ch\/de\/wp-json\/wp\/v2\/product"}],"about":[{"href":"https:\/\/cdiffprom.ch\/de\/wp-json\/wp\/v2\/types\/product"}],"wp:featuredmedia":[{"embeddable":true,"href":"https:\/\/cdiffprom.ch\/de\/wp-json\/wp\/v2\/media\/102634"}],"wp:attachment":[{"href":"https:\/\/cdiffprom.ch\/de\/wp-json\/wp\/v2\/media?parent=106770"}],"wp:term":[{"taxonomy":"product_brand","embeddable":true,"href":"https:\/\/cdiffprom.ch\/de\/wp-json\/wp\/v2\/product_brand?post=106770"},{"taxonomy":"product_cat","embeddable":true,"href":"https:\/\/cdiffprom.ch\/de\/wp-json\/wp\/v2\/product_cat?post=106770"},{"taxonomy":"product_tag","embeddable":true,"href":"https:\/\/cdiffprom.ch\/de\/wp-json\/wp\/v2\/product_tag?post=106770"}],"curies":[{"name":"wp","href":"https:\/\/api.w.org\/{rel}","templated":true}]}}