{"id":106775,"date":"2019-07-26T12:36:26","date_gmt":"2019-07-26T10:36:26","guid":{"rendered":"https:\/\/cdiffprom.ch\/produit\/vertikale-staffelei-mit-zwei-seiten\/"},"modified":"2019-07-26T12:36:26","modified_gmt":"2019-07-26T10:36:26","slug":"vertikale-staffelei-mit-zwei-seiten","status":"publish","type":"product","link":"https:\/\/cdiffprom.ch\/de\/produit\/vertikale-staffelei-mit-zwei-seiten\/","title":{"rendered":"Vertikale Staffelei mit zwei Seiten"},"content":{"rendered":"<h3><span style=\"color: #800000;\"><strong>Vertikale Staffelei mit zwei Seiten<\/strong><\/span><\/h3>\n<p>Mit diesem zweiseitigen Flipchart k\u00f6nnen Sie Ihre Kunden oder Mitarbeiter leicht mit Informationen oder Aktionen des Tages versorgen.<\/p>\n<p>Dieses Bild eignet sich f\u00fcr viele Bereiche, z.B. :<\/p>\n<ul>\n<li>verschiedene Empfangstheken oder B\u00fcros: Name der Person, Datum der Sitzung<\/li>\n<li>Autowerkst\u00e4tten: Informieren Sie Ihre Besucher \u00fcber die \u00d6ffnungszeiten<\/li>\n<li>Reiseb\u00fcros: die Sonderangebote des Monats<\/li>\n<li>Restaurants: Tagesmen\u00fc<\/li>\n<li>Institute: Angebot von Schlankheitsprogrammen, Produktangebot<\/li>\n<\/ul>\n<p><strong><span style=\"color: #800000;\">Merkmale :<\/span><\/strong><\/p>\n<ul>\n<li>doppelseitiges starres Plexiglas, in das Sie Ihr Bild einf\u00fcgen k\u00f6nnen<\/li>\n<li>auf Sockel aus eloxiertem Aluminium, naturfarben<\/li>\n<li>viele Formate verf\u00fcgbar, sowohl im Hoch- als auch im Querformat<\/li>\n<li>sehr stabil<\/li>\n<\/ul>\n<p><span style=\"color: #800000;\"><strong>Lieferbedingungen :<br \/>\n<\/strong><\/span><\/p>\n<p>Alle unsere Produkte sind innerhalb von 10 Tagen nach Eingang Ihrer Bestellung lieferbar. Bitte z\u00f6gern Sie nicht, uns zu kontaktieren. <u><a href=\"https:\/\/cdiffprom.ch\/elements\/contactez-nous\/\"><span style=\"color: #800000;\">uns zu kontaktieren.<\/span><\/a><\/u> Wenn Sie einen dringenderen Bedarf haben, k\u00f6nnen wir Ihnen immer eine schnellere L\u00f6sung anbieten. <\/p>\n<p>Einige Artikel k\u00f6nnen eine l\u00e4ngere Lieferzeit in Anspruch nehmen, da sie nicht auf Lager unseres Lieferanten sind. In diesem Fall werden Sie nach Eingang Ihrer Bestellung benachrichtigt. <\/p>\n<p>Wir liefern versandkostenfrei ab einem Bestellwert von CHF. 500.-. Unterhalb dieses Betrags wird eine Pauschale von CHF. 15,90 zu entrichten. <\/p>\n<p>Bei allen Online-Bestellungen f\u00fchren wir immer einen Telefonanruf durch, um sicherzustellen, dass Sie das richtige Produkt f\u00fcr Ihre Bed\u00fcrfnisse ausgew\u00e4hlt haben. So k\u00f6nnen Sie sicher sein, dass Sie die richtige Wahl treffen. <\/p>\n<p>Bitte beachten Sie, dass die Promo-Codes nicht kumulierbar sind und der Rabatt auf Ihrer Bestellung sichtbar ist.<\/p>\n<p>&nbsp;<\/p>\n","protected":false},"excerpt":{"rendered":"<p>Doppelseitiges Sehen, einfache Aktualisierung Ihrer Bilder<\/p>\n","protected":false},"featured_media":101604,"template":"","meta":{"slim_seo":{"title":"Vertikale Staffelei mit zwei Seiten - Suisse - C.Diff-Prom","description":"Doppelseitiges Sehen, einfache Aktualisierung Ihrer Bilder"}},"product_brand":[],"product_cat":[6342,6355,6405,6344],"product_tag":[6406],"class_list":{"0":"post-106775","1":"product","2":"type-product","3":"status-publish","4":"has-post-thumbnail","6":"product_cat-anzeige","7":"product_cat-konferenz","8":"product_cat-namensschilder","9":"product_cat-visitenkartenhalter-theken","10":"product_tag-namensschilder","12":"first","13":"instock","14":"taxable","15":"shipping-taxable","16":"purchasable","17":"product-type-variable"},"_links":{"self":[{"href":"https:\/\/cdiffprom.ch\/de\/wp-json\/wp\/v2\/product\/106775","targetHints":{"allow":["GET"]}}],"collection":[{"href":"https:\/\/cdiffprom.ch\/de\/wp-json\/wp\/v2\/product"}],"about":[{"href":"https:\/\/cdiffprom.ch\/de\/wp-json\/wp\/v2\/types\/product"}],"wp:featuredmedia":[{"embeddable":true,"href":"https:\/\/cdiffprom.ch\/de\/wp-json\/wp\/v2\/media\/101604"}],"wp:attachment":[{"href":"https:\/\/cdiffprom.ch\/de\/wp-json\/wp\/v2\/media?parent=106775"}],"wp:term":[{"taxonomy":"product_brand","embeddable":true,"href":"https:\/\/cdiffprom.ch\/de\/wp-json\/wp\/v2\/product_brand?post=106775"},{"taxonomy":"product_cat","embeddable":true,"href":"https:\/\/cdiffprom.ch\/de\/wp-json\/wp\/v2\/product_cat?post=106775"},{"taxonomy":"product_tag","embeddable":true,"href":"https:\/\/cdiffprom.ch\/de\/wp-json\/wp\/v2\/product_tag?post=106775"}],"curies":[{"name":"wp","href":"https:\/\/api.w.org\/{rel}","templated":true}]}}