{"id":106791,"date":"2019-07-26T12:34:13","date_gmt":"2019-07-26T10:34:13","guid":{"rendered":"https:\/\/cdiffprom.ch\/produit\/schraege-ablage-fuer-das-gitter\/"},"modified":"2019-07-26T12:34:13","modified_gmt":"2019-07-26T10:34:13","slug":"schraege-ablage-fuer-das-gitter","status":"publish","type":"product","link":"https:\/\/cdiffprom.ch\/de\/produit\/schraege-ablage-fuer-das-gitter\/","title":{"rendered":"Schr\u00e4ge Ablage f\u00fcr das Gitter"},"content":{"rendered":"<ul>\n<li>F\u00fcr die Pr\u00e4sentation von B\u00fcchern, offenen Katalogen und Brosch\u00fcren<\/li>\n<li>Format 36 x 36 cm, Vorderkante des R\u00fcckhaltes 5 cm hoch<\/li>\n<li>Maschenweite 5 x 5 cm<\/li>\n<li>Wei\u00df lackierter Draht, sehr steif<\/li>\n<\/ul>\n","protected":false},"excerpt":{"rendered":"<p>Sofortiges Aufh\u00e4ngen an allen Arten von Ausstellungsgittern.<\/p>\n<p>F\u00fcr eine einfache Konsultation Ihrer Dokumentation.<\/p>\n<p><strong><span style=\"color: #800000;\"><a style=\"color: #800000;\" href=\"https:\/\/cdiffprom.ch\/elements\/contactez-nous\/\">Kontaktieren Sie uns unter<\/a><\/span><\/strong> um unsere Mengenrabatte zu erfahren<\/p>\n","protected":false},"featured_media":102640,"template":"","meta":{"slim_seo":{"title":"Schr\u00e4ge Ablage f\u00fcr das Gitter - Suisse - C.Diff-Prom","description":"Sofortiges Aufh\u00e4ngen an allen Arten von Ausstellungsgittern. F\u00fcr eine einfache Konsultation Ihrer Dokumentation. Kontaktieren Sie uns unter um unsere Mengenraba"}},"product_brand":[],"product_cat":[6362,6408],"product_tag":[6539],"class_list":{"0":"post-106791","1":"product","2":"type-product","3":"status-publish","4":"has-post-thumbnail","6":"product_cat-ausstellungen","7":"product_cat-zubehor-fur-gitter","8":"product_tag-zubehor-fur-gitter","10":"first","11":"instock","12":"taxable","13":"shipping-taxable","14":"purchasable","15":"product-type-variable"},"_links":{"self":[{"href":"https:\/\/cdiffprom.ch\/de\/wp-json\/wp\/v2\/product\/106791","targetHints":{"allow":["GET"]}}],"collection":[{"href":"https:\/\/cdiffprom.ch\/de\/wp-json\/wp\/v2\/product"}],"about":[{"href":"https:\/\/cdiffprom.ch\/de\/wp-json\/wp\/v2\/types\/product"}],"wp:featuredmedia":[{"embeddable":true,"href":"https:\/\/cdiffprom.ch\/de\/wp-json\/wp\/v2\/media\/102640"}],"wp:attachment":[{"href":"https:\/\/cdiffprom.ch\/de\/wp-json\/wp\/v2\/media?parent=106791"}],"wp:term":[{"taxonomy":"product_brand","embeddable":true,"href":"https:\/\/cdiffprom.ch\/de\/wp-json\/wp\/v2\/product_brand?post=106791"},{"taxonomy":"product_cat","embeddable":true,"href":"https:\/\/cdiffprom.ch\/de\/wp-json\/wp\/v2\/product_cat?post=106791"},{"taxonomy":"product_tag","embeddable":true,"href":"https:\/\/cdiffprom.ch\/de\/wp-json\/wp\/v2\/product_tag?post=106791"}],"curies":[{"name":"wp","href":"https:\/\/api.w.org\/{rel}","templated":true}]}}