{"id":106792,"date":"2019-07-26T12:36:26","date_gmt":"2019-07-26T10:36:26","guid":{"rendered":"https:\/\/cdiffprom.ch\/produit\/doppelseitige-namensschilder\/"},"modified":"2019-07-26T12:36:26","modified_gmt":"2019-07-26T10:36:26","slug":"doppelseitige-namensschilder","status":"publish","type":"product","link":"https:\/\/cdiffprom.ch\/de\/produit\/doppelseitige-namensschilder\/","title":{"rendered":"Doppelseitige Namensschilder"},"content":{"rendered":"<ul>\n<li>F\u00fcr, B\u00fcros, Empfang, Konferenzen, Kongresse, Seminare, Veranstaltungen oder Gesch\u00e4fte<\/li>\n<li>Identifikation auf beiden Seiten<\/li>\n<li>Sehr gute Qualit\u00e4t<\/li>\n<li>Harter Kunststoff P L E X I G L A S S transparent 1.5 mm<\/li>\n<li>Bristol nicht im Lieferumfang enthalten<\/li>\n<li>Papier oder Karton von der Kante her einf\u00fchren<\/li>\n<\/ul>\n","protected":false},"excerpt":{"rendered":"<p>Ideal zum Identifizieren, Informieren, Signalisieren!<\/p>\n","protected":false},"featured_media":102648,"template":"","meta":{"slim_seo":{"title":"Doppelseitige Namensschilder - Suisse - C.Diff-Prom","description":"Ideal zum Identifizieren, Informieren, Signalisieren!"}},"product_brand":[],"product_cat":[6355,6405],"product_tag":[6406],"class_list":{"0":"post-106792","1":"product","2":"type-product","3":"status-publish","4":"has-post-thumbnail","6":"product_cat-konferenz","7":"product_cat-namensschilder","8":"product_tag-namensschilder","10":"first","11":"instock","12":"taxable","13":"shipping-taxable","14":"purchasable","15":"product-type-variable"},"_links":{"self":[{"href":"https:\/\/cdiffprom.ch\/de\/wp-json\/wp\/v2\/product\/106792","targetHints":{"allow":["GET"]}}],"collection":[{"href":"https:\/\/cdiffprom.ch\/de\/wp-json\/wp\/v2\/product"}],"about":[{"href":"https:\/\/cdiffprom.ch\/de\/wp-json\/wp\/v2\/types\/product"}],"wp:featuredmedia":[{"embeddable":true,"href":"https:\/\/cdiffprom.ch\/de\/wp-json\/wp\/v2\/media\/102648"}],"wp:attachment":[{"href":"https:\/\/cdiffprom.ch\/de\/wp-json\/wp\/v2\/media?parent=106792"}],"wp:term":[{"taxonomy":"product_brand","embeddable":true,"href":"https:\/\/cdiffprom.ch\/de\/wp-json\/wp\/v2\/product_brand?post=106792"},{"taxonomy":"product_cat","embeddable":true,"href":"https:\/\/cdiffprom.ch\/de\/wp-json\/wp\/v2\/product_cat?post=106792"},{"taxonomy":"product_tag","embeddable":true,"href":"https:\/\/cdiffprom.ch\/de\/wp-json\/wp\/v2\/product_tag?post=106792"}],"curies":[{"name":"wp","href":"https:\/\/api.w.org\/{rel}","templated":true}]}}