{"id":106800,"date":"2019-07-26T12:36:27","date_gmt":"2019-07-26T10:36:27","guid":{"rendered":"https:\/\/cdiffprom.ch\/produit\/clip-traegerklemme\/"},"modified":"2019-07-26T12:36:27","modified_gmt":"2019-07-26T10:36:27","slug":"clip-traegerklemme","status":"publish","type":"product","link":"https:\/\/cdiffprom.ch\/de\/produit\/clip-traegerklemme\/","title":{"rendered":"Clip Tr\u00e4gerklemme"},"content":{"rendered":"<ul>\n<li>Verwendung in B\u00fcros, Gesch\u00e4ften oder \u00f6ffentlichen Einrichtungen bei Konferenzen, Ausstellungen, Kongressen, Messen, Veranstaltungen<\/li>\n<li>Der am h\u00e4ufigsten verwendete Clip zur Befestigung von Namensschildern<\/li>\n<li>Verchromt mit verst\u00e4rktem, weichem Riemen und Metalldruckkn\u00f6pfen<\/li>\n<\/ul>\n","protected":false},"excerpt":{"rendered":"<p>Verwendung in B\u00fcros, Gesch\u00e4ften oder \u00f6ffentlichen Einrichtungen bei Konferenzen, Ausstellungen, Kongressen, Messen, Veranstaltungen Der am h\u00e4ufigsten verwendete Clip zur Befestigung von Namensschildern Verchromt mit verst\u00e4rktem, weichem Riemen und Metalldruckkn\u00f6pfen<\/p>\n","protected":false},"featured_media":102652,"template":"","meta":{"slim_seo":{"title":"Clip Tr\u00e4gerklemme - Suisse - C.Diff-Prom","description":"Verwendung in B\u00fcros, Gesch\u00e4ften oder \u00f6ffentlichen Einrichtungen bei Konferenzen, Ausstellungen, Kongressen, Messen, Veranstaltungen Der am h\u00e4ufigsten verwendete"}},"product_brand":[],"product_cat":[6467,6355,6405],"product_tag":[6468,6406],"class_list":{"0":"post-106800","1":"product","2":"type-product","3":"status-publish","4":"has-post-thumbnail","6":"product_cat-empfangszubehor","7":"product_cat-konferenz","8":"product_cat-namensschilder","9":"product_tag-empfangszubehor","10":"product_tag-namensschilder","12":"first","13":"instock","14":"taxable","15":"shipping-taxable","16":"purchasable","17":"product-type-simple"},"_links":{"self":[{"href":"https:\/\/cdiffprom.ch\/de\/wp-json\/wp\/v2\/product\/106800","targetHints":{"allow":["GET"]}}],"collection":[{"href":"https:\/\/cdiffprom.ch\/de\/wp-json\/wp\/v2\/product"}],"about":[{"href":"https:\/\/cdiffprom.ch\/de\/wp-json\/wp\/v2\/types\/product"}],"wp:featuredmedia":[{"embeddable":true,"href":"https:\/\/cdiffprom.ch\/de\/wp-json\/wp\/v2\/media\/102652"}],"wp:attachment":[{"href":"https:\/\/cdiffprom.ch\/de\/wp-json\/wp\/v2\/media?parent=106800"}],"wp:term":[{"taxonomy":"product_brand","embeddable":true,"href":"https:\/\/cdiffprom.ch\/de\/wp-json\/wp\/v2\/product_brand?post=106800"},{"taxonomy":"product_cat","embeddable":true,"href":"https:\/\/cdiffprom.ch\/de\/wp-json\/wp\/v2\/product_cat?post=106800"},{"taxonomy":"product_tag","embeddable":true,"href":"https:\/\/cdiffprom.ch\/de\/wp-json\/wp\/v2\/product_tag?post=106800"}],"curies":[{"name":"wp","href":"https:\/\/api.w.org\/{rel}","templated":true}]}}