{"id":106802,"date":"2019-07-26T12:36:27","date_gmt":"2019-07-26T10:36:27","guid":{"rendered":"https:\/\/cdiffprom.ch\/produit\/namensschildhalter-alu-sign\/"},"modified":"2019-07-26T12:36:27","modified_gmt":"2019-07-26T10:36:27","slug":"namensschildhalter-alu-sign","status":"publish","type":"product","link":"https:\/\/cdiffprom.ch\/de\/produit\/namensschildhalter-alu-sign\/","title":{"rendered":"Namensschildhalter Alu-Sign"},"content":{"rendered":"<ul>\n<li>Antireflektierender Plexi-Schutz.<\/li>\n<li>Einfache Aktualisierung Ihrer Bilder\/Informationen 3 Vorlagen<\/li>\n<\/ul>\n","protected":false},"excerpt":{"rendered":"<p>Gew\u00f6lbte Modelle aus naturfarbenem eloxiertem Aluminium, Fu\u00df und Endst\u00fccke aus schwarzem Aluminium<\/p>\n","protected":false},"featured_media":102650,"template":"","meta":{"slim_seo":{"title":"Namensschildhalter Alu-Sign - Suisse - C.Diff-Prom","description":"Gew\u00f6lbte Modelle aus naturfarbenem eloxiertem Aluminium, Fu\u00df und Endst\u00fccke aus schwarzem Aluminium"}},"product_brand":[],"product_cat":[6355,6405],"product_tag":[6406],"class_list":{"0":"post-106802","1":"product","2":"type-product","3":"status-publish","4":"has-post-thumbnail","6":"product_cat-konferenz","7":"product_cat-namensschilder","8":"product_tag-namensschilder","10":"first","11":"instock","12":"taxable","13":"shipping-taxable","14":"purchasable","15":"product-type-variable"},"_links":{"self":[{"href":"https:\/\/cdiffprom.ch\/de\/wp-json\/wp\/v2\/product\/106802","targetHints":{"allow":["GET"]}}],"collection":[{"href":"https:\/\/cdiffprom.ch\/de\/wp-json\/wp\/v2\/product"}],"about":[{"href":"https:\/\/cdiffprom.ch\/de\/wp-json\/wp\/v2\/types\/product"}],"wp:featuredmedia":[{"embeddable":true,"href":"https:\/\/cdiffprom.ch\/de\/wp-json\/wp\/v2\/media\/102650"}],"wp:attachment":[{"href":"https:\/\/cdiffprom.ch\/de\/wp-json\/wp\/v2\/media?parent=106802"}],"wp:term":[{"taxonomy":"product_brand","embeddable":true,"href":"https:\/\/cdiffprom.ch\/de\/wp-json\/wp\/v2\/product_brand?post=106802"},{"taxonomy":"product_cat","embeddable":true,"href":"https:\/\/cdiffprom.ch\/de\/wp-json\/wp\/v2\/product_cat?post=106802"},{"taxonomy":"product_tag","embeddable":true,"href":"https:\/\/cdiffprom.ch\/de\/wp-json\/wp\/v2\/product_tag?post=106802"}],"curies":[{"name":"wp","href":"https:\/\/api.w.org\/{rel}","templated":true}]}}