{"id":106806,"date":"2019-07-26T12:36:25","date_gmt":"2019-07-26T10:36:25","guid":{"rendered":"https:\/\/cdiffprom.ch\/produit\/namensschilder-mit-festem-kartenhalter\/"},"modified":"2019-07-26T12:36:25","modified_gmt":"2019-07-26T10:36:25","slug":"namensschilder-mit-festem-kartenhalter","status":"publish","type":"product","link":"https:\/\/cdiffprom.ch\/de\/produit\/namensschilder-mit-festem-kartenhalter\/","title":{"rendered":"Namensschilder mit festem Kartenhalter"},"content":{"rendered":"<ul>\n<li>Verwendung in B\u00fcros, Gesch\u00e4ften oder \u00f6ffentlichen Einrichtungen bei Konferenzen, Ausstellungen, Kongressen, Messen, Veranstaltungen<\/li>\n<li>Optimaler Schutz f\u00fcr Ihre Sicherheits- oder Magnetkarten. Kann allein oder mit einem Clip, einem Rei\u00dfverschlussaufroller oder einer Textilschnur verwendet werden.<\/li>\n<li>Unzerbrechliches, transparentes, starres Polycarbonat, beidseitiger Schutz mit Aussparung auf einer Seite zum schnellen Herausziehen der Karte.<\/li>\n<\/ul>\n","protected":false},"excerpt":{"rendered":"<p>Verwendung in B\u00fcros, Gesch\u00e4ften oder \u00f6ffentlichen Einrichtungen bei Konferenzen, Ausstellungen, Kongressen, Messen, Veranstaltungen Optimaler Schutz f\u00fcr Ihre Sicherheits- oder Magnetkarten. Kann allein oder mit einem Clip, einem Rei\u00dfverschlussaufroller oder einer Textilschnur verwendet werden. Unzerbrechliches, transparentes, starres Polycarbonat, beidseitiger Schutz mit Aussparung auf einer Seite zum schnellen Herausziehen der Karte.<\/p>\n","protected":false},"featured_media":101608,"template":"","meta":{"slim_seo":{"title":"Namensschilder mit festem Kartenhalter - Suisse - C.Diff-Prom","description":"Verwendung in B\u00fcros, Gesch\u00e4ften oder \u00f6ffentlichen Einrichtungen bei Konferenzen, Ausstellungen, Kongressen, Messen, Veranstaltungen Optimaler Schutz f\u00fcr Ihre Si"}},"product_brand":[],"product_cat":[6355,6405],"product_tag":[6406],"class_list":{"0":"post-106806","1":"product","2":"type-product","3":"status-publish","4":"has-post-thumbnail","6":"product_cat-konferenz","7":"product_cat-namensschilder","8":"product_tag-namensschilder","10":"first","11":"instock","12":"taxable","13":"shipping-taxable","14":"purchasable","15":"product-type-simple"},"_links":{"self":[{"href":"https:\/\/cdiffprom.ch\/de\/wp-json\/wp\/v2\/product\/106806","targetHints":{"allow":["GET"]}}],"collection":[{"href":"https:\/\/cdiffprom.ch\/de\/wp-json\/wp\/v2\/product"}],"about":[{"href":"https:\/\/cdiffprom.ch\/de\/wp-json\/wp\/v2\/types\/product"}],"wp:featuredmedia":[{"embeddable":true,"href":"https:\/\/cdiffprom.ch\/de\/wp-json\/wp\/v2\/media\/101608"}],"wp:attachment":[{"href":"https:\/\/cdiffprom.ch\/de\/wp-json\/wp\/v2\/media?parent=106806"}],"wp:term":[{"taxonomy":"product_brand","embeddable":true,"href":"https:\/\/cdiffprom.ch\/de\/wp-json\/wp\/v2\/product_brand?post=106806"},{"taxonomy":"product_cat","embeddable":true,"href":"https:\/\/cdiffprom.ch\/de\/wp-json\/wp\/v2\/product_cat?post=106806"},{"taxonomy":"product_tag","embeddable":true,"href":"https:\/\/cdiffprom.ch\/de\/wp-json\/wp\/v2\/product_tag?post=106806"}],"curies":[{"name":"wp","href":"https:\/\/api.w.org\/{rel}","templated":true}]}}