{"id":106807,"date":"2019-07-26T12:36:28","date_gmt":"2019-07-26T10:36:28","guid":{"rendered":"https:\/\/cdiffprom.ch\/produit\/zip-roller-fuer-namensschilder\/"},"modified":"2019-07-26T12:36:28","modified_gmt":"2019-07-26T10:36:28","slug":"zip-roller-fuer-namensschilder","status":"publish","type":"product","link":"https:\/\/cdiffprom.ch\/de\/produit\/zip-roller-fuer-namensschilder\/","title":{"rendered":"Zip-Roller f\u00fcr Namensschilder"},"content":{"rendered":"<ul>\n<li>Verwendung in B\u00fcros, Gesch\u00e4ften oder \u00f6ffentlichen Einrichtungen bei Konferenzen, Ausstellungen, Kongressen, Messen, Veranstaltungen<\/li>\n<li>Um sein Namensschild am G\u00fcrtel zu befestigen.<\/li>\n<li>Clipbefestigung f\u00fcr Kartenhalter<\/li>\n<li>Schwarzes Geh\u00e4use \u00d8 30 mm Metallclip mit Nylonschnur, bis zu 58 cm ausziehbar<\/li>\n<\/ul>\n","protected":false},"excerpt":{"rendered":"<p>Verwendung in B\u00fcros, Gesch\u00e4ften oder \u00f6ffentlichen Einrichtungen bei Konferenzen, Ausstellungen, Kongressen, Messen, Veranstaltungen Um sein Namensschild am G\u00fcrtel zu befestigen. Clipbefestigung f\u00fcr Kartenhalter Schwarzes Geh\u00e4use \u00d8 30 mm Metallclip mit Nylonschnur, bis zu 58 cm ausziehbar<\/p>\n","protected":false},"featured_media":102658,"template":"","meta":{"slim_seo":{"title":"Zip-Roller f\u00fcr Namensschilder - Suisse - C.Diff-Prom","description":"Verwendung in B\u00fcros, Gesch\u00e4ften oder \u00f6ffentlichen Einrichtungen bei Konferenzen, Ausstellungen, Kongressen, Messen, Veranstaltungen Um sein Namensschild am G\u00fcrt"}},"product_brand":[],"product_cat":[6467,6355,6405],"product_tag":[6468,6406],"class_list":{"0":"post-106807","1":"product","2":"type-product","3":"status-publish","4":"has-post-thumbnail","6":"product_cat-empfangszubehor","7":"product_cat-konferenz","8":"product_cat-namensschilder","9":"product_tag-empfangszubehor","10":"product_tag-namensschilder","12":"first","13":"instock","14":"taxable","15":"shipping-taxable","16":"purchasable","17":"product-type-simple"},"_links":{"self":[{"href":"https:\/\/cdiffprom.ch\/de\/wp-json\/wp\/v2\/product\/106807","targetHints":{"allow":["GET"]}}],"collection":[{"href":"https:\/\/cdiffprom.ch\/de\/wp-json\/wp\/v2\/product"}],"about":[{"href":"https:\/\/cdiffprom.ch\/de\/wp-json\/wp\/v2\/types\/product"}],"wp:featuredmedia":[{"embeddable":true,"href":"https:\/\/cdiffprom.ch\/de\/wp-json\/wp\/v2\/media\/102658"}],"wp:attachment":[{"href":"https:\/\/cdiffprom.ch\/de\/wp-json\/wp\/v2\/media?parent=106807"}],"wp:term":[{"taxonomy":"product_brand","embeddable":true,"href":"https:\/\/cdiffprom.ch\/de\/wp-json\/wp\/v2\/product_brand?post=106807"},{"taxonomy":"product_cat","embeddable":true,"href":"https:\/\/cdiffprom.ch\/de\/wp-json\/wp\/v2\/product_cat?post=106807"},{"taxonomy":"product_tag","embeddable":true,"href":"https:\/\/cdiffprom.ch\/de\/wp-json\/wp\/v2\/product_tag?post=106807"}],"curies":[{"name":"wp","href":"https:\/\/api.w.org\/{rel}","templated":true}]}}