{"id":106808,"date":"2019-07-26T12:37:35","date_gmt":"2019-07-26T10:37:35","guid":{"rendered":"https:\/\/cdiffprom.ch\/produit\/schluesselschrank\/"},"modified":"2019-07-26T12:37:35","modified_gmt":"2019-07-26T10:37:35","slug":"schluesselschrank","status":"publish","type":"product","link":"https:\/\/cdiffprom.ch\/de\/produit\/schluesselschrank\/","title":{"rendered":"Schl\u00fcsselschrank"},"content":{"rendered":"<h3><span style=\"color: #800000;\"><strong>Schl\u00fcsselschrank<\/strong><\/span><\/h3>\n<p>Unser Schl\u00fcsselschrank eignet sich sowohl f\u00fcr Unternehmen als auch f\u00fcr Gesch\u00e4fte oder Privatpersonen.<\/p>\n<p>Dieses Modell ist in drei Gr\u00f6\u00dfen erh\u00e4ltlich und kann 20, 48 oder 93 Schl\u00fcssel aufnehmen.<\/p>\n<ul>\n<li>Ausgezeichnete Qualit\u00e4t: 8\/10\u00b0 gepresster Stahl<\/li>\n<li>Hochfeste grau\/beigefarbene Epoxidharzlackierung<\/li>\n<li>Feste Aufh\u00e4ngeleisten nummerierte Identifikationsklebepads<\/li>\n<li>Wandbefestigung mit 2 Schrauben und D\u00fcbeln (im Lieferumfang enthalten)<\/li>\n<li>Metallschloss mit 2 Schl\u00fcsseln<\/li>\n<\/ul>\n<h3><strong><span style=\"color: #800000;\">Lieferbedingungen<\/span><\/strong><\/h3>\n<p>Zu Ihrer Information: Nach Eingang Ihres Auftrags sind unsere Produkte innerhalb von etwa zehn Tagen lieferbar.<\/p>\n<p>Z\u00f6gern Sie nicht <strong><span style=\"color: #800000;\"><u><a style=\"color: #800000;\" href=\"https:\/\/cdiffprom.ch\/elements\/contactez-nous\/\">kontaktieren Sie uns bitte.<\/a><\/u><\/span><\/strong> Wenn Sie einen dringenderen Bedarf haben, haben wir immer eine schnellere L\u00f6sung f\u00fcr Sie und k\u00f6nnen Sie auch \u00fcber Rabatte bei Mengenbestellungen informieren.<\/p>\n<p>Einige Artikel k\u00f6nnen eine l\u00e4ngere Lieferzeit in Anspruch nehmen, da sie nicht auf Lager unseres Lieferanten sind. In diesem Fall werden Sie nach Eingang Ihrer Bestellung benachrichtigt. <\/p>\n<p>Wir liefern versandkostenfrei ab einem Bestellwert von CHF. 500.-. Unterhalb dieses Betrags wird eine Pauschale von CHF. 15,90 zu entrichten. <\/p>\n<p>Bei allen Online-Bestellungen f\u00fchren wir immer einen Telefonanruf durch, um sicherzustellen, dass Sie das richtige Produkt f\u00fcr Ihre Bed\u00fcrfnisse ausgew\u00e4hlt haben. So k\u00f6nnen Sie sicher sein, dass Sie die richtige Wahl treffen. <\/p>\n<p>Bitte beachten Sie, dass die Promo-Codes nicht kumulierbar sind und der Rabatt auf Ihrer Bestellung sichtbar ist.<\/p>\n","protected":false},"excerpt":{"rendered":"<p>F\u00fcr Ihr Unternehmen, Ihr Gesch\u00e4ft oder zu Hause. 3 Modelle zur Auswahl, Kapazit\u00e4t f\u00fcr 20, 48 oder 93 Schl\u00fcssel. <\/p>\n","protected":false},"featured_media":102662,"template":"","meta":{"slim_seo":{"title":"Schl\u00fcsselschrank - Suisse - C.Diff-Prom","description":"F\u00fcr Ihr Unternehmen, Ihr Gesch\u00e4ft oder zu Hause. 3 Modelle zur Auswahl, Kapazit\u00e4t f\u00fcr 20, 48 oder 93 Schl\u00fcssel."}},"product_brand":[],"product_cat":[6391,6355,6390,6609],"product_tag":[6392,6610],"class_list":{"0":"post-106808","1":"product","2":"type-product","3":"status-publish","4":"has-post-thumbnail","6":"product_cat-burozubehor","7":"product_cat-konferenz","8":"product_cat-ranking","9":"product_cat-schlusselanhanger-und-truhen","10":"product_tag-burozubehor","11":"product_tag-schlusselanhanger-und-schliesfacher","12":"pa_specifications-20-schluessel","13":"pa_specifications-48-schluessel","14":"pa_specifications-93-schluessel","16":"first","17":"instock","18":"taxable","19":"shipping-taxable","20":"purchasable","21":"product-type-variable"},"_links":{"self":[{"href":"https:\/\/cdiffprom.ch\/de\/wp-json\/wp\/v2\/product\/106808","targetHints":{"allow":["GET"]}}],"collection":[{"href":"https:\/\/cdiffprom.ch\/de\/wp-json\/wp\/v2\/product"}],"about":[{"href":"https:\/\/cdiffprom.ch\/de\/wp-json\/wp\/v2\/types\/product"}],"wp:featuredmedia":[{"embeddable":true,"href":"https:\/\/cdiffprom.ch\/de\/wp-json\/wp\/v2\/media\/102662"}],"wp:attachment":[{"href":"https:\/\/cdiffprom.ch\/de\/wp-json\/wp\/v2\/media?parent=106808"}],"wp:term":[{"taxonomy":"product_brand","embeddable":true,"href":"https:\/\/cdiffprom.ch\/de\/wp-json\/wp\/v2\/product_brand?post=106808"},{"taxonomy":"product_cat","embeddable":true,"href":"https:\/\/cdiffprom.ch\/de\/wp-json\/wp\/v2\/product_cat?post=106808"},{"taxonomy":"product_tag","embeddable":true,"href":"https:\/\/cdiffprom.ch\/de\/wp-json\/wp\/v2\/product_tag?post=106808"}],"curies":[{"name":"wp","href":"https:\/\/api.w.org\/{rel}","templated":true}]}}