{"id":106818,"date":"2019-07-26T07:10:50","date_gmt":"2019-07-26T05:10:50","guid":{"rendered":"https:\/\/cdiffprom.ch\/produit\/prospektspender-mit-2-grossen-behaeltern\/"},"modified":"2019-07-26T07:10:50","modified_gmt":"2019-07-26T05:10:50","slug":"prospektspender-mit-2-grossen-behaeltern","status":"publish","type":"product","link":"https:\/\/cdiffprom.ch\/de\/produit\/prospektspender-mit-2-grossen-behaeltern\/","title":{"rendered":"Prospektspender mit 2 gro\u00dfen Beh\u00e4ltern"},"content":{"rendered":"<ul>\n<li>2 gro\u00dfe Beh\u00e4lter, max. H 34 cm x B 25,6 cm<\/li>\n<li>Metallischer Fronton H 21 x B 27 cm<\/li>\n<li>Kapazit\u00e4t 12 cm Dokumente pro Fach<\/li>\n<li>Mobil mit 2 Rollen<\/li>\n<li>Handgriff<\/li>\n<li>Wird zerlegt geliefert mit Schnellmontageanleitung H 107 x B 29 x T 35 cm<\/li>\n<li>Leergewicht 6 kg<\/li>\n<\/ul>\n","protected":false},"excerpt":{"rendered":"<p>F\u00fcr alle Dokumente bis H 34 cm x B 25.6 cm<\/p>\n","protected":false},"featured_media":102054,"template":"","meta":{"slim_seo":{"title":"Prospektspender mit 2 gro\u00dfen Beh\u00e4ltern - Suisse - C.Diff-Prom","description":"F\u00fcr alle Dokumente bis H 34 cm x B 25.6 cm"}},"product_brand":[],"product_cat":[6346,6388],"product_tag":[6479,6581,6364],"class_list":{"0":"post-106818","1":"product","2":"type-product","3":"status-publish","4":"has-post-thumbnail","6":"product_cat-mobile-displays","7":"product_cat-presentoirs","8":"product_tag-broschuren-und-zeitungsstander","9":"product_tag-mobile-displays","10":"product_tag-pos-materialien","12":"first","13":"instock","14":"taxable","15":"shipping-taxable","16":"purchasable","17":"product-type-simple"},"_links":{"self":[{"href":"https:\/\/cdiffprom.ch\/de\/wp-json\/wp\/v2\/product\/106818","targetHints":{"allow":["GET"]}}],"collection":[{"href":"https:\/\/cdiffprom.ch\/de\/wp-json\/wp\/v2\/product"}],"about":[{"href":"https:\/\/cdiffprom.ch\/de\/wp-json\/wp\/v2\/types\/product"}],"wp:featuredmedia":[{"embeddable":true,"href":"https:\/\/cdiffprom.ch\/de\/wp-json\/wp\/v2\/media\/102054"}],"wp:attachment":[{"href":"https:\/\/cdiffprom.ch\/de\/wp-json\/wp\/v2\/media?parent=106818"}],"wp:term":[{"taxonomy":"product_brand","embeddable":true,"href":"https:\/\/cdiffprom.ch\/de\/wp-json\/wp\/v2\/product_brand?post=106818"},{"taxonomy":"product_cat","embeddable":true,"href":"https:\/\/cdiffprom.ch\/de\/wp-json\/wp\/v2\/product_cat?post=106818"},{"taxonomy":"product_tag","embeddable":true,"href":"https:\/\/cdiffprom.ch\/de\/wp-json\/wp\/v2\/product_tag?post=106818"}],"curies":[{"name":"wp","href":"https:\/\/api.w.org\/{rel}","templated":true}]}}