{"id":106819,"date":"2019-07-26T07:07:15","date_gmt":"2019-07-26T05:07:15","guid":{"rendered":"https:\/\/cdiffprom.ch\/produit\/prospektstaender-3-moebel-6-regale\/"},"modified":"2019-07-26T07:07:15","modified_gmt":"2019-07-26T05:07:15","slug":"prospektstaender-3-moebel-6-regale","status":"publish","type":"product","link":"https:\/\/cdiffprom.ch\/de\/produit\/prospektstaender-3-moebel-6-regale\/","title":{"rendered":"Prospektst\u00e4nder 3 M\u00f6bel 6 Regale"},"content":{"rendered":"<ul>\n<li>Verwendung in Gesch\u00e4ften, Agenturen, Boutiquen oder Rezeptionen zur Auslage Ihrer Kataloge, Prospekte und Brosch\u00fcren 3 aneinandergereihte M\u00f6belst\u00fccke mit 6 Regalen, Nutzl\u00e4nge 65 cm x H\u00f6he 35 cm &#8211; Inklusive Abschlusswangen an den Enden<\/li>\n<li>Sehr stabil 100 % Metall mit hochfester wei\u00dfer Epoxidlackierung<\/li>\n<li>8 cm Fassungsverm\u00f6gen f\u00fcr Dokumente auf der Vorderkante<\/li>\n<li>Gesamtbreite 199 cm x<\/li>\n<li>H\u00f6he 200 cm x<\/li>\n<li>Tiefe 40 cm<\/li>\n<\/ul>\n","protected":false},"excerpt":{"rendered":"<p>Maximale Kapazit\u00e4t auf kleinstem Raum<\/p>\n","protected":false},"featured_media":102044,"template":"","meta":{"slim_seo":{"title":"Prospektst\u00e4nder 3 M\u00f6bel 6 Regale - Suisse - C.Diff-Prom","description":"Maximale Kapazit\u00e4t auf kleinstem Raum"}},"product_brand":[],"product_cat":[6594,6388],"product_tag":[6590],"class_list":{"0":"post-106819","1":"product","2":"type-product","3":"status-publish","4":"has-post-thumbnail","6":"product_cat-grosraumdisplays-de","7":"product_cat-presentoirs","8":"product_tag-grosraumdisplays","10":"first","11":"instock","12":"taxable","13":"shipping-taxable","14":"purchasable","15":"product-type-simple"},"_links":{"self":[{"href":"https:\/\/cdiffprom.ch\/de\/wp-json\/wp\/v2\/product\/106819","targetHints":{"allow":["GET"]}}],"collection":[{"href":"https:\/\/cdiffprom.ch\/de\/wp-json\/wp\/v2\/product"}],"about":[{"href":"https:\/\/cdiffprom.ch\/de\/wp-json\/wp\/v2\/types\/product"}],"wp:featuredmedia":[{"embeddable":true,"href":"https:\/\/cdiffprom.ch\/de\/wp-json\/wp\/v2\/media\/102044"}],"wp:attachment":[{"href":"https:\/\/cdiffprom.ch\/de\/wp-json\/wp\/v2\/media?parent=106819"}],"wp:term":[{"taxonomy":"product_brand","embeddable":true,"href":"https:\/\/cdiffprom.ch\/de\/wp-json\/wp\/v2\/product_brand?post=106819"},{"taxonomy":"product_cat","embeddable":true,"href":"https:\/\/cdiffprom.ch\/de\/wp-json\/wp\/v2\/product_cat?post=106819"},{"taxonomy":"product_tag","embeddable":true,"href":"https:\/\/cdiffprom.ch\/de\/wp-json\/wp\/v2\/product_tag?post=106819"}],"curies":[{"name":"wp","href":"https:\/\/api.w.org\/{rel}","templated":true}]}}