{"id":106821,"date":"2019-07-26T07:10:49","date_gmt":"2019-07-26T05:10:49","guid":{"rendered":"https:\/\/cdiffprom.ch\/produit\/rollendes-display-fuer-broschueren\/"},"modified":"2019-07-26T07:10:49","modified_gmt":"2019-07-26T05:10:49","slug":"rollendes-display-fuer-broschueren","status":"publish","type":"product","link":"https:\/\/cdiffprom.ch\/de\/produit\/rollendes-display-fuer-broschueren\/","title":{"rendered":"Rollendes Display f\u00fcr Brosch\u00fcren"},"content":{"rendered":"<h3><span style=\"color: #800000;\"><strong>Rollendes Display f\u00fcr Brosch\u00fcren<br \/>\n<\/strong><\/span><\/h3>\n<p>Dieser rollbare Brosch\u00fcrenst\u00e4nder aus 100 % Metall mit individuell gestaltbarem Giebel ist in zwei Versionen erh\u00e4ltlich, mit 8 oder 12 ganzseitig belichteten Brosch\u00fcren.<\/p>\n<p>In Reiseb\u00fcros, Apotheken und in der Automobilbranche wird dieser St\u00e4nder daf\u00fcr sorgen, dass alle Kunden Ihre Unterlagen leicht entnehmen k\u00f6nnen.<br \/>\nMit seinen 4 stabilen Rollen k\u00f6nnen Sie ihn leicht und m\u00fchelos bewegen.<\/p>\n<p>Epoxydharzlackierte Oberfl\u00e4che in grau oder schwarz, hochfest und korrosionsbest\u00e4ndig.<\/p>\n<h4><strong><span style=\"color: #800000;\">Technische Spezifikationen :<\/span><\/strong><\/h4>\n<ul>\n<li>Abmessungen f\u00fcr 8 Brosch\u00fcren 154 x 51 x 36 cm<\/li>\n<li>Abmessungen f\u00fcr 12 Brosch\u00fcren 154 x 70 x 36 cm<\/li>\n<li>H\u00f6he jedes Regals 31 cm mit einem 4 cm hohen Rand f\u00fcr die Kapazit\u00e4t<\/li>\n<li>Identifizierbarer Giebel mit einer H\u00f6he von 8 cm<\/li>\n<\/ul>\n<h4><span style=\"color: #800000;\"><strong>Lieferbedingungen :<br \/>\n<\/strong><\/span><\/h4>\n<p>Zu Ihrer Information: Nach Eingang Ihres Auftrags sind unsere Produkte innerhalb von etwa zehn Tagen lieferbar.<\/p>\n<p>Z\u00f6gern Sie nicht <u><a href=\"https:\/\/cdiffprom.ch\/elements\/contactez-nous\/\"><span style=\"color: #800000;\"><strong>uns zu kontaktieren.<\/strong><\/span><\/a><\/u> Wenn Sie einen dringenderen Bedarf haben, k\u00f6nnen wir Ihnen immer eine schnellere L\u00f6sung anbieten.<\/p>\n<p>Wir sind auch gerne bereit, Ihnen Informationen \u00fcber Mengenrabatte zu geben.<\/p>\n<p>Einige Artikel k\u00f6nnen eine l\u00e4ngere Lieferzeit in Anspruch nehmen, da sie nicht auf Lager unseres Lieferanten sind. In diesem Fall werden Sie nach Eingang Ihrer Bestellung benachrichtigt. <\/p>\n<p>Wir liefern versandkostenfrei ab einem Bestellwert von CHF. 500.-. Unterhalb dieses Betrags wird eine Pauschale von CHF. 15,90 zu entrichten. <\/p>\n<p>Bei allen Online-Bestellungen f\u00fchren wir immer einen Telefonanruf durch, um sicherzustellen, dass Sie das richtige Produkt f\u00fcr Ihre Bed\u00fcrfnisse ausgew\u00e4hlt haben. So k\u00f6nnen Sie sicher sein, dass Sie die richtige Wahl treffen. <\/p>\n<p>Bitte beachten Sie, dass die Promo-Codes nicht kumulierbar sind und der Rabatt auf Ihrer Bestellung sichtbar ist.<\/p>\n","protected":false},"excerpt":{"rendered":"<p>M\u00f6glichkeit f\u00fcr 8 oder 12 Brosch\u00fcren, einseitig, wahlweise schwarz oder grau, dieser St\u00e4nder ist auch mit 4 Rollen ausgestattet.<\/p>\n","protected":false},"featured_media":102052,"template":"","meta":{"slim_seo":{"title":"Rollendes Display f\u00fcr Brosch\u00fcren - Suisse - C.Diff-Prom","description":"M\u00f6glichkeit f\u00fcr 8 oder 12 Brosch\u00fcren, einseitig, wahlweise schwarz oder grau, dieser St\u00e4nder ist auch mit 4 Rollen ausgestattet."}},"product_brand":[],"product_cat":[6346,6388],"product_tag":[6581],"class_list":{"0":"post-106821","1":"product","2":"type-product","3":"status-publish","4":"has-post-thumbnail","6":"product_cat-mobile-displays","7":"product_cat-presentoirs","8":"product_tag-mobile-displays","9":"pa_couleurs-grau","10":"pa_couleurs-schwarz","11":"pa_dimensions-47-cm-de","12":"pa_dimensions-66-cm-de","14":"first","15":"instock","16":"taxable","17":"shipping-taxable","18":"purchasable","19":"product-type-variable"},"_links":{"self":[{"href":"https:\/\/cdiffprom.ch\/de\/wp-json\/wp\/v2\/product\/106821","targetHints":{"allow":["GET"]}}],"collection":[{"href":"https:\/\/cdiffprom.ch\/de\/wp-json\/wp\/v2\/product"}],"about":[{"href":"https:\/\/cdiffprom.ch\/de\/wp-json\/wp\/v2\/types\/product"}],"wp:featuredmedia":[{"embeddable":true,"href":"https:\/\/cdiffprom.ch\/de\/wp-json\/wp\/v2\/media\/102052"}],"wp:attachment":[{"href":"https:\/\/cdiffprom.ch\/de\/wp-json\/wp\/v2\/media?parent=106821"}],"wp:term":[{"taxonomy":"product_brand","embeddable":true,"href":"https:\/\/cdiffprom.ch\/de\/wp-json\/wp\/v2\/product_brand?post=106821"},{"taxonomy":"product_cat","embeddable":true,"href":"https:\/\/cdiffprom.ch\/de\/wp-json\/wp\/v2\/product_cat?post=106821"},{"taxonomy":"product_tag","embeddable":true,"href":"https:\/\/cdiffprom.ch\/de\/wp-json\/wp\/v2\/product_tag?post=106821"}],"curies":[{"name":"wp","href":"https:\/\/api.w.org\/{rel}","templated":true}]}}