{"id":106826,"date":"2019-07-26T07:14:18","date_gmt":"2019-07-26T05:14:18","guid":{"rendered":"https:\/\/cdiffprom.ch\/produit\/wanddisplay-strassenkarten-10-faecher\/"},"modified":"2019-07-26T07:14:18","modified_gmt":"2019-07-26T05:14:18","slug":"wanddisplay-strassenkarten-10-faecher","status":"publish","type":"product","link":"https:\/\/cdiffprom.ch\/de\/produit\/wanddisplay-strassenkarten-10-faecher\/","title":{"rendered":"Wanddisplay Stra\u00dfenkarten 10 F\u00e4cher"},"content":{"rendered":"<ul>\n<li>Verwendung an verschiedenen Verkaufsstellen: Presse, Hotels, \u00f6ffentliche Einrichtungen, Mediatheken 10 Felder<\/li>\n<li>Sehr robust<\/li>\n<li>4-Punkt-Wandbefestigung, Schrauben nicht im Lieferumfang enthalten<\/li>\n<li>Aus einem St\u00fcck gefertigte Metallkonstruktion, verchromt<\/li>\n<\/ul>\n","protected":false},"excerpt":{"rendered":"<p>Verwendung an verschiedenen Verkaufsstellen: Presse, Hotels, \u00f6ffentliche Einrichtungen, Mediatheken 10 Felder Sehr robust 4-Punkt-Wandbefestigung, Schrauben nicht im Lieferumfang enthalten Aus einem St\u00fcck gefertigte Metallkonstruktion, verchromt<\/p>\n","protected":false},"featured_media":101486,"template":"","meta":{"slim_seo":{"title":"Wanddisplay Stra\u00dfenkarten 10 F\u00e4cher - Suisse - C.Diff-Prom","description":"Verwendung an verschiedenen Verkaufsstellen: Presse, Hotels, \u00f6ffentliche Einrichtungen, Mediatheken 10 Felder Sehr robust 4-Punkt-Wandbefestigung, Schrauben nic"}},"product_brand":[],"product_cat":[6349,6388,6358,6401],"product_tag":[6474,6476],"class_list":{"0":"post-106826","1":"product","2":"type-product","3":"status-publish","4":"has-post-thumbnail","6":"product_cat-postkarten-und-strassenkarten","7":"product_cat-presentoirs","8":"product_cat-wanddisplays","9":"product_cat-zeitungsstander","10":"product_tag-postkarten-und-strasenkarten","11":"product_tag-wanddisplays","13":"first","14":"instock","15":"taxable","16":"shipping-taxable","17":"purchasable","18":"product-type-simple"},"_links":{"self":[{"href":"https:\/\/cdiffprom.ch\/de\/wp-json\/wp\/v2\/product\/106826","targetHints":{"allow":["GET"]}}],"collection":[{"href":"https:\/\/cdiffprom.ch\/de\/wp-json\/wp\/v2\/product"}],"about":[{"href":"https:\/\/cdiffprom.ch\/de\/wp-json\/wp\/v2\/types\/product"}],"wp:featuredmedia":[{"embeddable":true,"href":"https:\/\/cdiffprom.ch\/de\/wp-json\/wp\/v2\/media\/101486"}],"wp:attachment":[{"href":"https:\/\/cdiffprom.ch\/de\/wp-json\/wp\/v2\/media?parent=106826"}],"wp:term":[{"taxonomy":"product_brand","embeddable":true,"href":"https:\/\/cdiffprom.ch\/de\/wp-json\/wp\/v2\/product_brand?post=106826"},{"taxonomy":"product_cat","embeddable":true,"href":"https:\/\/cdiffprom.ch\/de\/wp-json\/wp\/v2\/product_cat?post=106826"},{"taxonomy":"product_tag","embeddable":true,"href":"https:\/\/cdiffprom.ch\/de\/wp-json\/wp\/v2\/product_tag?post=106826"}],"curies":[{"name":"wp","href":"https:\/\/api.w.org\/{rel}","templated":true}]}}