{"id":106827,"date":"2019-07-26T07:10:49","date_gmt":"2019-07-26T05:10:49","guid":{"rendered":"https:\/\/cdiffprom.ch\/produit\/mobiler-doppelseitiger-prospektstaender\/"},"modified":"2019-07-26T07:10:49","modified_gmt":"2019-07-26T05:10:49","slug":"mobiler-doppelseitiger-prospektstaender","status":"publish","type":"product","link":"https:\/\/cdiffprom.ch\/de\/produit\/mobiler-doppelseitiger-prospektstaender\/","title":{"rendered":"Mobiler, doppelseitiger Prospektst\u00e4nder"},"content":{"rendered":"<h3><span style=\"color: #800000;\"><strong>Mobiler, doppelseitiger Prospektst\u00e4nder<\/strong><\/span><\/h3>\n<p>Dieser mobile, doppelseitige Brosch\u00fcrenst\u00e4nder ist das ideale Medium f\u00fcr Publikationen und Kataloge, Tageszeitungen und Flyer.<\/p>\n<p>Dank der doppelseitigen Struktur sind alle Ihre Dokumente auf beiden Seiten des Mediums sichtbar und zug\u00e4nglich.<\/p>\n<p>Er ist au\u00dferdem mit Rollen ausgestattet, so dass er bei Bedarf leicht bewegt werden kann.<\/p>\n<h4><span style=\"color: #800000;\"><strong>Merkmale :<\/strong><\/span><\/h4>\n<ul>\n<li>Auf der Vorderseite 16 A4-Brosch\u00fcrenbilder<\/li>\n<li>Struktur aus eloxiertem, nat\u00fcrlichem Aluminium<\/li>\n<li>4 Ebenen geneigter Regale aus 4 mm starkem, transparentem, starrem Plexiglas<\/li>\n<li>Regal B 44 x H 33 cm Vorderkante Kapazit\u00e4t 4 cm<\/li>\n<li>H\u00f6he 180 cm x Breite 55 cm x Tiefe 45 cm<\/li>\n<\/ul>\n<h4><strong><span style=\"color: #800000;\">Beispiele f\u00fcr Orte der Nutzung :<\/span><\/strong><\/h4>\n<ul>\n<li>Reise- oder Tourismusagenturen<\/li>\n<li>Empfangsorte von Museen oder Kulturzentren<\/li>\n<li>Wartezimmer von Arztpraxen<\/li>\n<\/ul>\n<h4><strong><span style=\"color: #800000;\">Lieferbedingungen :<br \/>\n<\/span><\/strong><\/h4>\n<p>Zu Ihrer Information: Nach Eingang Ihres Auftrags sind unsere Produkte innerhalb von etwa zehn Tagen lieferbar.<\/p>\n<p>Z\u00f6gern Sie nicht <u><a href=\"https:\/\/cdiffprom.ch\/elements\/contactez-nous\/\"><span style=\"color: #800000;\"><strong>kontaktieren Sie uns bitte.<\/strong><\/span><\/a><\/u> Wenn Sie einen dringenderen Bedarf haben, haben wir immer eine schnellere L\u00f6sung f\u00fcr Sie und k\u00f6nnen Sie auch \u00fcber Rabatte bei Mengenbestellungen informieren.<\/p>\n<p>Einige Artikel k\u00f6nnen eine l\u00e4ngere Lieferzeit in Anspruch nehmen, da sie nicht auf Lager unseres Lieferanten sind. In diesem Fall werden Sie nach Eingang Ihrer Bestellung benachrichtigt. <\/p>\n<p>Wir liefern versandkostenfrei ab einem Bestellwert von CHF. 500.-. Unterhalb dieses Betrags wird eine Pauschale von CHF. 15,90 zu entrichten. <\/p>\n<p>Bei allen Online-Bestellungen f\u00fchren wir immer einen Telefonanruf durch, um sicherzustellen, dass Sie das richtige Produkt f\u00fcr Ihre Bed\u00fcrfnisse ausgew\u00e4hlt haben. So k\u00f6nnen Sie sicher sein, dass Sie die richtige Wahl treffen. <\/p>\n<p>Bitte beachten Sie, dass die Promo-Codes nicht kumulierbar sind und der Rabatt auf Ihrer Bestellung sichtbar ist.<\/p>\n","protected":false},"excerpt":{"rendered":"<p>Doppelseitiges Display, 4 Regalebenen f\u00fcr die Dokumentation, mit Rollen ausgestattet<\/p>\n","protected":false},"featured_media":103850,"template":"","meta":{"slim_seo":{"title":"Mobiler, doppelseitiger Prospektst\u00e4nder - Suisse - C.Diff-Prom","description":"Doppelseitiges Display, 4 Regalebenen f\u00fcr die Dokumentation, mit Rollen ausgestattet"}},"product_brand":[],"product_cat":[6346,6388],"product_tag":[6581,6505],"class_list":{"0":"post-106827","1":"product","2":"type-product","3":"status-publish","4":"has-post-thumbnail","6":"product_cat-mobile-displays","7":"product_cat-presentoirs","8":"product_tag-mobile-displays","9":"product_tag-regale-fur-bibliotheken","11":"first","12":"instock","13":"taxable","14":"shipping-taxable","15":"purchasable","16":"product-type-simple"},"_links":{"self":[{"href":"https:\/\/cdiffprom.ch\/de\/wp-json\/wp\/v2\/product\/106827","targetHints":{"allow":["GET"]}}],"collection":[{"href":"https:\/\/cdiffprom.ch\/de\/wp-json\/wp\/v2\/product"}],"about":[{"href":"https:\/\/cdiffprom.ch\/de\/wp-json\/wp\/v2\/types\/product"}],"wp:featuredmedia":[{"embeddable":true,"href":"https:\/\/cdiffprom.ch\/de\/wp-json\/wp\/v2\/media\/103850"}],"wp:attachment":[{"href":"https:\/\/cdiffprom.ch\/de\/wp-json\/wp\/v2\/media?parent=106827"}],"wp:term":[{"taxonomy":"product_brand","embeddable":true,"href":"https:\/\/cdiffprom.ch\/de\/wp-json\/wp\/v2\/product_brand?post=106827"},{"taxonomy":"product_cat","embeddable":true,"href":"https:\/\/cdiffprom.ch\/de\/wp-json\/wp\/v2\/product_cat?post=106827"},{"taxonomy":"product_tag","embeddable":true,"href":"https:\/\/cdiffprom.ch\/de\/wp-json\/wp\/v2\/product_tag?post=106827"}],"curies":[{"name":"wp","href":"https:\/\/api.w.org\/{rel}","templated":true}]}}