{"id":106828,"date":"2019-07-26T07:14:18","date_gmt":"2019-07-26T05:14:18","guid":{"rendered":"https:\/\/cdiffprom.ch\/produit\/wanddisplay-fuer-4-staebchen\/"},"modified":"2019-07-26T07:14:18","modified_gmt":"2019-07-26T05:14:18","slug":"wanddisplay-fuer-4-staebchen","status":"publish","type":"product","link":"https:\/\/cdiffprom.ch\/de\/produit\/wanddisplay-fuer-4-staebchen\/","title":{"rendered":"Wanddisplay f\u00fcr 4 St\u00e4bchen"},"content":{"rendered":"<h3><strong><span style=\"color: #993300;\">Wanddisplay f\u00fcr 4 St\u00e4bchen<\/span><\/strong><\/h3>\n<p>Dieses Wanddisplay mit 4 St\u00e4ben wird Ihnen gute Dienste leisten, wenn Sie Ihre Tageszeitungen Ihren Besuchern zur Verf\u00fcgung stellen wollen.<\/p>\n<p>Im Lieferumfang sind 4 Lesest\u00e4be und Schrauben zur Befestigung an der Wand enthalten.<\/p>\n<p>Die einzelnen St\u00e4bchen sind unter <strong><span style=\"color: #993300;\"><a style=\"color: #993300;\" href=\"https:\/\/cdiffprom.ch\/produit\/baguette-de-lecture-pour-quotidien\/\">unter diesem Link<\/a><\/span><\/strong><\/p>\n<ul>\n<li>Verwendung an verschiedenen Verkaufsstellen: Presse, Hotels, \u00f6ffentliche Einrichtungen, Mediatheken<\/li>\n<li>Wandbefestigung mit 4 Schrauben und D\u00fcbeln (im Lieferumfang enthalten)<\/li>\n<li>Transparenter Plexiglasst\u00e4nder mit 4 Lesest\u00e4ben.<\/li>\n<\/ul>\n<h4><span style=\"color: #993300;\"><strong>Lieferbedingungen<\/strong><\/span><\/h4>\n<p>Alle unsere Produkte sind innerhalb von 10 Tagen nach Eingang Ihrer Bestellung lieferbar. Bitte z\u00f6gern Sie nicht, uns zu kontaktieren. <span style=\"color: #993300;\"><a style=\"color: #993300;\" href=\"https:\/\/cdiffprom.ch\/elements\/contactez-nous\/\"><strong>uns zu kontaktieren.<\/strong><\/a> <\/span>Wenn Sie einen dringenderen Bedarf haben, k\u00f6nnen wir Ihnen immer eine schnellere L\u00f6sung anbieten. <\/p>\n<p>Einige Artikel k\u00f6nnen eine l\u00e4ngere Lieferzeit in Anspruch nehmen, da sie nicht auf Lager unseres Lieferanten sind. In diesem Fall werden Sie nach Eingang Ihrer Bestellung benachrichtigt. <\/p>\n<p>Wir liefern versandkostenfrei ab einem Bestellwert von CHF. 500.-. Unterhalb dieses Betrags wird eine Pauschale von CHF. 15,90 zu entrichten. <\/p>\n<p>Bei allen Online-Bestellungen f\u00fchren wir immer einen Telefonanruf durch, um sicherzustellen, dass Sie das richtige Produkt f\u00fcr Ihre Bed\u00fcrfnisse ausgew\u00e4hlt haben. So k\u00f6nnen Sie sicher sein, dass Sie die richtige Wahl treffen. <\/p>\n","protected":false},"excerpt":{"rendered":"<p>Der ideale St\u00e4bchenhalter f\u00fcr viele Orte und um Ihren Besuchern eine ideale Lekt\u00fcre zu bieten<\/p>\n<p>Die St\u00e4bchen <span style=\"color: #993300;\"><strong><a style=\"color: #993300;\" href=\"https:\/\/cdiffprom.ch\/produit\/baguette-de-lecture-pour-quotidien\/\">St\u00e4be allein<\/a><\/strong><\/span> sind ebenfalls erh\u00e4ltlich und k\u00f6nnen aufgeh\u00e4ngt oder aufgerollt werden.<\/p>\n","protected":false},"featured_media":102898,"template":"","meta":{"slim_seo":{"title":"Wanddisplay f\u00fcr 4 St\u00e4bchen - Suisse - C.Diff-Prom","description":"Der ideale St\u00e4bchenhalter f\u00fcr viele Orte und um Ihren Besuchern eine ideale Lekt\u00fcre zu bieten Die St\u00e4bchen St\u00e4be allein sind ebenfalls erh\u00e4ltlich und k\u00f6nnen auf"}},"product_brand":[],"product_cat":[6478,6475,6388,6401],"product_tag":[6479,6477,6476],"class_list":{"0":"post-106828","1":"product","2":"type-product","3":"status-publish","4":"has-post-thumbnail","6":"product_cat-broschuren-und-zeitungsstander","7":"product_cat-leitern-fur-presse-und-zeitungen","8":"product_cat-presentoirs","9":"product_cat-zeitungsstander","10":"product_tag-broschuren-und-zeitungsstander","11":"product_tag-leitern-fur-presse-und-zeitungen","12":"product_tag-wanddisplays","14":"first","15":"instock","16":"taxable","17":"shipping-taxable","18":"purchasable","19":"product-type-simple"},"_links":{"self":[{"href":"https:\/\/cdiffprom.ch\/de\/wp-json\/wp\/v2\/product\/106828","targetHints":{"allow":["GET"]}}],"collection":[{"href":"https:\/\/cdiffprom.ch\/de\/wp-json\/wp\/v2\/product"}],"about":[{"href":"https:\/\/cdiffprom.ch\/de\/wp-json\/wp\/v2\/types\/product"}],"wp:featuredmedia":[{"embeddable":true,"href":"https:\/\/cdiffprom.ch\/de\/wp-json\/wp\/v2\/media\/102898"}],"wp:attachment":[{"href":"https:\/\/cdiffprom.ch\/de\/wp-json\/wp\/v2\/media?parent=106828"}],"wp:term":[{"taxonomy":"product_brand","embeddable":true,"href":"https:\/\/cdiffprom.ch\/de\/wp-json\/wp\/v2\/product_brand?post=106828"},{"taxonomy":"product_cat","embeddable":true,"href":"https:\/\/cdiffprom.ch\/de\/wp-json\/wp\/v2\/product_cat?post=106828"},{"taxonomy":"product_tag","embeddable":true,"href":"https:\/\/cdiffprom.ch\/de\/wp-json\/wp\/v2\/product_tag?post=106828"}],"curies":[{"name":"wp","href":"https:\/\/api.w.org\/{rel}","templated":true}]}}