{"id":106829,"date":"2019-07-26T07:10:50","date_gmt":"2019-07-26T05:10:50","guid":{"rendered":"https:\/\/cdiffprom.ch\/produit\/broschuerenverteiler-mit-grosser-kapazitaet\/"},"modified":"2019-07-26T07:10:50","modified_gmt":"2019-07-26T05:10:50","slug":"broschuerenverteiler-mit-grosser-kapazitaet","status":"publish","type":"product","link":"https:\/\/cdiffprom.ch\/de\/produit\/broschuerenverteiler-mit-grosser-kapazitaet\/","title":{"rendered":"Brosch\u00fcrenverteiler mit gro\u00dfer Kapazit\u00e4t"},"content":{"rendered":"<h3><strong><span style=\"color: #800000;\">Brosch\u00fcrenverteiler mit hoher Kapazit\u00e4t<\/span><\/strong><\/h3>\n<p>Mit seiner individuell gestaltbaren Frontseite wird Ihnen dieser Gro\u00dfraum-Brosch\u00fcrenverteiler viele Dienste erweisen.<\/p>\n<p>Wenn Sie mit den Passanten auf Ihrer Stra\u00dfe kommunizieren m\u00f6chten, sind Ihre Brosch\u00fcren, Prospekte oder Kataloge dank des separat erh\u00e4ltlichen Vollschutzes bei jedem Wetter leicht greifbar.<\/p>\n<p>Dieser St\u00e4nder ist leicht zu bewegen, da er mit 2 Rollen ausgestattet ist, und bietet Ihnen eine H\u00f6he von 22 cm f\u00fcr Brosch\u00fcren und Dokumentationen im A4-Format.<\/p>\n<p>Beachten Sie auch unser Gestell mit zwei schr\u00e4geren Schalen.<\/p>\n<p>Das elegante Metallic-Finish in grau-schwarzer Hammerschlag-Optik bringt Ihre Dokumente wirklich zur Geltung.<\/p>\n<h4><strong><span style=\"color: #800000;\">Technische Besonderheiten<\/span><\/strong><\/h4>\n<ul>\n<li>Verwendung im Innen- und Au\u00dfenbereich, an der Rezeption.<\/li>\n<li>Pr\u00e4sentation und Verteilung von Dokumenten in gro\u00dfer Zahl an ein breites Publikum<\/li>\n<li>F\u00fcr Dokumente bis zu einem Format von H 32 x B 23 cm.<\/li>\n<li>Metallischer Giebel H 20 x B 25 cm<\/li>\n<li>Sehr stabil, Leergewicht von 5 kg bei einer Gesamth\u00f6he von 98 cm<\/li>\n<li>Mobil auf 2 Rollen<\/li>\n<li>Metallische Ausf\u00fchrung schwarz\/grau geh\u00e4mmert<\/li>\n<\/ul>\n<h4><span style=\"color: #800000;\"><strong>Lieferbedingungen<\/strong><\/span><\/h4>\n<p>Alle unsere Produkte sind innerhalb von 10 Tagen nach Eingang Ihrer Bestellung lieferbar. Bitte z\u00f6gern Sie nicht, uns zu kontaktieren. <strong><span style=\"color: #800000;\"><a style=\"color: #800000;\" href=\"https:\/\/cdiffprom.ch\/elements\/contactez-nous\/\">uns zu kontaktieren.<\/a><\/span><\/strong> Wenn Sie einen dringenderen Bedarf haben, k\u00f6nnen wir Ihnen immer eine schnellere L\u00f6sung anbieten. <\/p>\n<p>Einige Artikel k\u00f6nnen eine l\u00e4ngere Lieferzeit in Anspruch nehmen, da sie nicht auf Lager unseres Lieferanten sind. In diesem Fall werden Sie nach Eingang Ihrer Bestellung benachrichtigt. <\/p>\n<p>Wir liefern versandkostenfrei ab einem Bestellwert von CHF. 500.-. Unterhalb dieses Betrags wird eine Pauschale von CHF. 15,90 zu entrichten. <\/p>\n<p>Bei allen Online-Bestellungen f\u00fchren wir immer einen Telefonanruf durch, um sicherzustellen, dass Sie das richtige Produkt f\u00fcr Ihre Bed\u00fcrfnisse ausgew\u00e4hlt haben. So k\u00f6nnen Sie sicher sein, dass Sie die richtige Wahl treffen. <\/p>\n<div class=\"col medium-6 small-12 large-6\">\n<div class=\"col-inner\">\n<div class=\"woocommerce-tabs wc-tabs-wrapper container tabbed-content\">\n<div class=\"tab-panels\"><\/div>\n<\/div>\n<\/div>\n<\/div>\n","protected":false},"excerpt":{"rendered":"<p>Brosch\u00fcrenverteiler mit hoher Kapazit\u00e4t Mit seiner individuell gestaltbaren Frontseite wird Ihnen dieser Gro\u00dfraum-Brosch\u00fcrenverteiler viele Dienste erweisen. Wenn Sie mit den Passanten auf Ihrer Stra\u00dfe kommunizieren m\u00f6chten, sind Ihre Brosch\u00fcren, Prospekte oder Kataloge dank des separat erh\u00e4ltlichen Vollschutzes bei jedem Wetter leicht greifbar. Dieser St\u00e4nder ist leicht zu bewegen, da er mit 2 Rollen ausgestattet ist,&#8230;<\/p>\n","protected":false},"featured_media":102058,"template":"","meta":{"slim_seo":{"title":"Brosch\u00fcrenverteiler mit gro\u00dfer Kapazit\u00e4t - Suisse - C.Diff-Prom","description":"Brosch\u00fcrenverteiler mit hoher Kapazit\u00e4t Mit seiner individuell gestaltbaren Frontseite wird Ihnen dieser Gro\u00dfraum-Brosch\u00fcrenverteiler viele Dienste erweisen. We"}},"product_brand":[],"product_cat":[6346,6388],"product_tag":[6581],"class_list":{"0":"post-106829","1":"product","2":"type-product","3":"status-publish","4":"has-post-thumbnail","6":"product_cat-mobile-displays","7":"product_cat-presentoirs","8":"product_tag-mobile-displays","10":"first","11":"instock","12":"taxable","13":"shipping-taxable","14":"purchasable","15":"product-type-simple"},"_links":{"self":[{"href":"https:\/\/cdiffprom.ch\/de\/wp-json\/wp\/v2\/product\/106829","targetHints":{"allow":["GET"]}}],"collection":[{"href":"https:\/\/cdiffprom.ch\/de\/wp-json\/wp\/v2\/product"}],"about":[{"href":"https:\/\/cdiffprom.ch\/de\/wp-json\/wp\/v2\/types\/product"}],"wp:featuredmedia":[{"embeddable":true,"href":"https:\/\/cdiffprom.ch\/de\/wp-json\/wp\/v2\/media\/102058"}],"wp:attachment":[{"href":"https:\/\/cdiffprom.ch\/de\/wp-json\/wp\/v2\/media?parent=106829"}],"wp:term":[{"taxonomy":"product_brand","embeddable":true,"href":"https:\/\/cdiffprom.ch\/de\/wp-json\/wp\/v2\/product_brand?post=106829"},{"taxonomy":"product_cat","embeddable":true,"href":"https:\/\/cdiffprom.ch\/de\/wp-json\/wp\/v2\/product_cat?post=106829"},{"taxonomy":"product_tag","embeddable":true,"href":"https:\/\/cdiffprom.ch\/de\/wp-json\/wp\/v2\/product_tag?post=106829"}],"curies":[{"name":"wp","href":"https:\/\/api.w.org\/{rel}","templated":true}]}}