{"id":106831,"date":"2019-07-26T07:10:50","date_gmt":"2019-07-26T05:10:50","guid":{"rendered":"https:\/\/cdiffprom.ch\/produit\/broschuerenverteiler-mit-visualdeckblatt\/"},"modified":"2019-07-26T07:10:50","modified_gmt":"2019-07-26T05:10:50","slug":"broschuerenverteiler-mit-visualdeckblatt","status":"publish","type":"product","link":"https:\/\/cdiffprom.ch\/de\/produit\/broschuerenverteiler-mit-visualdeckblatt\/","title":{"rendered":"Brosch\u00fcrenverteiler mit Visual+Deckblatt"},"content":{"rendered":"<h3><span style=\"color: #800000;\"><strong>Brosch\u00fcrenverteiler mit Visual+Deckblatt<\/strong><\/span><\/h3>\n<p>Dieser Brosch\u00fcrendispenser mit Display+Haube bietet Ihnen sowohl einen Beh\u00e4lter f\u00fcr Ihre Dokumente als auch einen Displayhalter f\u00fcr das Poster Ihrer Wahl.<\/p>\n<p>Au\u00dferdem kann der Dispenser dank seiner Haube im Freien aufgestellt werden, so dass Kataloge oder Publikationen vor verschiedenen Wetterbedingungen gesch\u00fctzt sind.<\/p>\n<p>Da er mit 2 Rollen ausgestattet ist, k\u00f6nnen Sie ihn bei Bedarf leicht bewegen.<\/p>\n<h4><span style=\"color: #800000;\"><strong>Merkmale :<\/strong><\/span><\/h4>\n<ul>\n<li>2 Modelle: A4 Hochformat (H 32 x B 24 cm) oder A4 Querformat (H 25 x B 33 cm)<\/li>\n<li>Fach mit einer Kapazit\u00e4t von 10 cm f\u00fcr Dokumente<\/li>\n<li>Transparente, unzerbrechliche, kippbare Schutzhaube<\/li>\n<li>1 Visitenkartenhalter (2 Plexiglasplatten)<\/li>\n<li>Metallkonstruktion mit hellgrauer Epoxy-Lackierung<\/li>\n<li>Leergewicht 8 kg<\/li>\n<\/ul>\n<h4><span style=\"color: #800000;\"><strong>Lieferbedingungen :<br \/>\n<\/strong><\/span><\/h4>\n<p>Zu Ihrer Information: Nach Eingang Ihres Auftrags sind unsere Produkte innerhalb von etwa zehn Tagen lieferbar.<\/p>\n<p>Z\u00f6gern Sie nicht <u><a href=\"https:\/\/cdiffprom.ch\/elements\/contactez-nous\/\"><span style=\"color: #800000;\"><strong>uns zu kontaktieren.<\/strong><\/span><\/a><\/u> Wenn Sie einen dringenderen Bedarf haben, k\u00f6nnen wir Ihnen immer eine schnellere L\u00f6sung anbieten.<\/p>\n<p>Wir sind auch gerne bereit, Ihnen Informationen \u00fcber Mengenrabatte zu geben.<\/p>\n<p>Einige Artikel k\u00f6nnen eine l\u00e4ngere Lieferzeit in Anspruch nehmen, da sie nicht auf Lager unseres Lieferanten sind. In diesem Fall werden Sie nach Eingang Ihrer Bestellung benachrichtigt. <\/p>\n<p>Wir liefern versandkostenfrei ab einem Bestellwert von CHF. 500.-. Unterhalb dieses Betrags wird eine Pauschale von CHF. 15,90 zu entrichten. <\/p>\n<p>Bei allen Online-Bestellungen f\u00fchren wir immer einen Telefonanruf durch, um sicherzustellen, dass Sie das richtige Produkt f\u00fcr Ihre Bed\u00fcrfnisse ausgew\u00e4hlt haben. So k\u00f6nnen Sie sicher sein, dass Sie die richtige Wahl treffen. <\/p>\n<p>Bitte beachten Sie, dass die Promo-Codes nicht kumulierbar sind und der Rabatt auf Ihrer Bestellung sichtbar ist.<\/p>\n","protected":false},"excerpt":{"rendered":"<p>Dieser A4-Dokumentenverteiler ist im Hoch- oder Querformat erh\u00e4ltlich und ist mit einem Plexiglashalter und einer Schutzhaube ausgestattet, so dass Sie ihn bei Bedarf auch im Freien aufstellen k\u00f6nnen.<\/p>\n","protected":false},"featured_media":102056,"template":"","meta":{"slim_seo":{"title":"Brosch\u00fcrenverteiler mit Visual+Deckblatt - Suisse - C.Diff-Prom","description":"Dieser A4-Dokumentenverteiler ist im Hoch- oder Querformat erh\u00e4ltlich und ist mit einem Plexiglashalter und einer Schutzhaube ausgestattet, so dass Sie ihn bei"}},"product_brand":[],"product_cat":[6346,6388],"product_tag":[6479,6581,6364],"class_list":{"0":"post-106831","1":"product","2":"type-product","3":"status-publish","4":"has-post-thumbnail","6":"product_cat-mobile-displays","7":"product_cat-presentoirs","8":"product_tag-broschuren-und-zeitungsstander","9":"product_tag-mobile-displays","10":"product_tag-pos-materialien","11":"pa_orientation-landschaft","12":"pa_orientation-portrat","14":"first","15":"instock","16":"taxable","17":"shipping-taxable","18":"purchasable","19":"product-type-variable"},"_links":{"self":[{"href":"https:\/\/cdiffprom.ch\/de\/wp-json\/wp\/v2\/product\/106831","targetHints":{"allow":["GET"]}}],"collection":[{"href":"https:\/\/cdiffprom.ch\/de\/wp-json\/wp\/v2\/product"}],"about":[{"href":"https:\/\/cdiffprom.ch\/de\/wp-json\/wp\/v2\/types\/product"}],"wp:featuredmedia":[{"embeddable":true,"href":"https:\/\/cdiffprom.ch\/de\/wp-json\/wp\/v2\/media\/102056"}],"wp:attachment":[{"href":"https:\/\/cdiffprom.ch\/de\/wp-json\/wp\/v2\/media?parent=106831"}],"wp:term":[{"taxonomy":"product_brand","embeddable":true,"href":"https:\/\/cdiffprom.ch\/de\/wp-json\/wp\/v2\/product_brand?post=106831"},{"taxonomy":"product_cat","embeddable":true,"href":"https:\/\/cdiffprom.ch\/de\/wp-json\/wp\/v2\/product_cat?post=106831"},{"taxonomy":"product_tag","embeddable":true,"href":"https:\/\/cdiffprom.ch\/de\/wp-json\/wp\/v2\/product_tag?post=106831"}],"curies":[{"name":"wp","href":"https:\/\/api.w.org\/{rel}","templated":true}]}}