{"id":106839,"date":"2019-07-26T07:14:19","date_gmt":"2019-07-26T05:14:19","guid":{"rendered":"https:\/\/cdiffprom.ch\/produit\/dokumentenverteiler-mit-deckel\/"},"modified":"2019-07-26T07:14:19","modified_gmt":"2019-07-26T05:14:19","slug":"dokumentenverteiler-mit-deckel","status":"publish","type":"product","link":"https:\/\/cdiffprom.ch\/de\/produit\/dokumentenverteiler-mit-deckel\/","title":{"rendered":"Dokumentenverteiler mit Deckel"},"content":{"rendered":"<ul>\n<li>F\u00fcr Kataloge, Prospekte, Flyer<\/li>\n<li>Schwarzer Deckel, aufklappbar mit Scharnieren<\/li>\n<li>4 Lichter zur Befestigung auf der R\u00fcckseite Transparenter, bruchfester Polycarbonat-Kunststoff, Anti-UV-Behandlung<\/li>\n<li>Kapazit\u00e4t 7 cm dicke Dokumente<\/li>\n<\/ul>\n","protected":false},"excerpt":{"rendered":"<p>F\u00fcr Kataloge, Prospekte, Flyer Schwarzer Deckel, aufklappbar mit Scharnieren 4 Lichter zur Befestigung auf der R\u00fcckseite Transparenter, bruchfester Polycarbonat-Kunststoff, Anti-UV-Behandlung Kapazit\u00e4t 7 cm dicke Dokumente<\/p>\n","protected":false},"featured_media":101480,"template":"","meta":{"slim_seo":{"title":"Dokumentenverteiler mit Deckel - Suisse - C.Diff-Prom","description":"F\u00fcr Kataloge, Prospekte, Flyer Schwarzer Deckel, aufklappbar mit Scharnieren 4 Lichter zur Befestigung auf der R\u00fcckseite Transparenter, bruchfester Polycarbonat"}},"product_brand":[],"product_cat":[6388,6358],"product_tag":[6476],"class_list":{"0":"post-106839","1":"product","2":"type-product","3":"status-publish","4":"has-post-thumbnail","6":"product_cat-presentoirs","7":"product_cat-wanddisplays","8":"product_tag-wanddisplays","9":"pa_dimensions-1-3-a4-h-205-x-b-12-x-t-93-cm","10":"pa_dimensions-a4-21-x-297-cm-de","11":"pa_dimensions-a5-14-8-x-21-cm-de","13":"first","14":"instock","15":"taxable","16":"shipping-taxable","17":"purchasable","18":"product-type-variable"},"_links":{"self":[{"href":"https:\/\/cdiffprom.ch\/de\/wp-json\/wp\/v2\/product\/106839","targetHints":{"allow":["GET"]}}],"collection":[{"href":"https:\/\/cdiffprom.ch\/de\/wp-json\/wp\/v2\/product"}],"about":[{"href":"https:\/\/cdiffprom.ch\/de\/wp-json\/wp\/v2\/types\/product"}],"wp:featuredmedia":[{"embeddable":true,"href":"https:\/\/cdiffprom.ch\/de\/wp-json\/wp\/v2\/media\/101480"}],"wp:attachment":[{"href":"https:\/\/cdiffprom.ch\/de\/wp-json\/wp\/v2\/media?parent=106839"}],"wp:term":[{"taxonomy":"product_brand","embeddable":true,"href":"https:\/\/cdiffprom.ch\/de\/wp-json\/wp\/v2\/product_brand?post=106839"},{"taxonomy":"product_cat","embeddable":true,"href":"https:\/\/cdiffprom.ch\/de\/wp-json\/wp\/v2\/product_cat?post=106839"},{"taxonomy":"product_tag","embeddable":true,"href":"https:\/\/cdiffprom.ch\/de\/wp-json\/wp\/v2\/product_tag?post=106839"}],"curies":[{"name":"wp","href":"https:\/\/api.w.org\/{rel}","templated":true}]}}