{"id":106840,"date":"2019-07-26T07:14:20","date_gmt":"2019-07-26T05:14:20","guid":{"rendered":"https:\/\/cdiffprom.ch\/produit\/grossformatiger-dokumentenstaender\/"},"modified":"2019-07-26T07:14:20","modified_gmt":"2019-07-26T05:14:20","slug":"grossformatiger-dokumentenstaender","status":"publish","type":"product","link":"https:\/\/cdiffprom.ch\/de\/produit\/grossformatiger-dokumentenstaender\/","title":{"rendered":"Gro\u00dfformatiger Dokumentenst\u00e4nder"},"content":{"rendered":"<ul>\n<li>Einzelne Nutzung mit offenen Seiten f\u00fcr Formate \u00fcber 230 mm Breite (Akten, Zeitungen, Werbung&#8230;)<\/li>\n<li>Die flexible, unzerbrechliche Drucklasche und der gezackte Boden verhindern, dass sich die Dokumente kr\u00fcmmen.<\/li>\n<li>2-Punkt-Wandbefestigung<\/li>\n<li>Herstellung aus transparentem Polycarbonat, unzerbrechlichem Kunststoff<\/li>\n<\/ul>\n","protected":false},"excerpt":{"rendered":"<p>Einzelne Nutzung mit offenen Seiten f\u00fcr Formate \u00fcber 230 mm Breite (Akten, Zeitungen, Werbung&#8230;) Die flexible, unzerbrechliche Drucklasche und der gezackte Boden verhindern, dass sich die Dokumente kr\u00fcmmen. 2-Punkt-Wandbefestigung Herstellung aus transparentem Polycarbonat, unzerbrechlichem Kunststoff<\/p>\n","protected":false},"featured_media":101474,"template":"","meta":{"slim_seo":{"title":"Gro\u00dfformatiger Dokumentenst\u00e4nder - Suisse - C.Diff-Prom","description":"Einzelne Nutzung mit offenen Seiten f\u00fcr Formate \u00fcber 230 mm Breite (Akten, Zeitungen, Werbung...) Die flexible, unzerbrechliche Drucklasche und der gezackte Bod"}},"product_brand":[],"product_cat":[6388,6358],"product_tag":[6476],"class_list":{"0":"post-106840","1":"product","2":"type-product","3":"status-publish","4":"has-post-thumbnail","6":"product_cat-presentoirs","7":"product_cat-wanddisplays","8":"product_tag-wanddisplays","10":"first","11":"instock","12":"taxable","13":"shipping-taxable","14":"purchasable","15":"product-type-simple"},"_links":{"self":[{"href":"https:\/\/cdiffprom.ch\/de\/wp-json\/wp\/v2\/product\/106840","targetHints":{"allow":["GET"]}}],"collection":[{"href":"https:\/\/cdiffprom.ch\/de\/wp-json\/wp\/v2\/product"}],"about":[{"href":"https:\/\/cdiffprom.ch\/de\/wp-json\/wp\/v2\/types\/product"}],"wp:featuredmedia":[{"embeddable":true,"href":"https:\/\/cdiffprom.ch\/de\/wp-json\/wp\/v2\/media\/101474"}],"wp:attachment":[{"href":"https:\/\/cdiffprom.ch\/de\/wp-json\/wp\/v2\/media?parent=106840"}],"wp:term":[{"taxonomy":"product_brand","embeddable":true,"href":"https:\/\/cdiffprom.ch\/de\/wp-json\/wp\/v2\/product_brand?post=106840"},{"taxonomy":"product_cat","embeddable":true,"href":"https:\/\/cdiffprom.ch\/de\/wp-json\/wp\/v2\/product_cat?post=106840"},{"taxonomy":"product_tag","embeddable":true,"href":"https:\/\/cdiffprom.ch\/de\/wp-json\/wp\/v2\/product_tag?post=106840"}],"curies":[{"name":"wp","href":"https:\/\/api.w.org\/{rel}","templated":true}]}}