{"id":106844,"date":"2019-07-26T07:14:19","date_gmt":"2019-07-26T05:14:19","guid":{"rendered":"https:\/\/cdiffprom.ch\/produit\/wandprospektstaender-fuer-broschueren\/"},"modified":"2019-07-26T07:14:19","modified_gmt":"2019-07-26T05:14:19","slug":"wandprospektstaender-fuer-broschueren","status":"publish","type":"product","link":"https:\/\/cdiffprom.ch\/de\/produit\/wandprospektstaender-fuer-broschueren\/","title":{"rendered":"Wandprospektst\u00e4nder f\u00fcr Brosch\u00fcren"},"content":{"rendered":"<ul>\n<li>2 L\u00f6cher f\u00fcr Wandbefestigung, Schrauben nicht im Lieferumfang enthalten<\/li>\n<li>Transparenter, eingespritzter Kristallkunststoff<\/li>\n<li>Kapazit\u00e4t 3,5 cm Dokumente pro Feld 4 Modelle<\/li>\n<\/ul>\n","protected":false},"excerpt":{"rendered":"<p>2 L\u00f6cher f\u00fcr Wandbefestigung, Schrauben nicht im Lieferumfang enthalten Transparenter, eingespritzter Kristallkunststoff Kapazit\u00e4t 3,5 cm Dokumente pro Feld 4 Modelle<\/p>\n","protected":false},"featured_media":101468,"template":"","meta":{"slim_seo":{"title":"Wandprospektst\u00e4nder f\u00fcr Brosch\u00fcren - Suisse - C.Diff-Prom","description":"2 L\u00f6cher f\u00fcr Wandbefestigung, Schrauben nicht im Lieferumfang enthalten Transparenter, eingespritzter Kristallkunststoff Kapazit\u00e4t 3,5 cm Dokumente pro Feld 4 M"}},"product_brand":[],"product_cat":[6388,6358],"product_tag":[6476],"class_list":{"0":"post-106844","1":"product","2":"type-product","3":"status-publish","4":"has-post-thumbnail","6":"product_cat-presentoirs","7":"product_cat-wanddisplays","8":"product_tag-wanddisplays","9":"pa_dimensions-1-3-a4-h-205-x-b-12-x-t-93-cm","10":"pa_dimensions-a4-21-x-297-cm-de","11":"pa_dimensions-a5-14-8-x-21-cm-de","12":"pa_orientation-landschaft","13":"pa_orientation-portrat","15":"first","16":"instock","17":"taxable","18":"shipping-taxable","19":"purchasable","20":"product-type-variable"},"_links":{"self":[{"href":"https:\/\/cdiffprom.ch\/de\/wp-json\/wp\/v2\/product\/106844","targetHints":{"allow":["GET"]}}],"collection":[{"href":"https:\/\/cdiffprom.ch\/de\/wp-json\/wp\/v2\/product"}],"about":[{"href":"https:\/\/cdiffprom.ch\/de\/wp-json\/wp\/v2\/types\/product"}],"wp:featuredmedia":[{"embeddable":true,"href":"https:\/\/cdiffprom.ch\/de\/wp-json\/wp\/v2\/media\/101468"}],"wp:attachment":[{"href":"https:\/\/cdiffprom.ch\/de\/wp-json\/wp\/v2\/media?parent=106844"}],"wp:term":[{"taxonomy":"product_brand","embeddable":true,"href":"https:\/\/cdiffprom.ch\/de\/wp-json\/wp\/v2\/product_brand?post=106844"},{"taxonomy":"product_cat","embeddable":true,"href":"https:\/\/cdiffprom.ch\/de\/wp-json\/wp\/v2\/product_cat?post=106844"},{"taxonomy":"product_tag","embeddable":true,"href":"https:\/\/cdiffprom.ch\/de\/wp-json\/wp\/v2\/product_tag?post=106844"}],"curies":[{"name":"wp","href":"https:\/\/api.w.org\/{rel}","templated":true}]}}