{"id":106845,"date":"2019-07-26T07:14:20","date_gmt":"2019-07-26T05:14:20","guid":{"rendered":"https:\/\/cdiffprom.ch\/produit\/wanddisplay-metallic-design\/"},"modified":"2019-07-26T07:14:20","modified_gmt":"2019-07-26T05:14:20","slug":"wanddisplay-metallic-design","status":"publish","type":"product","link":"https:\/\/cdiffprom.ch\/de\/produit\/wanddisplay-metallic-design\/","title":{"rendered":"Wanddisplay Metallic-Design"},"content":{"rendered":"<ul>\n<li>Struktur aus naturfarbenem eloxiertem Aluminium 4 geneigte Regalebenen aus 4 mm starkem, transparentem, starrem Plexiglas<\/li>\n<li>Regale B 44 x H 33 cm Vorderkante Kapazit\u00e4t 4 cm<\/li>\n<li>Au\u00dfenma\u00dfe: H 145 x B 52 x T 24 cm  <\/li>\n<\/ul>\n","protected":false},"excerpt":{"rendered":"<p>Struktur aus naturfarbenem eloxiertem Aluminium 4 geneigte Regalebenen aus 4 mm starkem, transparentem, starrem Plexiglas Regale B 44 x H 33 cm Vorderkante Kapazit\u00e4t 4 cm Au\u00dfenma\u00dfe: H 145 x B 52 x T 24 cm<\/p>\n","protected":false},"featured_media":102074,"template":"","meta":{"slim_seo":{"title":"Wanddisplay Metallic-Design - Suisse - C.Diff-Prom","description":"Struktur aus naturfarbenem eloxiertem Aluminium 4 geneigte Regalebenen aus 4 mm starkem, transparentem, starrem Plexiglas Regale B 44 x H 33 cm Vorderkante Kapa"}},"product_brand":[],"product_cat":[6504,6388,6390,6358],"product_tag":[6505,6476],"class_list":{"0":"post-106845","1":"product","2":"type-product","3":"status-publish","4":"has-post-thumbnail","6":"product_cat-bibliotheksregale","7":"product_cat-presentoirs","8":"product_cat-ranking","9":"product_cat-wanddisplays","10":"product_tag-regale-fur-bibliotheken","11":"product_tag-wanddisplays","13":"first","14":"instock","15":"taxable","16":"shipping-taxable","17":"purchasable","18":"product-type-simple"},"_links":{"self":[{"href":"https:\/\/cdiffprom.ch\/de\/wp-json\/wp\/v2\/product\/106845","targetHints":{"allow":["GET"]}}],"collection":[{"href":"https:\/\/cdiffprom.ch\/de\/wp-json\/wp\/v2\/product"}],"about":[{"href":"https:\/\/cdiffprom.ch\/de\/wp-json\/wp\/v2\/types\/product"}],"wp:featuredmedia":[{"embeddable":true,"href":"https:\/\/cdiffprom.ch\/de\/wp-json\/wp\/v2\/media\/102074"}],"wp:attachment":[{"href":"https:\/\/cdiffprom.ch\/de\/wp-json\/wp\/v2\/media?parent=106845"}],"wp:term":[{"taxonomy":"product_brand","embeddable":true,"href":"https:\/\/cdiffprom.ch\/de\/wp-json\/wp\/v2\/product_brand?post=106845"},{"taxonomy":"product_cat","embeddable":true,"href":"https:\/\/cdiffprom.ch\/de\/wp-json\/wp\/v2\/product_cat?post=106845"},{"taxonomy":"product_tag","embeddable":true,"href":"https:\/\/cdiffprom.ch\/de\/wp-json\/wp\/v2\/product_tag?post=106845"}],"curies":[{"name":"wp","href":"https:\/\/api.w.org\/{rel}","templated":true}]}}