{"id":106852,"date":"2019-07-26T07:14:22","date_gmt":"2019-07-26T05:14:22","guid":{"rendered":"https:\/\/cdiffprom.ch\/produit\/wandprospekthalter-fuer-broschueren\/"},"modified":"2019-07-26T07:14:22","modified_gmt":"2019-07-26T05:14:22","slug":"wandprospekthalter-fuer-broschueren","status":"publish","type":"product","link":"https:\/\/cdiffprom.ch\/de\/produit\/wandprospekthalter-fuer-broschueren\/","title":{"rendered":"Wandprospekthalter f\u00fcr Brosch\u00fcren"},"content":{"rendered":"<h3><span style=\"color: #800000;\"><strong>Wandprospekthalter f\u00fcr Brosch\u00fcren<\/strong><\/span><\/h3>\n<p>Mit diesem Brosch\u00fcren-Wanddisplay k\u00f6nnen Sie Ihre Brosch\u00fcren oder Dokumentationen noch besser ausstellen.<\/p>\n<h4><span style=\"color: #800000;\"><strong>Merkmale<\/strong><\/span><\/h4>\n<ul>\n<li>3 verf\u00fcgbare Gr\u00f6\u00dfen: 1\/3 A4, A5 oder A4<\/li>\n<li>Wandmontage f\u00fcr die Pr\u00e4sentation und Verteilung von Dokumenten<\/li>\n<li>Einheitliche H\u00f6he (55 cm) f\u00fcr alle 3 Modelle<\/li>\n<li>Sehr robust<\/li>\n<li>Einfache Wandbefestigung an 4 Punkten auf der R\u00fcckseite, Schrauben nicht im Lieferumfang enthalten<\/li>\n<li>Aus einem St\u00fcck gefertigte Metallkonstruktion, verchromt<\/li>\n<\/ul>\n<h4><span style=\"color: #800000;\"><strong>Lieferbedingungen<\/strong><\/span><\/h4>\n<p>Zu Ihrer Information: Nach Eingang Ihres Auftrags sind unsere Produkte innerhalb von etwa zehn Tagen lieferbar.<\/p>\n<p>Z\u00f6gern Sie nicht <strong><u><a href=\"https:\/\/cdiffprom.ch\/elements\/contactez-nous\/\"><span style=\"color: #800000;\">uns zu kontaktieren.<\/span><\/a><\/u><\/strong> Wenn Sie einen dringenderen Bedarf haben, k\u00f6nnen wir Ihnen immer eine schnellere L\u00f6sung anbieten.<\/p>\n<p>Wir sind auch gerne bereit, Ihnen Informationen \u00fcber Mengenrabatte zu geben.<\/p>\n<p>Einige Artikel k\u00f6nnen eine l\u00e4ngere Lieferzeit in Anspruch nehmen, da sie nicht auf Lager unseres Lieferanten sind. In diesem Fall werden Sie nach Eingang Ihrer Bestellung benachrichtigt. <\/p>\n<p>Wir liefern versandkostenfrei ab einem Bestellwert von CHF. 500.-. Unterhalb dieses Betrags wird eine Pauschale von CHF. 15,90 zu entrichten. <\/p>\n<p>Bei allen Online-Bestellungen f\u00fchren wir immer einen Telefonanruf durch, um sicherzustellen, dass Sie das richtige Produkt f\u00fcr Ihre Bed\u00fcrfnisse ausgew\u00e4hlt haben. So k\u00f6nnen Sie sicher sein, dass Sie die richtige Wahl treffen. <\/p>\n<p>Bitte beachten Sie, dass die Promo-Codes nicht kumulierbar sind und der Rabatt auf Ihrer Bestellung sichtbar ist.<\/p>\n","protected":false},"excerpt":{"rendered":"<p>Eine ideale M\u00f6glichkeit, Ihre Brosch\u00fcren auf kleinstem Raum auszustellen.<\/p>\n<p>Achtung: Schrauben f\u00fcr die Wandbefestigung nicht im Lieferumfang enthalten, <span style=\"color: #800000;\"><strong><a style=\"color: #800000;\" href=\"https:\/\/cdiffprom.ch\/elements\/contactez-nous\/\">Bitte kontaktieren Sie uns<\/a><\/strong><\/span> f\u00fcr die Installation auf Ihrer Fl\u00e4che<\/p>\n","protected":false},"featured_media":101488,"template":"","meta":{"slim_seo":{"title":"Wandprospekthalter f\u00fcr Brosch\u00fcren - Suisse - C.Diff-Prom","description":"Eine ideale M\u00f6glichkeit, Ihre Brosch\u00fcren auf kleinstem Raum auszustellen. Achtung: Schrauben f\u00fcr die Wandbefestigung nicht im Lieferumfang enthalten, Bitte kont"}},"product_brand":[],"product_cat":[6475,6388,6358,6401],"product_tag":[6477,6476],"class_list":{"0":"post-106852","1":"product","2":"type-product","3":"status-publish","4":"has-post-thumbnail","6":"product_cat-leitern-fur-presse-und-zeitungen","7":"product_cat-presentoirs","8":"product_cat-wanddisplays","9":"product_cat-zeitungsstander","10":"product_tag-leitern-fur-presse-und-zeitungen","11":"product_tag-wanddisplays","12":"pa_dimensions-1-3-a4-h-205-x-b-12-x-t-93-cm","13":"pa_dimensions-a4-21-x-297-cm-de","14":"pa_dimensions-a5-14-8-x-21-cm-de","16":"first","17":"instock","18":"taxable","19":"shipping-taxable","20":"purchasable","21":"product-type-variable"},"_links":{"self":[{"href":"https:\/\/cdiffprom.ch\/de\/wp-json\/wp\/v2\/product\/106852","targetHints":{"allow":["GET"]}}],"collection":[{"href":"https:\/\/cdiffprom.ch\/de\/wp-json\/wp\/v2\/product"}],"about":[{"href":"https:\/\/cdiffprom.ch\/de\/wp-json\/wp\/v2\/types\/product"}],"wp:featuredmedia":[{"embeddable":true,"href":"https:\/\/cdiffprom.ch\/de\/wp-json\/wp\/v2\/media\/101488"}],"wp:attachment":[{"href":"https:\/\/cdiffprom.ch\/de\/wp-json\/wp\/v2\/media?parent=106852"}],"wp:term":[{"taxonomy":"product_brand","embeddable":true,"href":"https:\/\/cdiffprom.ch\/de\/wp-json\/wp\/v2\/product_brand?post=106852"},{"taxonomy":"product_cat","embeddable":true,"href":"https:\/\/cdiffprom.ch\/de\/wp-json\/wp\/v2\/product_cat?post=106852"},{"taxonomy":"product_tag","embeddable":true,"href":"https:\/\/cdiffprom.ch\/de\/wp-json\/wp\/v2\/product_tag?post=106852"}],"curies":[{"name":"wp","href":"https:\/\/api.w.org\/{rel}","templated":true}]}}