{"id":106854,"date":"2019-07-26T07:14:19","date_gmt":"2019-07-26T05:14:19","guid":{"rendered":"https:\/\/cdiffprom.ch\/produit\/modulares-wanddisplay\/"},"modified":"2019-07-26T07:14:19","modified_gmt":"2019-07-26T05:14:19","slug":"modulares-wanddisplay","status":"publish","type":"product","link":"https:\/\/cdiffprom.ch\/de\/produit\/modulares-wanddisplay\/","title":{"rendered":"Modulares Wanddisplay"},"content":{"rendered":"<ul>\n<li>Wandpaneel aus Metall mit perforiertem Boden.<\/li>\n<li>Gesamtgr\u00f6\u00dfe 80 x 72 cm, 2 cm dick, kann sowohl in der H\u00f6he als auch in der Breite verwendet werden.  <\/li>\n<li>Mehrere L\u00f6cher zur Befestigung von Prospektst\u00e4ndern.<\/li>\n<li>Anreihbare Paneele<\/li>\n<li>Wandbefestigung an allen vier Ecken, Schrauben und Zubeh\u00f6r im Lieferumfang enthalten<\/li>\n<li>Sie haben die Wahl: &#8211; Sie stellen Ihr eigenes Display zusammen oder &#8211; Sie w\u00e4hlen ein Kit-Panel mit Prospekthalter.<\/li>\n<li>Siehe unten.<\/li>\n<\/ul>\n","protected":false},"excerpt":{"rendered":"<p>Wandpaneel aus Metall mit perforiertem Boden. Gesamtgr\u00f6\u00dfe 80 x 72 cm, 2 cm dick, kann sowohl in der H\u00f6he als auch in der Breite verwendet werden. Mehrere L\u00f6cher zur Befestigung von Prospektst\u00e4ndern. Anreihbare Paneele Wandbefestigung an allen vier Ecken, Schrauben und Zubeh\u00f6r im Lieferumfang enthalten Sie haben die Wahl: &#8211; Sie stellen Ihr eigenes Display&#8230;<\/p>\n","protected":false},"featured_media":102070,"template":"","meta":{"slim_seo":{"title":"Modulares Wanddisplay - Suisse - C.Diff-Prom","description":"Wandpaneel aus Metall mit perforiertem Boden. Gesamtgr\u00f6\u00dfe 80 x 72 cm, 2 cm dick, kann sowohl in der H\u00f6he als auch in der Breite verwendet werden. Mehrere L\u00f6cher"}},"product_brand":[],"product_cat":[6388,6358],"product_tag":[6476],"class_list":{"0":"post-106854","1":"product","2":"type-product","3":"status-publish","4":"has-post-thumbnail","6":"product_cat-presentoirs","7":"product_cat-wanddisplays","8":"product_tag-wanddisplays","9":"pa_dimensions-1-3-a4-h-205-x-b-12-x-t-93-cm","10":"pa_dimensions-3-x-a4-4-x-a5-5-x-1-3-a4-de","11":"pa_dimensions-a4-21-x-297-cm-de","12":"pa_dimensions-einzelne-tafel","14":"first","15":"instock","16":"taxable","17":"shipping-taxable","18":"purchasable","19":"product-type-variable"},"_links":{"self":[{"href":"https:\/\/cdiffprom.ch\/de\/wp-json\/wp\/v2\/product\/106854","targetHints":{"allow":["GET"]}}],"collection":[{"href":"https:\/\/cdiffprom.ch\/de\/wp-json\/wp\/v2\/product"}],"about":[{"href":"https:\/\/cdiffprom.ch\/de\/wp-json\/wp\/v2\/types\/product"}],"wp:featuredmedia":[{"embeddable":true,"href":"https:\/\/cdiffprom.ch\/de\/wp-json\/wp\/v2\/media\/102070"}],"wp:attachment":[{"href":"https:\/\/cdiffprom.ch\/de\/wp-json\/wp\/v2\/media?parent=106854"}],"wp:term":[{"taxonomy":"product_brand","embeddable":true,"href":"https:\/\/cdiffprom.ch\/de\/wp-json\/wp\/v2\/product_brand?post=106854"},{"taxonomy":"product_cat","embeddable":true,"href":"https:\/\/cdiffprom.ch\/de\/wp-json\/wp\/v2\/product_cat?post=106854"},{"taxonomy":"product_tag","embeddable":true,"href":"https:\/\/cdiffprom.ch\/de\/wp-json\/wp\/v2\/product_tag?post=106854"}],"curies":[{"name":"wp","href":"https:\/\/api.w.org\/{rel}","templated":true}]}}