{"id":106860,"date":"2019-07-26T07:18:24","date_gmt":"2019-07-26T05:18:24","guid":{"rendered":"https:\/\/cdiffprom.ch\/produit\/faltbarer-prospektstaender-mit-zickzackmuster\/"},"modified":"2019-07-26T07:18:24","modified_gmt":"2019-07-26T05:18:24","slug":"faltbarer-prospektstaender-mit-zickzackmuster","status":"publish","type":"product","link":"https:\/\/cdiffprom.ch\/de\/produit\/faltbarer-prospektstaender-mit-zickzackmuster\/","title":{"rendered":"Faltbarer Prospektst\u00e4nder mit Zickzackmuster"},"content":{"rendered":"<h3><strong><span style=\"color: #800000;\">Kompakter faltbarer Zickzack-Prospektst\u00e4nder mit 5 F\u00e4chern + Aufbewahrungstasche<\/span><\/strong><\/h3>\n<p>Mit diesem faltbaren Zickzack-Brosch\u00fcrenst\u00e4nder k\u00f6nnen Sie Ihre verschiedenen Kataloge optimal pr\u00e4sentieren.<\/p>\n<p>Der hellgraue Metallrahmen aus Kunststoff ist ziehharmonikaartig zusammenklappbar und enth\u00e4lt 5 Plexiglas-Glas-F\u00e4cher. Diese sind starr und transparent. <\/p>\n<p>Die Kapazit\u00e4t der F\u00e4cher betr\u00e4gt : H 33 x B 22 bei einer Dicke der Brosch\u00fcren von 4 cm.<\/p>\n<p>Das Gesamtgewicht betr\u00e4gt 5 kg.<\/p>\n<h4><span style=\"color: #800000;\"><strong>Andere Abmessungen<\/strong><\/span><\/h4>\n<p>Ausgeklappt: H 133 x B 26 x T 34 cm<\/p>\n<p>Weiche Leinentasche im Lieferumfang enthalten: H 46 x B 37 X T 27 cm<\/p>\n<p>Dieser faltbare Brosch\u00fcrenst\u00e4nder ist ideal, wenn Sie au\u00dferhalb Ihres Geb\u00e4udes unterwegs sind. Bei Ausstellungen oder Veranstaltungen k\u00f6nnen Sie Ihre verschiedenen Materialien optimal pr\u00e4sentieren, so dass das Publikum oder Ihre potenziellen Kunden Ihre Unterlagen problemlos nutzen k\u00f6nnen. <\/p>\n<p>Wenn es n\u00f6tig ist, k\u00f6nnen Sie das Display w\u00e4hrend der Pr\u00e4sentation leicht bewegen. Die mitgelieferte Aufbewahrungstasche erm\u00f6glicht es Ihnen, das Display schnell zu verstauen. <\/p>\n<p><span style=\"color: #800000;\"><a style=\"color: #800000;\" href=\"https:\/\/cdiffprom.ch\/elements\/contactez-nous\/\">Fragen Sie<\/a> <\/span>unsere Rabattbedingungen f\u00fcr Gro\u00dfbestellungen.<\/p>\n<p>&nbsp;<\/p>\n","protected":false},"excerpt":{"rendered":"<p>Faltbarer und tragbarer Zick-Zack-St\u00e4nder, 5 Plexiglasf\u00e4cher A4.<\/p>\n","protected":false},"featured_media":101496,"template":"","meta":{"slim_seo":{"title":"Faltbarer Prospektst\u00e4nder mit Zickzackmuster - Suisse - C.Diff-Prom","description":"Faltbarer und tragbarer Zick-Zack-St\u00e4nder, 5 Plexiglasf\u00e4cher A4."}},"product_brand":[],"product_cat":[6706,6388],"product_tag":[6708],"class_list":{"0":"post-106860","1":"product","2":"type-product","3":"status-publish","4":"has-post-thumbnail","6":"product_cat-faltbare-auslagen","7":"product_cat-presentoirs","8":"product_tag-faltbare-displays","10":"first","11":"instock","12":"taxable","13":"shipping-taxable","14":"purchasable","15":"product-type-simple"},"_links":{"self":[{"href":"https:\/\/cdiffprom.ch\/de\/wp-json\/wp\/v2\/product\/106860","targetHints":{"allow":["GET"]}}],"collection":[{"href":"https:\/\/cdiffprom.ch\/de\/wp-json\/wp\/v2\/product"}],"about":[{"href":"https:\/\/cdiffprom.ch\/de\/wp-json\/wp\/v2\/types\/product"}],"wp:featuredmedia":[{"embeddable":true,"href":"https:\/\/cdiffprom.ch\/de\/wp-json\/wp\/v2\/media\/101496"}],"wp:attachment":[{"href":"https:\/\/cdiffprom.ch\/de\/wp-json\/wp\/v2\/media?parent=106860"}],"wp:term":[{"taxonomy":"product_brand","embeddable":true,"href":"https:\/\/cdiffprom.ch\/de\/wp-json\/wp\/v2\/product_brand?post=106860"},{"taxonomy":"product_cat","embeddable":true,"href":"https:\/\/cdiffprom.ch\/de\/wp-json\/wp\/v2\/product_cat?post=106860"},{"taxonomy":"product_tag","embeddable":true,"href":"https:\/\/cdiffprom.ch\/de\/wp-json\/wp\/v2\/product_tag?post=106860"}],"curies":[{"name":"wp","href":"https:\/\/api.w.org\/{rel}","templated":true}]}}