{"id":106862,"date":"2019-07-26T07:14:20","date_gmt":"2019-07-26T05:14:20","guid":{"rendered":"https:\/\/cdiffprom.ch\/produit\/wanddisplay-im-a4-format-2\/"},"modified":"2019-07-26T07:14:20","modified_gmt":"2019-07-26T05:14:20","slug":"wanddisplay-im-a4-format-2","status":"publish","type":"product","link":"https:\/\/cdiffprom.ch\/de\/produit\/wanddisplay-im-a4-format-2\/","title":{"rendered":"Wanddisplay im a4-Format"},"content":{"rendered":"<h3><span style=\"color: #800000;\"><strong>Wanddisplay im A4-Format<\/strong><\/span><\/h3>\n<p>Mit diesem Wanddisplay im A4-Format k\u00f6nnen Sie Ihre verschiedenen Kataloge oder Dokumentationen auf einfache und \u00e4sthetische Weise pr\u00e4sentieren.<\/p>\n<p>Die Wandmontage ist einfach und kann an jeder vertikalen Wand an 4 Punkten auf der R\u00fcckseite angebracht werden.<\/p>\n<h4><span style=\"color: #800000;\"><strong>Merkmale<\/strong><\/span><\/h4>\n<ul>\n<li>Wandmontage<\/li>\n<li>Geeignet f\u00fcr die Pr\u00e4sentation von Comics, Magazinen in allen Formaten bis zu H 35 x B 24 cm<\/li>\n<li>9 A4-Felder Nutzbreite jedes Feld 24 cm<\/li>\n<li>4-Punkt-Wandbefestigung<\/li>\n<li>Metall, wei\u00df epoxidiert<\/li>\n<li>Robust<\/li>\n<\/ul>\n<h4><span style=\"color: #800000;\"><strong>Lieferbedingungen<\/strong><\/span><\/h4>\n<p>Zu Ihrer Information: Nach Eingang Ihres Auftrags sind unsere Produkte innerhalb von etwa zehn Tagen lieferbar.<\/p>\n<p>Z\u00f6gern Sie nicht <span style=\"color: #800000;\"><strong><u><a style=\"color: #800000;\" href=\"https:\/\/cdiffprom.ch\/elements\/contactez-nous\/\">uns zu kontaktieren.<\/a><\/u><\/strong><\/span> Wenn Sie einen dringenderen Bedarf haben, k\u00f6nnen wir Ihnen immer eine schnellere L\u00f6sung anbieten.<\/p>\n<p>Wir sind auch gerne bereit, Ihnen Informationen \u00fcber Mengenrabatte zu geben.<\/p>\n<p>Einige Artikel k\u00f6nnen eine l\u00e4ngere Lieferzeit in Anspruch nehmen, da sie nicht auf Lager unseres Lieferanten sind. In diesem Fall werden Sie nach Eingang Ihrer Bestellung benachrichtigt. <\/p>\n<p>Wir liefern versandkostenfrei ab einem Bestellwert von CHF. 500.-. Unterhalb dieses Betrags wird eine Pauschale von CHF. 15,90 zu entrichten. <\/p>\n<p>Bei allen Online-Bestellungen f\u00fchren wir immer einen Telefonanruf durch, um sicherzustellen, dass Sie das richtige Produkt f\u00fcr Ihre Bed\u00fcrfnisse ausgew\u00e4hlt haben. So k\u00f6nnen Sie sicher sein, dass Sie die richtige Wahl treffen. <\/p>\n<p>Bitte beachten Sie, dass die Promo-Codes nicht kumulierbar sind und der Rabatt auf Ihrer Bestellung sichtbar ist.<\/p>\n","protected":false},"excerpt":{"rendered":"<p>Wanddisplay, 9 A4-F\u00e4cher, 4-Punkt-Befestigung an der R\u00fcckseite<\/p>\n","protected":false},"featured_media":101470,"template":"","meta":{"slim_seo":{"title":"Wanddisplay im a4-Format - Suisse - C.Diff-Prom","description":"Wanddisplay, 9 A4-F\u00e4cher, 4-Punkt-Befestigung an der R\u00fcckseite"}},"product_brand":[],"product_cat":[6475,6388,6358,6401],"product_tag":[6477,6476],"class_list":{"0":"post-106862","1":"product","2":"type-product","3":"status-publish","4":"has-post-thumbnail","6":"product_cat-leitern-fur-presse-und-zeitungen","7":"product_cat-presentoirs","8":"product_cat-wanddisplays","9":"product_cat-zeitungsstander","10":"product_tag-leitern-fur-presse-und-zeitungen","11":"product_tag-wanddisplays","13":"first","14":"instock","15":"taxable","16":"shipping-taxable","17":"purchasable","18":"product-type-simple"},"_links":{"self":[{"href":"https:\/\/cdiffprom.ch\/de\/wp-json\/wp\/v2\/product\/106862","targetHints":{"allow":["GET"]}}],"collection":[{"href":"https:\/\/cdiffprom.ch\/de\/wp-json\/wp\/v2\/product"}],"about":[{"href":"https:\/\/cdiffprom.ch\/de\/wp-json\/wp\/v2\/types\/product"}],"wp:featuredmedia":[{"embeddable":true,"href":"https:\/\/cdiffprom.ch\/de\/wp-json\/wp\/v2\/media\/101470"}],"wp:attachment":[{"href":"https:\/\/cdiffprom.ch\/de\/wp-json\/wp\/v2\/media?parent=106862"}],"wp:term":[{"taxonomy":"product_brand","embeddable":true,"href":"https:\/\/cdiffprom.ch\/de\/wp-json\/wp\/v2\/product_brand?post=106862"},{"taxonomy":"product_cat","embeddable":true,"href":"https:\/\/cdiffprom.ch\/de\/wp-json\/wp\/v2\/product_cat?post=106862"},{"taxonomy":"product_tag","embeddable":true,"href":"https:\/\/cdiffprom.ch\/de\/wp-json\/wp\/v2\/product_tag?post=106862"}],"curies":[{"name":"wp","href":"https:\/\/api.w.org\/{rel}","templated":true}]}}