{"id":106864,"date":"2019-07-26T07:18:24","date_gmt":"2019-07-26T05:18:24","guid":{"rendered":"https:\/\/cdiffprom.ch\/produit\/zusammenklappbarer-prospektstaender\/"},"modified":"2019-07-26T07:18:24","modified_gmt":"2019-07-26T05:18:24","slug":"zusammenklappbarer-prospektstaender","status":"publish","type":"product","link":"https:\/\/cdiffprom.ch\/de\/produit\/zusammenklappbarer-prospektstaender\/","title":{"rendered":"Zusammenklappbarer Prospektst\u00e4nder"},"content":{"rendered":"<h3><span style=\"color: #800000;\"><strong>Zusammenklappbarer Prospektst\u00e4nder<\/strong><\/span><\/h3>\n<p>Mit diesem faltbaren Prospektst\u00e4nder k\u00f6nnen Sie Ihre gesamte Dokumentation einfach und effizient ausstellen, wenn Sie unterwegs sind.<\/p>\n<p>Das Zick-Zack-Modell ist extrem einfach zu entfalten und zu installieren und in den drei Gr\u00f6\u00dfen A5, A4 und A3 horizontal erh\u00e4ltlich.<\/p>\n<p>Der teleskopische Aluminiumrahmen ist leicht zu handhaben und die Transparenz der Felder sorgt f\u00fcr eine gute Lesbarkeit.<\/p>\n<p>Dieser faltbare Prospektst\u00e4nder hat 6 F\u00e4cher in allen 3 Gr\u00f6\u00dfen.<\/p>\n<p>Die Kapazit\u00e4t der Dokumentenst\u00e4rke betr\u00e4gt 22 mm.<\/p>\n<p>Um den Transport und die Lagerung zu vereinfachen, l\u00e4sst sich der mitgelieferte Hartschalenkoffer leicht vom St\u00e4nder trennen.<\/p>\n<h4><span style=\"color: #800000;\"><strong>Technische Spezifikationen :<\/strong><\/span><\/h4>\n<p>Einzelnes Display im A5-Format, 6 Felder von 23 x 19 cm f\u00fcr ein Gewicht von 5,4 kg und eine H\u00f6he von 110 cm,<br \/>\nder Koffer misst 35 x 25 x 14 cm.<\/p>\n<p>Im A4-Hochformat messen die 6 Felder 31 x 24 cm bei einer H\u00f6he von 150 cm und einem Gewicht von 7,5 kg.<\/p>\n<p>Die A3-Version im Querformat hat 31 x 46 cm gro\u00dfe Felder mit einem Gesamtgewicht von 10 kg 500 und einer H\u00f6he von 150 cm.<\/p>\n<h4><span style=\"color: #800000;\"><strong>Lieferbedingungen<\/strong><\/span><\/h4>\n<p>Alle unsere Produkte sind innerhalb von 10 Tagen nach Eingang Ihrer Bestellung lieferbar. Bitte z\u00f6gern Sie nicht, uns zu kontaktieren. <strong><span style=\"color: #800000;\"><a style=\"color: #800000;\" href=\"https:\/\/cdiffprom.ch\/elements\/contactez-nous\/\">uns zu kontaktieren.<\/a><\/span><\/strong> Wenn Sie einen dringenderen Bedarf haben, k\u00f6nnen wir Ihnen immer eine schnellere L\u00f6sung anbieten. <\/p>\n<p>Einige Artikel k\u00f6nnen eine l\u00e4ngere Lieferzeit in Anspruch nehmen, da sie nicht auf Lager unseres Lieferanten sind. In diesem Fall werden Sie nach Eingang Ihrer Bestellung benachrichtigt. <\/p>\n<p>Wir liefern versandkostenfrei ab einem Bestellwert von CHF. 500.-. Unterhalb dieses Betrags wird eine Pauschale von CHF. 15,90 zu entrichten. <\/p>\n<p>Bei allen Online-Bestellungen f\u00fchren wir immer einen Telefonanruf durch, um sicherzustellen, dass Sie das richtige Produkt f\u00fcr Ihre Bed\u00fcrfnisse ausgew\u00e4hlt haben. So k\u00f6nnen Sie sicher sein, dass Sie die richtige Wahl treffen. <\/p>\n<p>&nbsp;<\/p>\n<p>&nbsp;<\/p>\n<p>&nbsp;<\/p>\n<p>&nbsp;<\/p>\n<p>&nbsp;<\/p>\n","protected":false},"excerpt":{"rendered":"<p>Ein einfach zu handhabender und zu transportierender Koffer f\u00fcr alle Ihre Pr\u00e4sentationen im Freien,<br \/>\n3 verf\u00fcgbare Gr\u00f6\u00dfen, A5 und A4 im Hochformat und A3 im Querformat.<\/p>\n<p>Sehen Sie sich auch das Display an. <strong><span style=\"color: #800000;\"><a style=\"color: #800000;\" href=\"https:\/\/cdiffprom.ch\/produit\/presentoir-brochures-pliant-zig-zag\/\">Zig-Zag Budget<\/a><\/span><\/strong> aber nur in A4 erh\u00e4ltlich.<\/p>\n","protected":false},"featured_media":102080,"template":"","meta":{"slim_seo":{"title":"Zusammenklappbarer Prospektst\u00e4nder - Suisse - C.Diff-Prom","description":"Ein einfach zu handhabender und zu transportierender Koffer f\u00fcr alle Ihre Pr\u00e4sentationen im Freien, 3 verf\u00fcgbare Gr\u00f6\u00dfen, A5 und A4 im Hochformat und A3 im Querf"}},"product_brand":[],"product_cat":[6706,6388],"product_tag":[6708],"class_list":{"0":"post-106864","1":"product","2":"type-product","3":"status-publish","4":"has-post-thumbnail","6":"product_cat-faltbare-auslagen","7":"product_cat-presentoirs","8":"product_tag-faltbare-displays","9":"pa_dimensions-a3-297-x-42-cm-de","10":"pa_dimensions-a4-21-x-297-cm-de","11":"pa_dimensions-a5-14-8-x-21-cm-de","13":"first","14":"instock","15":"taxable","16":"shipping-taxable","17":"purchasable","18":"product-type-variable"},"_links":{"self":[{"href":"https:\/\/cdiffprom.ch\/de\/wp-json\/wp\/v2\/product\/106864","targetHints":{"allow":["GET"]}}],"collection":[{"href":"https:\/\/cdiffprom.ch\/de\/wp-json\/wp\/v2\/product"}],"about":[{"href":"https:\/\/cdiffprom.ch\/de\/wp-json\/wp\/v2\/types\/product"}],"wp:featuredmedia":[{"embeddable":true,"href":"https:\/\/cdiffprom.ch\/de\/wp-json\/wp\/v2\/media\/102080"}],"wp:attachment":[{"href":"https:\/\/cdiffprom.ch\/de\/wp-json\/wp\/v2\/media?parent=106864"}],"wp:term":[{"taxonomy":"product_brand","embeddable":true,"href":"https:\/\/cdiffprom.ch\/de\/wp-json\/wp\/v2\/product_brand?post=106864"},{"taxonomy":"product_cat","embeddable":true,"href":"https:\/\/cdiffprom.ch\/de\/wp-json\/wp\/v2\/product_cat?post=106864"},{"taxonomy":"product_tag","embeddable":true,"href":"https:\/\/cdiffprom.ch\/de\/wp-json\/wp\/v2\/product_tag?post=106864"}],"curies":[{"name":"wp","href":"https:\/\/api.w.org\/{rel}","templated":true}]}}