{"id":106871,"date":"2019-07-26T07:35:45","date_gmt":"2019-07-26T05:35:45","guid":{"rendered":"https:\/\/cdiffprom.ch\/produit\/broschueren-drehkreuz-mit-32-faechern\/"},"modified":"2019-07-26T07:35:45","modified_gmt":"2019-07-26T05:35:45","slug":"broschueren-drehkreuz-mit-32-faechern","status":"publish","type":"product","link":"https:\/\/cdiffprom.ch\/de\/produit\/broschueren-drehkreuz-mit-32-faechern\/","title":{"rendered":"Brosch\u00fcren-Drehkreuz mit 32 F\u00e4chern"},"content":{"rendered":"<h3><span style=\"color: #800000;\"><strong>Brosch\u00fcren-Drehkreuz mit 32 F\u00e4chern<\/strong><\/span><\/h3>\n<p>Mit diesem Brosch\u00fcrendrehkreuz mit 32 F\u00e4chern k\u00f6nnen Sie alle Ihre verschiedenen Dokumente und Brosch\u00fcren auf einfache und leichte Weise pr\u00e4sentieren und verteilen.<\/p>\n<p>Dar\u00fcber hinaus ist jedes Fach mit einer Druckfeder ausgestattet, um alle Arten von Katalogen oder Dokumenten aufrecht zu halten, selbst wenn das Fach fast leer ist.<\/p>\n<p>Dieser Visitenkartenhalter eignet sich besonders gut f\u00fcr Reiseb\u00fcros, Fremdenverkehrs\u00e4mter oder Hotels.<\/p>\n<p><span style=\"color: #800000;\"><strong>Merkmale  <\/strong><\/span><\/p>\n<ul>\n<li>4 Ebenen zu je 8 Feldern, d.h. insgesamt 32 Felder<\/li>\n<li>F\u00fcr alle Arten von Dokumenten bis zu einer Gr\u00f6\u00dfe von H 31 x B 24 cm.<\/li>\n<li>Der Abstand zwischen den Schalen ist in Schritten von 25 mm einstellbar.<\/li>\n<li>S\u00e4ule aus hochfestem, transparentem, geformtem Plastikmaterial<\/li>\n<li>Wei\u00dfer runder Fronton mit einer H\u00f6he von 7 cm f\u00fcr Schilder<\/li>\n<li>Schwenkbar auf einer zentralen Achse mit Kugellagern und auf einem Metallsockel mit 4 sehr stabilen Rollen mit Bremsen.<\/li>\n<\/ul>\n<p><strong><span style=\"color: #800000;\">Lieferbedingungen<\/span><\/strong><\/p>\n<p>Zu Ihrer Information: Nach Eingang Ihres Auftrags sind unsere Produkte innerhalb von etwa zehn Tagen lieferbar.<\/p>\n<p>Z\u00f6gern Sie nicht <u><a href=\"https:\/\/cdiffprom.ch\/elements\/contactez-nous\/\"><span style=\"color: #800000;\">kontaktieren Sie uns bitte.<\/span><\/a><\/u> Wenn Sie einen dringenderen Bedarf haben, haben wir immer eine schnellere L\u00f6sung f\u00fcr Sie und k\u00f6nnen Sie auch \u00fcber Rabatte bei Mengenbestellungen informieren.<\/p>\n<p>Einige Artikel k\u00f6nnen eine l\u00e4ngere Lieferzeit in Anspruch nehmen, da sie nicht auf Lager unseres Lieferanten sind. In diesem Fall werden Sie nach Eingang Ihrer Bestellung benachrichtigt. <\/p>\n<p>Wir liefern versandkostenfrei ab einem Bestellwert von CHF. 500.-. Unterhalb dieses Betrags wird eine Pauschale von CHF. 15,90 zu entrichten. <\/p>\n<p>Bei allen Online-Bestellungen f\u00fchren wir immer einen Telefonanruf durch, um sicherzustellen, dass Sie das richtige Produkt f\u00fcr Ihre Bed\u00fcrfnisse ausgew\u00e4hlt haben. So k\u00f6nnen Sie sicher sein, dass Sie die richtige Wahl treffen. <\/p>\n<p>Bitte beachten Sie, dass die Promo-Codes nicht kumulierbar sind und der Rabatt auf Ihrer Bestellung sichtbar ist.<\/p>\n<p>&nbsp;<\/p>\n","protected":false},"excerpt":{"rendered":"<p>So werten Sie Ihr Angebot und Ihre Gastfreundschaft auf!<\/p>\n","protected":false},"featured_media":102112,"template":"","meta":{"slim_seo":{"title":"Brosch\u00fcren-Drehkreuz mit 32 F\u00e4chern - Suisse - C.Diff-Prom","description":"So werten Sie Ihr Angebot und Ihre Gastfreundschaft auf!"}},"product_brand":[],"product_cat":[6351,6388,6401],"product_tag":[6489,6410],"class_list":{"0":"post-106871","1":"product","2":"type-product","3":"status-publish","4":"has-post-thumbnail","6":"product_cat-drehkreuze-fur-presse-und-zeitungen","7":"product_cat-presentoirs","8":"product_cat-zeitungsstander","9":"product_tag-drehkreuze-broschuren","10":"product_tag-drehkreuze-fur-presse-und-zeitungen","12":"first","13":"instock","14":"taxable","15":"shipping-taxable","16":"purchasable","17":"product-type-simple"},"_links":{"self":[{"href":"https:\/\/cdiffprom.ch\/de\/wp-json\/wp\/v2\/product\/106871","targetHints":{"allow":["GET"]}}],"collection":[{"href":"https:\/\/cdiffprom.ch\/de\/wp-json\/wp\/v2\/product"}],"about":[{"href":"https:\/\/cdiffprom.ch\/de\/wp-json\/wp\/v2\/types\/product"}],"wp:featuredmedia":[{"embeddable":true,"href":"https:\/\/cdiffprom.ch\/de\/wp-json\/wp\/v2\/media\/102112"}],"wp:attachment":[{"href":"https:\/\/cdiffprom.ch\/de\/wp-json\/wp\/v2\/media?parent=106871"}],"wp:term":[{"taxonomy":"product_brand","embeddable":true,"href":"https:\/\/cdiffprom.ch\/de\/wp-json\/wp\/v2\/product_brand?post=106871"},{"taxonomy":"product_cat","embeddable":true,"href":"https:\/\/cdiffprom.ch\/de\/wp-json\/wp\/v2\/product_cat?post=106871"},{"taxonomy":"product_tag","embeddable":true,"href":"https:\/\/cdiffprom.ch\/de\/wp-json\/wp\/v2\/product_tag?post=106871"}],"curies":[{"name":"wp","href":"https:\/\/api.w.org\/{rel}","templated":true}]}}