{"id":106872,"date":"2019-07-26T07:35:42","date_gmt":"2019-07-26T05:35:42","guid":{"rendered":"https:\/\/cdiffprom.ch\/produit\/drehsaeule-fuer-thekenprospekte\/"},"modified":"2019-07-26T07:35:42","modified_gmt":"2019-07-26T05:35:42","slug":"drehsaeule-fuer-thekenprospekte","status":"publish","type":"product","link":"https:\/\/cdiffprom.ch\/de\/produit\/drehsaeule-fuer-thekenprospekte\/","title":{"rendered":"Drehs\u00e4ule f\u00fcr Thekenprospekte"},"content":{"rendered":"<ul>\n<li>Zusammengef\u00fcgte transparente K\u00e4sten<\/li>\n<li>Kugelgelagertes Rotationssystem<\/li>\n<li>Sehr stabile Drehkreuze mit hoher Kapazit\u00e4t<\/li>\n<li>Kapazit\u00e4t 3,2 cm Dokumente pro Fach<\/li>\n<li>Wird unmontiert geliefert, einfache Installation<\/li>\n<\/ul>\n","protected":false},"excerpt":{"rendered":"<p>Fesseln Sie Ihre Gespr\u00e4chspartner mit unseren drehbaren Taymar\u00ae Multi-Cases Prospektst\u00e4ndern<\/p>\n","protected":false},"featured_media":102096,"template":"","meta":{"slim_seo":{"title":"Drehs\u00e4ule f\u00fcr Thekenprospekte - Suisse - C.Diff-Prom","description":"Fesseln Sie Ihre Gespr\u00e4chspartner mit unseren drehbaren Taymar\u00ae Multi-Cases Prospektst\u00e4ndern"}},"product_brand":[],"product_cat":[6351,6388,6348,6401],"product_tag":[6489,6410,6389],"class_list":{"0":"post-106872","1":"product","2":"type-product","3":"status-publish","4":"has-post-thumbnail","6":"product_cat-drehkreuze-fur-presse-und-zeitungen","7":"product_cat-presentoirs","8":"product_cat-thekenaufsteller","9":"product_cat-zeitungsstander","10":"product_tag-drehkreuze-broschuren","11":"product_tag-drehkreuze-fur-presse-und-zeitungen","12":"product_tag-theken-displays","13":"pa_dimensions-1-3-a4-h-205-x-b-12-x-t-93-cm","14":"pa_dimensions-a4-21-x-297-cm-de","15":"pa_dimensions-a5-14-8-x-21-cm-de","16":"pa_specifications-12-felder","17":"pa_specifications-4-felder","18":"pa_specifications-6-felder","20":"first","21":"instock","22":"taxable","23":"shipping-taxable","24":"purchasable","25":"product-type-variable"},"_links":{"self":[{"href":"https:\/\/cdiffprom.ch\/de\/wp-json\/wp\/v2\/product\/106872","targetHints":{"allow":["GET"]}}],"collection":[{"href":"https:\/\/cdiffprom.ch\/de\/wp-json\/wp\/v2\/product"}],"about":[{"href":"https:\/\/cdiffprom.ch\/de\/wp-json\/wp\/v2\/types\/product"}],"wp:featuredmedia":[{"embeddable":true,"href":"https:\/\/cdiffprom.ch\/de\/wp-json\/wp\/v2\/media\/102096"}],"wp:attachment":[{"href":"https:\/\/cdiffprom.ch\/de\/wp-json\/wp\/v2\/media?parent=106872"}],"wp:term":[{"taxonomy":"product_brand","embeddable":true,"href":"https:\/\/cdiffprom.ch\/de\/wp-json\/wp\/v2\/product_brand?post=106872"},{"taxonomy":"product_cat","embeddable":true,"href":"https:\/\/cdiffprom.ch\/de\/wp-json\/wp\/v2\/product_cat?post=106872"},{"taxonomy":"product_tag","embeddable":true,"href":"https:\/\/cdiffprom.ch\/de\/wp-json\/wp\/v2\/product_tag?post=106872"}],"curies":[{"name":"wp","href":"https:\/\/api.w.org\/{rel}","templated":true}]}}