{"id":106874,"date":"2019-07-26T07:35:45","date_gmt":"2019-07-26T05:35:45","guid":{"rendered":"https:\/\/cdiffprom.ch\/produit\/zeitungssaeulen-30-40-faecher\/"},"modified":"2019-07-26T07:35:45","modified_gmt":"2019-07-26T05:35:45","slug":"zeitungssaeulen-30-40-faecher","status":"publish","type":"product","link":"https:\/\/cdiffprom.ch\/de\/produit\/zeitungssaeulen-30-40-faecher\/","title":{"rendered":"Zeitungss\u00e4ulen 30\/40 F\u00e4cher"},"content":{"rendered":"<ul>\n<li>Verwendung an verschiedenen Verkaufsstellen: Presse, Hotels, \u00f6ffentliche Einrichtungen, Mediatheken<\/li>\n<li>Kugelgelagerte Rotation auf 5-Stern-Fu\u00df mit Rollen, davon 2 mit Bremse<\/li>\n<li>Verchromte Metallstruktur<\/li>\n<\/ul>\n","protected":false},"excerpt":{"rendered":"<p>F\u00fcr ein Maximum an Pr\u00e4sentation auf einem Minimum an Fl\u00e4che f\u00fcr Ihre Zeitungen<\/p>\n","protected":false},"featured_media":102110,"template":"","meta":{"slim_seo":{"title":"Zeitungss\u00e4ulen 30\/40 F\u00e4cher - Suisse - C.Diff-Prom","description":"F\u00fcr ein Maximum an Pr\u00e4sentation auf einem Minimum an Fl\u00e4che f\u00fcr Ihre Zeitungen"}},"product_brand":[],"product_cat":[6351,6401],"product_tag":[6489,6410],"class_list":{"0":"post-106874","1":"product","2":"type-product","3":"status-publish","4":"has-post-thumbnail","6":"product_cat-drehkreuze-fur-presse-und-zeitungen","7":"product_cat-zeitungsstander","8":"product_tag-drehkreuze-broschuren","9":"product_tag-drehkreuze-fur-presse-und-zeitungen","10":"pa_specifications-30-felder","11":"pa_specifications-40-felder","13":"first","14":"instock","15":"taxable","16":"shipping-taxable","17":"purchasable","18":"product-type-variable"},"_links":{"self":[{"href":"https:\/\/cdiffprom.ch\/de\/wp-json\/wp\/v2\/product\/106874","targetHints":{"allow":["GET"]}}],"collection":[{"href":"https:\/\/cdiffprom.ch\/de\/wp-json\/wp\/v2\/product"}],"about":[{"href":"https:\/\/cdiffprom.ch\/de\/wp-json\/wp\/v2\/types\/product"}],"wp:featuredmedia":[{"embeddable":true,"href":"https:\/\/cdiffprom.ch\/de\/wp-json\/wp\/v2\/media\/102110"}],"wp:attachment":[{"href":"https:\/\/cdiffprom.ch\/de\/wp-json\/wp\/v2\/media?parent=106874"}],"wp:term":[{"taxonomy":"product_brand","embeddable":true,"href":"https:\/\/cdiffprom.ch\/de\/wp-json\/wp\/v2\/product_brand?post=106874"},{"taxonomy":"product_cat","embeddable":true,"href":"https:\/\/cdiffprom.ch\/de\/wp-json\/wp\/v2\/product_cat?post=106874"},{"taxonomy":"product_tag","embeddable":true,"href":"https:\/\/cdiffprom.ch\/de\/wp-json\/wp\/v2\/product_tag?post=106874"}],"curies":[{"name":"wp","href":"https:\/\/api.w.org\/{rel}","templated":true}]}}