{"id":106881,"date":"2019-07-26T07:35:43","date_gmt":"2019-07-26T05:35:43","guid":{"rendered":"https:\/\/cdiffprom.ch\/produit\/drehkreuz-mit-15-faechern-a4\/"},"modified":"2019-07-26T07:35:43","modified_gmt":"2019-07-26T05:35:43","slug":"drehkreuz-mit-15-faechern-a4","status":"publish","type":"product","link":"https:\/\/cdiffprom.ch\/de\/produit\/drehkreuz-mit-15-faechern-a4\/","title":{"rendered":"Drehkreuz mit 15 F\u00e4chern a4"},"content":{"rendered":"<h3><span style=\"color: #800000;\"><strong>Drehkreuz mit 15 A4-F\u00e4chern<\/strong><\/span><\/h3>\n<p>Dieses Drehkreuz mit 15 A4-Feldern auf 3 Seiten hat einen festen Sockel und kann um eine zentrale Achse gedreht werden.<\/p>\n<p>Au\u00dferdem ist das Format ideal f\u00fcr die Einrichtung kleinerer R\u00e4ume, z.B. in der N\u00e4he von Theken oder B\u00fcros, w\u00e4hrend Sie gleichzeitig ausreichend Informationsmaterial f\u00fcr Ihre Kunden bereithalten.<\/p>\n<h4><span style=\"color: #800000;\"><strong>Merkmale :<\/strong><\/span><\/h4>\n<ul>\n<li>Stabiler, beschwerter Stahlfu\u00df mit 28 cm Durchmesser<\/li>\n<li>15 A4-Felder, verteilt auf 3 Seiten<\/li>\n<li>Nutzbare Breite 1 Feld = 22 cm f\u00fcr ca. 4 cm Dokumentation<\/li>\n<li>Permanent sichtbarer Rand 13 cm<\/li>\n<li>Geeignet f\u00fcr jede Dokumentenh\u00f6he zwischen 24 cm und 32 cm<\/li>\n<li>Gesamte Abmessungen: H\u00f6he 153 cm x Durchmesser 28 cm.<\/li>\n<li>Gewicht 7 kg<\/li>\n<\/ul>\n<h4><span style=\"color: #800000;\"><strong>Lieferbedingungen :<br \/>\n<\/strong><\/span><\/h4>\n<p>Zu Ihrer Information: Nach Eingang Ihres Auftrags sind unsere Produkte innerhalb von etwa zehn Tagen lieferbar.<\/p>\n<p>Z\u00f6gern Sie nicht <u><a href=\"https:\/\/cdiffprom.ch\/elements\/contactez-nous\/\"><span style=\"color: #800000;\"><strong>uns zu kontaktieren.<\/strong><\/span><\/a><\/u> Wenn Sie einen dringenderen Bedarf haben, k\u00f6nnen wir Ihnen immer eine schnellere L\u00f6sung anbieten.<\/p>\n<p>Wir sind auch gerne bereit, Ihnen Informationen \u00fcber Mengenrabatte zu geben.<\/p>\n<p>Einige Artikel k\u00f6nnen eine l\u00e4ngere Lieferzeit in Anspruch nehmen, da sie nicht auf Lager unseres Lieferanten sind. In diesem Fall werden Sie nach Eingang Ihrer Bestellung benachrichtigt. <\/p>\n<p>Wir liefern versandkostenfrei ab einem Bestellwert von CHF. 500.-. Unterhalb dieses Betrags wird eine Pauschale von CHF. 15,90 zu entrichten. <\/p>\n<p>Bei allen Online-Bestellungen f\u00fchren wir immer einen Telefonanruf durch, um sicherzustellen, dass Sie das richtige Produkt f\u00fcr Ihre Bed\u00fcrfnisse ausgew\u00e4hlt haben. So k\u00f6nnen Sie sicher sein, dass Sie die richtige Wahl treffen. <\/p>\n<p>Bitte beachten Sie, dass die Promo-Codes nicht kumulierbar sind und der Rabatt auf Ihrer Bestellung sichtbar ist.<\/p>\n","protected":false},"excerpt":{"rendered":"<p>Drehkreuz auf einem festen Sockel, das um eine zentrale Achse drehbar ist und 15 Felder auf 3 Seiten umfasst,<\/p>\n","protected":false},"featured_media":102102,"template":"","meta":{"slim_seo":{"title":"Drehkreuz mit 15 F\u00e4chern a4 - Suisse - C.Diff-Prom","description":"Drehkreuz auf einem festen Sockel, das um eine zentrale Achse drehbar ist und 15 Felder auf 3 Seiten umfasst,"}},"product_brand":[],"product_cat":[6583,6351,6388,6401],"product_tag":[6584,6489,6410],"class_list":{"0":"post-106881","1":"product","2":"type-product","3":"status-publish","4":"has-post-thumbnail","6":"product_cat-bodendisplays","7":"product_cat-drehkreuze-fur-presse-und-zeitungen","8":"product_cat-presentoirs","9":"product_cat-zeitungsstander","10":"product_tag-bodendisplays","11":"product_tag-drehkreuze-broschuren","12":"product_tag-drehkreuze-fur-presse-und-zeitungen","14":"first","15":"instock","16":"taxable","17":"shipping-taxable","18":"purchasable","19":"product-type-simple"},"_links":{"self":[{"href":"https:\/\/cdiffprom.ch\/de\/wp-json\/wp\/v2\/product\/106881","targetHints":{"allow":["GET"]}}],"collection":[{"href":"https:\/\/cdiffprom.ch\/de\/wp-json\/wp\/v2\/product"}],"about":[{"href":"https:\/\/cdiffprom.ch\/de\/wp-json\/wp\/v2\/types\/product"}],"wp:featuredmedia":[{"embeddable":true,"href":"https:\/\/cdiffprom.ch\/de\/wp-json\/wp\/v2\/media\/102102"}],"wp:attachment":[{"href":"https:\/\/cdiffprom.ch\/de\/wp-json\/wp\/v2\/media?parent=106881"}],"wp:term":[{"taxonomy":"product_brand","embeddable":true,"href":"https:\/\/cdiffprom.ch\/de\/wp-json\/wp\/v2\/product_brand?post=106881"},{"taxonomy":"product_cat","embeddable":true,"href":"https:\/\/cdiffprom.ch\/de\/wp-json\/wp\/v2\/product_cat?post=106881"},{"taxonomy":"product_tag","embeddable":true,"href":"https:\/\/cdiffprom.ch\/de\/wp-json\/wp\/v2\/product_tag?post=106881"}],"curies":[{"name":"wp","href":"https:\/\/api.w.org\/{rel}","templated":true}]}}