{"id":106882,"date":"2019-07-26T07:45:56","date_gmt":"2019-07-26T05:45:56","guid":{"rendered":"https:\/\/cdiffprom.ch\/produit\/multi-case-theken-display\/"},"modified":"2019-07-26T07:45:56","modified_gmt":"2019-07-26T05:45:56","slug":"multi-case-theken-display","status":"publish","type":"product","link":"https:\/\/cdiffprom.ch\/de\/produit\/multi-case-theken-display\/","title":{"rendered":"Multi-Case Theken-Display"},"content":{"rendered":"<h3><span style=\"color: #800000;\"><strong>Multi-Case Theken-Display<\/strong><\/span><\/h3>\n<p>Dieses mehrteilige Thekendisplay ist einer der Visitenkartenhalter, die sich perfekt f\u00fcr eine optimale Pr\u00e4sentation Ihrer Dokumente eignen.<\/p>\n<p>Sie haben zwei M\u00f6glichkeiten der Pr\u00e4sentation und Verteilung:<\/p>\n<ul>\n<li>auf der Theke<\/li>\n<li>oder an der Wand befestigt<\/li>\n<\/ul>\n<p>Dieses Produkt ist 100% transparent und aus hochwertigem, eingespritztem Polystyrol-Kristallkunststoff hergestellt.<\/p>\n<p><span style=\"color: #800000;\"><strong>Lieferbedingungen :<br \/>\n<\/strong><\/span><\/p>\n<p>Alle unsere Produkte sind innerhalb von 10 Tagen nach Eingang Ihrer Bestellung lieferbar. Bitte z\u00f6gern Sie nicht, uns zu kontaktieren. <u><a href=\"https:\/\/cdiffprom.ch\/elements\/contactez-nous\/\"><span style=\"color: #800000;\">uns zu kontaktieren.<\/span><\/a><\/u> Wenn Sie einen dringenderen Bedarf haben, k\u00f6nnen wir Ihnen immer eine schnellere L\u00f6sung anbieten. <\/p>\n<p>Einige Artikel k\u00f6nnen eine l\u00e4ngere Lieferzeit in Anspruch nehmen, da sie nicht auf Lager unseres Lieferanten sind. In diesem Fall werden Sie nach Eingang Ihrer Bestellung benachrichtigt. <\/p>\n<p>Wir liefern versandkostenfrei ab einem Bestellwert von CHF. 500.-. Unterhalb dieses Betrags wird eine Pauschale von CHF. 15,90 zu entrichten. <\/p>\n<p>Bei allen Online-Bestellungen f\u00fchren wir immer einen Telefonanruf durch, um sicherzustellen, dass Sie das richtige Produkt f\u00fcr Ihre Bed\u00fcrfnisse ausgew\u00e4hlt haben. So k\u00f6nnen Sie sicher sein, dass Sie die richtige Wahl treffen. <\/p>\n<p>Bitte beachten Sie, dass die Promo-Codes nicht kumulierbar sind und der Rabatt auf Ihrer Bestellung sichtbar ist.<\/p>\n<p>&nbsp;<\/p>\n<p>&nbsp;<\/p>\n","protected":false},"excerpt":{"rendered":"<p>\u00c4sthetisches und effizientes Display zur Pr\u00e4sentation Ihrer Dokumente.<\/p>\n<p>Achtung!!! Nur das Modell 4 x 1\/3 A4 Hochformat ist im Angebot, nutzen Sie es schnell, bevor es ausverkauft ist.<\/p>\n","protected":false},"featured_media":102114,"template":"","meta":{"slim_seo":{"title":"Multi-Case Theken-Display - Suisse - C.Diff-Prom","description":"\u00c4sthetisches und effizientes Display zur Pr\u00e4sentation Ihrer Dokumente. Achtung!!! Nur das Modell 4 x 1\/3 A4 Hochformat ist im Angebot, nutzen Sie es schnell, be"}},"product_brand":[],"product_cat":[6355,6388,6411,6348,6345],"product_tag":[6364,6389,6582],"class_list":{"0":"post-106882","1":"product","2":"type-product","3":"status-publish","4":"has-post-thumbnail","6":"product_cat-konferenz","7":"product_cat-presentoirs","8":"product_cat-promos-de","9":"product_cat-thekenaufsteller","10":"product_cat-visitenkartenhalter-theken-de","11":"product_tag-pos-materialien","12":"product_tag-theken-displays","13":"product_tag-visitenkartenhalter-theken","15":"first","16":"instock","17":"taxable","18":"shipping-taxable","19":"purchasable","20":"product-type-variable"},"_links":{"self":[{"href":"https:\/\/cdiffprom.ch\/de\/wp-json\/wp\/v2\/product\/106882","targetHints":{"allow":["GET"]}}],"collection":[{"href":"https:\/\/cdiffprom.ch\/de\/wp-json\/wp\/v2\/product"}],"about":[{"href":"https:\/\/cdiffprom.ch\/de\/wp-json\/wp\/v2\/types\/product"}],"wp:featuredmedia":[{"embeddable":true,"href":"https:\/\/cdiffprom.ch\/de\/wp-json\/wp\/v2\/media\/102114"}],"wp:attachment":[{"href":"https:\/\/cdiffprom.ch\/de\/wp-json\/wp\/v2\/media?parent=106882"}],"wp:term":[{"taxonomy":"product_brand","embeddable":true,"href":"https:\/\/cdiffprom.ch\/de\/wp-json\/wp\/v2\/product_brand?post=106882"},{"taxonomy":"product_cat","embeddable":true,"href":"https:\/\/cdiffprom.ch\/de\/wp-json\/wp\/v2\/product_cat?post=106882"},{"taxonomy":"product_tag","embeddable":true,"href":"https:\/\/cdiffprom.ch\/de\/wp-json\/wp\/v2\/product_tag?post=106882"}],"curies":[{"name":"wp","href":"https:\/\/api.w.org\/{rel}","templated":true}]}}