{"id":106886,"date":"2019-07-26T07:35:43","date_gmt":"2019-07-26T05:35:43","guid":{"rendered":"https:\/\/cdiffprom.ch\/produit\/drehkreuz-32-faecher-a4\/"},"modified":"2019-07-26T07:35:43","modified_gmt":"2019-07-26T05:35:43","slug":"drehkreuz-32-faecher-a4","status":"publish","type":"product","link":"https:\/\/cdiffprom.ch\/de\/produit\/drehkreuz-32-faecher-a4\/","title":{"rendered":"Drehkreuz 32 F\u00e4cher a4"},"content":{"rendered":"<h3><span style=\"color: #800000;\"><strong>Drehkreuz mit 32 A4-F\u00e4chern<\/strong><\/span><\/h3>\n<p>Dieses Drehkreuz mit 32 A4-F\u00e4chern ist der ideale Visitenkartenhalter f\u00fcr jede Verkaufsstelle, die eine gro\u00dfe Auswahl an Katalogen oder Prospekten f\u00fcr ihre Kunden bereithalten m\u00f6chte.<\/p>\n<p>Er eignet sich z.B. f\u00fcr Reise- und Tourismusb\u00fcros, Autowerkst\u00e4tten, Museen und Kulturzentren.<\/p>\n<p>Dar\u00fcber hinaus kann der St\u00e4nder um eine zentrale Achse gedreht werden, was den Zugang zu jeder Dokumentation erleichtert.<\/p>\n<h4><span style=\"color: #800000;\"><strong>Merkmale :<\/strong><\/span><\/h4>\n<ul>\n<li>32 Felder im Format A4 auf 4 Seiten verteilt<\/li>\n<li>5 F\u00fc\u00dfe mit Rollen (2 davon mit Bremsen) f\u00fcr einen sicheren Stand<\/li>\n<li>Jedes Feld hat eine nutzbare Breite von 22 cm und eine Dokumentationsbreite von etwa 4 cm.<\/li>\n<li>Permanent sichtbarer Rand 10 cm<\/li>\n<li>Ideal f\u00fcr alle Dokumentenh\u00f6hen zwischen 24 cm und 32 cm.<\/li>\n<li>Gesamte Gr\u00f6\u00dfe: H\u00f6he 150 cm x Durchmesser 52 cm<\/li>\n<li>Gewicht 9 kg<\/li>\n<\/ul>\n<h4><strong><span style=\"color: #800000;\">Lieferbedingungen :<br \/>\n<\/span><\/strong><\/h4>\n<p>Zu Ihrer Information: Nach Eingang Ihres Auftrags sind unsere Produkte innerhalb von etwa zehn Tagen lieferbar.<\/p>\n<p>Z\u00f6gern Sie nicht <u><a href=\"https:\/\/cdiffprom.ch\/elements\/contactez-nous\/\"><span style=\"color: #800000;\"><strong>kontaktieren Sie uns bitte.<\/strong><\/span><\/a><\/u> Wenn Sie einen dringenderen Bedarf haben, haben wir immer eine schnellere L\u00f6sung f\u00fcr Sie und k\u00f6nnen Sie auch \u00fcber Rabatte bei Mengenbestellungen informieren.<\/p>\n<p>Einige Artikel k\u00f6nnen eine l\u00e4ngere Lieferzeit in Anspruch nehmen, da sie nicht auf Lager unseres Lieferanten sind. In diesem Fall werden Sie nach Eingang Ihrer Bestellung benachrichtigt. <\/p>\n<p>Wir liefern versandkostenfrei ab einem Bestellwert von CHF. 500.-. Unterhalb dieses Betrags wird eine Pauschale von CHF. 15,90 zu entrichten. <\/p>\n<p>Bei allen Online-Bestellungen f\u00fchren wir immer einen Telefonanruf durch, um sicherzustellen, dass Sie das richtige Produkt f\u00fcr Ihre Bed\u00fcrfnisse ausgew\u00e4hlt haben. So k\u00f6nnen Sie sicher sein, dass Sie die richtige Wahl treffen. <\/p>\n<p>Bitte beachten Sie, dass die Promo-Codes nicht kumulierbar sind und der Rabatt auf Ihrer Bestellung sichtbar ist.<\/p>\n<p>&nbsp;<\/p>\n","protected":false},"excerpt":{"rendered":"<p>Brosch\u00fcren-Drehkreuz mit 32 A4-F\u00e4chern auf 4 Seiten. Drehbar um eine zentrale Achse, 5-armiger Fu\u00df, 2 davon mit Bremse. <\/p>\n","protected":false},"featured_media":102100,"template":"","meta":{"slim_seo":{"title":"Drehkreuz 32 F\u00e4cher a4 - Suisse - C.Diff-Prom","description":"Brosch\u00fcren-Drehkreuz mit 32 A4-F\u00e4chern auf 4 Seiten. Drehbar um eine zentrale Achse, 5-armiger Fu\u00df, 2 davon mit Bremse."}},"product_brand":[],"product_cat":[6351,6346,6388,6401],"product_tag":[6489,6410,6581],"class_list":{"0":"post-106886","1":"product","2":"type-product","3":"status-publish","4":"has-post-thumbnail","6":"product_cat-drehkreuze-fur-presse-und-zeitungen","7":"product_cat-mobile-displays","8":"product_cat-presentoirs","9":"product_cat-zeitungsstander","10":"product_tag-drehkreuze-broschuren","11":"product_tag-drehkreuze-fur-presse-und-zeitungen","12":"product_tag-mobile-displays","14":"first","15":"instock","16":"taxable","17":"shipping-taxable","18":"purchasable","19":"product-type-simple"},"_links":{"self":[{"href":"https:\/\/cdiffprom.ch\/de\/wp-json\/wp\/v2\/product\/106886","targetHints":{"allow":["GET"]}}],"collection":[{"href":"https:\/\/cdiffprom.ch\/de\/wp-json\/wp\/v2\/product"}],"about":[{"href":"https:\/\/cdiffprom.ch\/de\/wp-json\/wp\/v2\/types\/product"}],"wp:featuredmedia":[{"embeddable":true,"href":"https:\/\/cdiffprom.ch\/de\/wp-json\/wp\/v2\/media\/102100"}],"wp:attachment":[{"href":"https:\/\/cdiffprom.ch\/de\/wp-json\/wp\/v2\/media?parent=106886"}],"wp:term":[{"taxonomy":"product_brand","embeddable":true,"href":"https:\/\/cdiffprom.ch\/de\/wp-json\/wp\/v2\/product_brand?post=106886"},{"taxonomy":"product_cat","embeddable":true,"href":"https:\/\/cdiffprom.ch\/de\/wp-json\/wp\/v2\/product_cat?post=106886"},{"taxonomy":"product_tag","embeddable":true,"href":"https:\/\/cdiffprom.ch\/de\/wp-json\/wp\/v2\/product_tag?post=106886"}],"curies":[{"name":"wp","href":"https:\/\/api.w.org\/{rel}","templated":true}]}}