{"id":106900,"date":"2019-07-26T07:45:57","date_gmt":"2019-07-26T05:45:57","guid":{"rendered":"https:\/\/cdiffprom.ch\/produit\/staffelei-fuer-dokumente\/"},"modified":"2019-07-26T07:45:57","modified_gmt":"2019-07-26T05:45:57","slug":"staffelei-fuer-dokumente","status":"publish","type":"product","link":"https:\/\/cdiffprom.ch\/de\/produit\/staffelei-fuer-dokumente\/","title":{"rendered":"Staffelei f\u00fcr Dokumente"},"content":{"rendered":"<h3><span style=\"color: #800000;\"><strong>Staffelei f\u00fcr Dokumente<\/strong><\/span><\/h3>\n<p>Dieser Dokumentenst\u00e4nder erm\u00f6glicht es Ihnen, jedes flache, starre Objekt in einer geneigten Position zu pr\u00e4sentieren.<\/p>\n<p>Er ist sehr stabil und kann auf jeder beliebigen Theke oder Unterlage aufgestellt werden.<\/p>\n<ul>\n<li>2 Gr\u00f6\u00dfen zur Auswahl<\/li>\n<li>2 mm dickes Plexiglas<\/li>\n<li>3,5 cm Fassungsverm\u00f6gen f\u00fcr Dokumente<\/li>\n<\/ul>\n<p><span style=\"color: #800000;\"><strong>Lieferbedingungen :<br \/>\n<\/strong><\/span><\/p>\n<p>Zu Ihrer Information: Nach Eingang Ihres Auftrags sind unsere Produkte innerhalb von etwa zehn Tagen lieferbar.<\/p>\n<p>Z\u00f6gern Sie nicht <u><a href=\"https:\/\/cdiffprom.ch\/elements\/contactez-nous\/\"><span style=\"color: #800000;\"><strong>uns zu kontaktieren.<\/strong><\/span><\/a><\/u> Wenn Sie einen dringenderen Bedarf haben, k\u00f6nnen wir Ihnen immer eine schnellere L\u00f6sung anbieten.<\/p>\n<p>Wir sind auch gerne bereit, Ihnen Informationen \u00fcber Mengenrabatte zu geben.<\/p>\n<p>Einige Artikel k\u00f6nnen eine l\u00e4ngere Lieferzeit in Anspruch nehmen, da sie nicht auf Lager unseres Lieferanten sind. In diesem Fall werden Sie nach Eingang Ihrer Bestellung benachrichtigt. <\/p>\n<p>Wir liefern versandkostenfrei ab einem Bestellwert von CHF. 500.-. Unterhalb dieses Betrags wird eine Pauschale von CHF. 15,90 zu entrichten. <\/p>\n<p>Bei allen Online-Bestellungen f\u00fchren wir immer einen Telefonanruf durch, um sicherzustellen, dass Sie das richtige Produkt f\u00fcr Ihre Bed\u00fcrfnisse ausgew\u00e4hlt haben. So k\u00f6nnen Sie sicher sein, dass Sie die richtige Wahl treffen. <\/p>\n<p>Bitte beachten Sie, dass die Promo-Codes nicht kumulierbar sind und der Rabatt auf Ihrer Bestellung sichtbar ist.<\/p>\n","protected":false},"excerpt":{"rendered":"<p>Staffelei aus Plexiglas, Kapazit\u00e4t 3,5 cm. 2 Gr\u00f6\u00dfen zur Auswahl. <\/p>\n","protected":false},"featured_media":101460,"template":"","meta":{"slim_seo":{"title":"Staffelei f\u00fcr Dokumente - Suisse - C.Diff-Prom","description":"Staffelei aus Plexiglas, Kapazit\u00e4t 3,5 cm. 2 Gr\u00f6\u00dfen zur Auswahl."}},"product_brand":[],"product_cat":[6388,6348],"product_tag":[6389],"class_list":{"0":"post-106900","1":"product","2":"type-product","3":"status-publish","4":"has-post-thumbnail","6":"product_cat-presentoirs","7":"product_cat-thekenaufsteller","8":"product_tag-theken-displays","9":"pa_dimensions-h-10-x-b-4-x-t-10-cm","10":"pa_dimensions-h-15-x-b-6-x-t-15-cm","12":"first","13":"instock","14":"taxable","15":"shipping-taxable","16":"purchasable","17":"product-type-variable"},"_links":{"self":[{"href":"https:\/\/cdiffprom.ch\/de\/wp-json\/wp\/v2\/product\/106900","targetHints":{"allow":["GET"]}}],"collection":[{"href":"https:\/\/cdiffprom.ch\/de\/wp-json\/wp\/v2\/product"}],"about":[{"href":"https:\/\/cdiffprom.ch\/de\/wp-json\/wp\/v2\/types\/product"}],"wp:featuredmedia":[{"embeddable":true,"href":"https:\/\/cdiffprom.ch\/de\/wp-json\/wp\/v2\/media\/101460"}],"wp:attachment":[{"href":"https:\/\/cdiffprom.ch\/de\/wp-json\/wp\/v2\/media?parent=106900"}],"wp:term":[{"taxonomy":"product_brand","embeddable":true,"href":"https:\/\/cdiffprom.ch\/de\/wp-json\/wp\/v2\/product_brand?post=106900"},{"taxonomy":"product_cat","embeddable":true,"href":"https:\/\/cdiffprom.ch\/de\/wp-json\/wp\/v2\/product_cat?post=106900"},{"taxonomy":"product_tag","embeddable":true,"href":"https:\/\/cdiffprom.ch\/de\/wp-json\/wp\/v2\/product_tag?post=106900"}],"curies":[{"name":"wp","href":"https:\/\/api.w.org\/{rel}","templated":true}]}}