{"id":106903,"date":"2019-07-26T07:45:57","date_gmt":"2019-07-26T05:45:57","guid":{"rendered":"https:\/\/cdiffprom.ch\/produit\/doppelseitiges-theken-display\/"},"modified":"2019-07-26T07:45:57","modified_gmt":"2019-07-26T05:45:57","slug":"doppelseitiges-theken-display","status":"publish","type":"product","link":"https:\/\/cdiffprom.ch\/de\/produit\/doppelseitiges-theken-display\/","title":{"rendered":"Doppelseitiges Theken-Display"},"content":{"rendered":"<h3><span style=\"color: #800000;\"><strong>Doppelseitiges Theken-Display<\/strong><\/span><\/h3>\n<p>Mit diesem doppelseitigen Thekendisplay k\u00f6nnen Sie Ihre Kunden oder Mitarbeiter leicht \u00fcber verschiedene Informationen oder Aktionen des Tages informieren.<\/p>\n<p>Dieses Bild eignet sich f\u00fcr viele Bereiche, z.B. :<\/p>\n<ul>\n<li>verschiedene Empfangstheken oder B\u00fcros: Name der Person, Datum der Sitzung<\/li>\n<li>Autowerkst\u00e4tten: Informieren Sie Ihre Besucher \u00fcber die \u00d6ffnungszeiten<\/li>\n<li>Reiseb\u00fcros: die Sonderangebote des Monats<\/li>\n<li>Restaurants: Tagesmen\u00fc<\/li>\n<li>Institute: Angebot von Schlankheitsprogrammen, Produktangebot<\/li>\n<\/ul>\n<p><strong><span style=\"color: #800000;\">Merkmale :<\/span><\/strong><\/p>\n<ul>\n<li>sehr stabil<\/li>\n<li>Kunststoff eingespritztes Polystyrol, transparent<\/li>\n<li>stabiler, gebogener Sockel 2 aufsteckbare Platten zum Schutz des Bildes<\/li>\n<li>3 Formate: A6, A5, A4<\/li>\n<\/ul>\n<p><strong><span style=\"color: #800000;\">Lieferbedingungen<\/span>:<br \/>\n<\/strong><\/p>\n<p>Alle unsere Produkte sind innerhalb von 10 Tagen nach Eingang Ihrer Bestellung lieferbar. Bitte z\u00f6gern Sie nicht, uns zu kontaktieren. <u><a href=\"https:\/\/cdiffprom.ch\/elements\/contactez-nous\/\"><span style=\"color: #800000;\">uns zu kontaktieren.<\/span><\/a><\/u> Wenn Sie einen dringenderen Bedarf haben, k\u00f6nnen wir Ihnen immer eine schnellere L\u00f6sung anbieten. <\/p>\n<p>Einige Artikel k\u00f6nnen eine l\u00e4ngere Lieferzeit in Anspruch nehmen, da sie nicht auf Lager unseres Lieferanten sind. In diesem Fall werden Sie nach Eingang Ihrer Bestellung benachrichtigt. <\/p>\n<p>Wir liefern versandkostenfrei ab einem Bestellwert von CHF. 500.-. Unterhalb dieses Betrags wird eine Pauschale von CHF. 15,90 zu entrichten. <\/p>\n<p>Bei allen Online-Bestellungen f\u00fchren wir immer einen Telefonanruf durch, um sicherzustellen, dass Sie das richtige Produkt f\u00fcr Ihre Bed\u00fcrfnisse ausgew\u00e4hlt haben. So k\u00f6nnen Sie sicher sein, dass Sie die richtige Wahl treffen. <\/p>\n<p>Bitte beachten Sie, dass die Promo-Codes nicht kumulierbar sind und der Rabatt auf Ihrer Bestellung sichtbar ist.<\/p>\n<p>&nbsp;<\/p>\n","protected":false},"excerpt":{"rendered":"<p>Anzeige auf der Theke. F\u00fcgen Sie Ihre Poster, Fotos, Tagesmen\u00fc ein. <\/p>\n","protected":false},"featured_media":103324,"template":"","meta":{"slim_seo":{"title":"Doppelseitiges Theken-Display - Suisse - C.Diff-Prom","description":"Anzeige auf der Theke. F\u00fcgen Sie Ihre Poster, Fotos, Tagesmen\u00fc ein."}},"product_brand":[],"product_cat":[6342,6355,6344,6345],"product_tag":[6364,6389,6582],"class_list":{"0":"post-106903","1":"product","2":"type-product","3":"status-publish","4":"has-post-thumbnail","6":"product_cat-anzeige","7":"product_cat-konferenz","8":"product_cat-visitenkartenhalter-theken","9":"product_cat-visitenkartenhalter-theken-de","10":"product_tag-pos-materialien","11":"product_tag-theken-displays","12":"product_tag-visitenkartenhalter-theken","13":"pa_dimensions-a4-21-x-297-cm-de","14":"pa_dimensions-a5-14-8-x-21-cm-de","15":"pa_dimensions-a6-169-x-126-mm-de","17":"first","18":"instock","19":"taxable","20":"shipping-taxable","21":"purchasable","22":"product-type-variable"},"_links":{"self":[{"href":"https:\/\/cdiffprom.ch\/de\/wp-json\/wp\/v2\/product\/106903","targetHints":{"allow":["GET"]}}],"collection":[{"href":"https:\/\/cdiffprom.ch\/de\/wp-json\/wp\/v2\/product"}],"about":[{"href":"https:\/\/cdiffprom.ch\/de\/wp-json\/wp\/v2\/types\/product"}],"wp:featuredmedia":[{"embeddable":true,"href":"https:\/\/cdiffprom.ch\/de\/wp-json\/wp\/v2\/media\/103324"}],"wp:attachment":[{"href":"https:\/\/cdiffprom.ch\/de\/wp-json\/wp\/v2\/media?parent=106903"}],"wp:term":[{"taxonomy":"product_brand","embeddable":true,"href":"https:\/\/cdiffprom.ch\/de\/wp-json\/wp\/v2\/product_brand?post=106903"},{"taxonomy":"product_cat","embeddable":true,"href":"https:\/\/cdiffprom.ch\/de\/wp-json\/wp\/v2\/product_cat?post=106903"},{"taxonomy":"product_tag","embeddable":true,"href":"https:\/\/cdiffprom.ch\/de\/wp-json\/wp\/v2\/product_tag?post=106903"}],"curies":[{"name":"wp","href":"https:\/\/api.w.org\/{rel}","templated":true}]}}