{"id":106915,"date":"2019-07-26T07:52:29","date_gmt":"2019-07-26T05:52:29","guid":{"rendered":"https:\/\/cdiffprom.ch\/produit\/klassische-bilderrahmen\/"},"modified":"2019-07-26T07:52:29","modified_gmt":"2019-07-26T05:52:29","slug":"klassische-bilderrahmen","status":"publish","type":"product","link":"https:\/\/cdiffprom.ch\/de\/produit\/klassische-bilderrahmen\/","title":{"rendered":"Klassische Bilderrahmen"},"content":{"rendered":"<ul>\n<li>Befestigen Sie Ihre Schiene (Alu oder wei\u00df) in der gew\u00fcnschten H\u00f6he oder b\u00fcndig mit der Decke.<\/li>\n<li>Die Schienen k\u00f6nnen mit einer Metalls\u00e4ge abgeschnitten werden.<\/li>\n<li>Aluminiumschienen (Alu oder wei\u00df) akzeptieren: &#8211; Aluminiumst\u00e4be oder &#8211; Nylon-Perlon-Kabel.<\/li>\n<li>Selbstblockierende Schiebehaken f\u00fcr: &#8211; Stangen 4&#215;4 mm &#8211; Kabel mit 2 mm Durchmesser, um Bilder oder Rahmen in der richtigen H\u00f6he zu positionieren.<\/li>\n<li>Aluminiumst\u00e4be mit einem Querschnitt von 4 x 4 mm in der Ausf\u00fchrung Alu natur oder wei\u00df lackiert.<\/li>\n<li>Zul\u00e4ssige Belastung pro Haken = 25 kg<\/li>\n<\/ul>\n","protected":false},"excerpt":{"rendered":"<p>Die Installation ist sehr einfach. Rahmen oder Bilder k\u00f6nnen leicht verschoben oder an einen anderen Ort gebracht werden. <\/p>\n","protected":false},"featured_media":102126,"template":"","meta":{"slim_seo":{"title":"Klassische Bilderrahmen - Suisse - C.Diff-Prom","description":"Die Installation ist sehr einfach. Rahmen oder Bilder k\u00f6nnen leicht verschoben oder an einen anderen Ort gebracht werden."}},"product_brand":[],"product_cat":[6342,6756],"product_tag":[6757],"class_list":{"0":"post-106915","1":"product","2":"type-product","3":"status-publish","4":"has-post-thumbnail","6":"product_cat-anzeige","7":"product_cat-aufhaengen-von-gemaelden","8":"product_tag-aufhaengen-von-gemaelden","9":"pa_couleurs-alu-natur","10":"pa_couleurs-weiss-lackiert","11":"pa_typologie-klassisch","12":"pa_typologie-nylon-perlon-kabel","14":"first","15":"instock","16":"taxable","17":"shipping-taxable","18":"purchasable","19":"product-type-variable"},"_links":{"self":[{"href":"https:\/\/cdiffprom.ch\/de\/wp-json\/wp\/v2\/product\/106915","targetHints":{"allow":["GET"]}}],"collection":[{"href":"https:\/\/cdiffprom.ch\/de\/wp-json\/wp\/v2\/product"}],"about":[{"href":"https:\/\/cdiffprom.ch\/de\/wp-json\/wp\/v2\/types\/product"}],"wp:featuredmedia":[{"embeddable":true,"href":"https:\/\/cdiffprom.ch\/de\/wp-json\/wp\/v2\/media\/102126"}],"wp:attachment":[{"href":"https:\/\/cdiffprom.ch\/de\/wp-json\/wp\/v2\/media?parent=106915"}],"wp:term":[{"taxonomy":"product_brand","embeddable":true,"href":"https:\/\/cdiffprom.ch\/de\/wp-json\/wp\/v2\/product_brand?post=106915"},{"taxonomy":"product_cat","embeddable":true,"href":"https:\/\/cdiffprom.ch\/de\/wp-json\/wp\/v2\/product_cat?post=106915"},{"taxonomy":"product_tag","embeddable":true,"href":"https:\/\/cdiffprom.ch\/de\/wp-json\/wp\/v2\/product_tag?post=106915"}],"curies":[{"name":"wp","href":"https:\/\/api.w.org\/{rel}","templated":true}]}}