{"id":106916,"date":"2019-07-26T07:45:57","date_gmt":"2019-07-26T05:45:57","guid":{"rendered":"https:\/\/cdiffprom.ch\/produit\/lesestab-fuer-die-tageszeitung\/"},"modified":"2019-07-26T07:45:57","modified_gmt":"2019-07-26T05:45:57","slug":"lesestab-fuer-die-tageszeitung","status":"publish","type":"product","link":"https:\/\/cdiffprom.ch\/de\/produit\/lesestab-fuer-die-tageszeitung\/","title":{"rendered":"Lesestab f\u00fcr die Tageszeitung"},"content":{"rendered":"<h3><span style=\"color: #993300;\"><strong>Lesestab f\u00fcr die Tageszeitung<\/strong><\/span><\/h3>\n<p>Mit diesem Lesestab f\u00fcr die Tageszeitung werden die Zeitungen, die Sie Ihren Kunden zur Verf\u00fcgung stellen, immer leicht zu lesen sein.<\/p>\n<p>Ob im Caf\u00e9-Restaurant oder in Ihren Wartebereichen, mit diesen Lesest\u00e4ben f\u00fcr die Tageszeitung k\u00f6nnen Sie Ihre Zeitung entweder aufh\u00e4ngen oder aufrollen.<\/p>\n<p>Dar\u00fcber hinaus erm\u00f6glicht das System, das die Zeitung zusammenh\u00e4lt, ein problemloses Lesen von einem Ende der Seite zum anderen.<\/p>\n<p>Der Austausch der Zeitung auf der Tageszeitung ist sehr einfach, da sie an beiden Enden mit einem Gummiring gesichert ist.<\/p>\n<ul>\n<li>Wird pro Einheit verkauft.<\/li>\n<li>Verwendung: Bars, Restaurants, Hotels, \u00f6ffentliche Einrichtungen, Mediatheken, Kulturzentren, etc.<\/li>\n<li>Sofortige Installation aller Arten von Zeitungen bis zu einer Gr\u00f6\u00dfe von 64 cm.<\/li>\n<li>Die Zeitung wird zwischen den beiden St\u00e4ben eingeklemmt und mit einem Gummiring gesichert.<\/li>\n<li>Qualit\u00e4t Buche klar lackiert.<\/li>\n<li>Metallhakenring an der Griffseite<\/li>\n<li>Gewicht: 150 Gramm<\/li>\n<\/ul>\n<h4><span style=\"color: #993300;\"><strong>Lieferbedingungen<\/strong><\/span><\/h4>\n<p>Alle unsere Produkte sind innerhalb von 10 Tagen nach Eingang Ihrer Bestellung lieferbar. Bitte z\u00f6gern Sie nicht, uns zu kontaktieren. <a href=\"https:\/\/cdiffprom.ch\/elements\/contactez-nous\/\"><strong><span style=\"color: #993300;\">uns zu kontaktieren.<\/span><\/strong><\/a> Wenn Sie einen dringenderen Bedarf haben, k\u00f6nnen wir Ihnen immer eine schnellere L\u00f6sung anbieten. <\/p>\n<p>Einige Artikel k\u00f6nnen eine l\u00e4ngere Lieferzeit in Anspruch nehmen, da sie nicht auf Lager unseres Lieferanten sind. In diesem Fall werden Sie nach Eingang Ihrer Bestellung benachrichtigt. <\/p>\n<p>Wir liefern versandkostenfrei ab einem Bestellwert von CHF. 500.-. Unterhalb dieses Betrags wird eine Pauschale von CHF. 15,90 zu entrichten. <\/p>\n<p>Bei allen Online-Bestellungen f\u00fchren wir immer einen Telefonanruf durch, um sicherzustellen, dass Sie das richtige Produkt f\u00fcr Ihre Bed\u00fcrfnisse ausgew\u00e4hlt haben. So k\u00f6nnen Sie sicher sein, dass Sie die richtige Wahl treffen. <\/p>\n<p>&nbsp;<\/p>\n","protected":false},"excerpt":{"rendered":"<p>F\u00fcr die Konsultation und Lekt\u00fcre von Zeitungen in \u00f6ffentlichen Einrichtungen und Wartebereichen<\/p>\n<p>F\u00fcr die Pr\u00e4sentation mehrerer Tageszeitungen ist unser <span style=\"color: #993300;\"><strong><a style=\"color: #993300;\" href=\"https:\/\/cdiffprom.ch\/produit\/presentoir-mural-4-baguettes-a-journaux\/\">Wandhalterung<\/a><\/strong><\/span> mit 4 St\u00e4ben gute Dienste leisten.<\/p>\n","protected":false},"featured_media":101612,"template":"","meta":{"slim_seo":{"title":"Lesestab f\u00fcr die Tageszeitung - Suisse - C.Diff-Prom","description":"F\u00fcr die Konsultation und Lekt\u00fcre von Zeitungen in \u00f6ffentlichen Einrichtungen und Wartebereichen F\u00fcr die Pr\u00e4sentation mehrerer Tageszeitungen ist unser Wandhalte"}},"product_brand":[],"product_cat":[6478,6388,6348,6401],"product_tag":[6479,6389],"class_list":{"0":"post-106916","1":"product","2":"type-product","3":"status-publish","4":"has-post-thumbnail","6":"product_cat-broschuren-und-zeitungsstander","7":"product_cat-presentoirs","8":"product_cat-thekenaufsteller","9":"product_cat-zeitungsstander","10":"product_tag-broschuren-und-zeitungsstander","11":"product_tag-theken-displays","13":"first","14":"instock","15":"taxable","16":"shipping-taxable","17":"purchasable","18":"product-type-simple"},"_links":{"self":[{"href":"https:\/\/cdiffprom.ch\/de\/wp-json\/wp\/v2\/product\/106916","targetHints":{"allow":["GET"]}}],"collection":[{"href":"https:\/\/cdiffprom.ch\/de\/wp-json\/wp\/v2\/product"}],"about":[{"href":"https:\/\/cdiffprom.ch\/de\/wp-json\/wp\/v2\/types\/product"}],"wp:featuredmedia":[{"embeddable":true,"href":"https:\/\/cdiffprom.ch\/de\/wp-json\/wp\/v2\/media\/101612"}],"wp:attachment":[{"href":"https:\/\/cdiffprom.ch\/de\/wp-json\/wp\/v2\/media?parent=106916"}],"wp:term":[{"taxonomy":"product_brand","embeddable":true,"href":"https:\/\/cdiffprom.ch\/de\/wp-json\/wp\/v2\/product_brand?post=106916"},{"taxonomy":"product_cat","embeddable":true,"href":"https:\/\/cdiffprom.ch\/de\/wp-json\/wp\/v2\/product_cat?post=106916"},{"taxonomy":"product_tag","embeddable":true,"href":"https:\/\/cdiffprom.ch\/de\/wp-json\/wp\/v2\/product_tag?post=106916"}],"curies":[{"name":"wp","href":"https:\/\/api.w.org\/{rel}","templated":true}]}}