{"id":106921,"date":"2019-07-26T07:45:58","date_gmt":"2019-07-26T05:45:58","guid":{"rendered":"https:\/\/cdiffprom.ch\/produit\/zeitschriftenstaender-kataloge-magazine\/"},"modified":"2019-07-26T07:45:58","modified_gmt":"2019-07-26T05:45:58","slug":"zeitschriftenstaender-kataloge-magazine","status":"publish","type":"product","link":"https:\/\/cdiffprom.ch\/de\/produit\/zeitschriftenstaender-kataloge-magazine\/","title":{"rendered":"Zeitschriftenst\u00e4nder Kataloge\/Magazine"},"content":{"rendered":"<p>&nbsp;<\/p>\n<p>&nbsp;<\/p>\n<h4><span style=\"color: #800000;\"><strong>Lieferbedingungen<\/strong><\/span><\/h4>\n<p>Alle unsere Produkte sind innerhalb von 10 Tagen nach Eingang Ihrer Bestellung lieferbar. Bitte z\u00f6gern Sie nicht, uns zu kontaktieren. <span style=\"color: #800000;\"><a style=\"color: #800000;\" href=\"https:\/\/cdiffprom.ch\/elements\/contactez-nous\/\">uns zu kontaktieren.<\/a><\/span> Wenn Sie einen dringenderen Bedarf haben, k\u00f6nnen wir Ihnen immer eine schnellere L\u00f6sung anbieten. <\/p>\n<p>Einige Artikel k\u00f6nnen eine l\u00e4ngere Lieferzeit in Anspruch nehmen, da sie nicht auf Lager unseres Lieferanten sind. In diesem Fall werden Sie nach Eingang Ihrer Bestellung benachrichtigt. <\/p>\n<p>Wir liefern versandkostenfrei ab einem Bestellwert von CHF. 500.-. Unterhalb dieses Betrags wird eine Pauschale von CHF. 15,90 zu entrichten. <\/p>\n<p>Bei allen Online-Bestellungen f\u00fchren wir immer einen Telefonanruf durch, um sicherzustellen, dass Sie das richtige Produkt f\u00fcr Ihre Bed\u00fcrfnisse ausgew\u00e4hlt haben. So k\u00f6nnen Sie sicher sein, dass Sie die richtige Wahl treffen. <\/p>\n<p>Bitte beachten Sie, dass die Promo-Codes nicht kumulierbar sind und der Rabatt auf Ihrer Bestellung sichtbar ist.<\/p>\n","protected":false},"excerpt":{"rendered":"<p>Gro\u00dfe Pr\u00e4sentationskapazit\u00e4t auf kleinstem Raum<\/p>\n","protected":false},"featured_media":101456,"template":"","meta":{"slim_seo":{"title":"Zeitschriftenst\u00e4nder Kataloge\/Magazine - Suisse - C.Diff-Prom","description":"Gro\u00dfe Pr\u00e4sentationskapazit\u00e4t auf kleinstem Raum"}},"product_brand":[],"product_cat":[6388,6402,6401],"product_tag":[6469,6389],"class_list":{"0":"post-106921","1":"product","2":"type-product","3":"status-publish","4":"has-post-thumbnail","6":"product_cat-presentoirs","7":"product_cat-regale-fur-presse-und-zeitungen","8":"product_cat-zeitungsstander","9":"product_tag-erganzungen-zu-den-presseregalen","10":"product_tag-theken-displays","12":"first","13":"instock","14":"taxable","15":"shipping-taxable","16":"purchasable","17":"product-type-simple"},"_links":{"self":[{"href":"https:\/\/cdiffprom.ch\/de\/wp-json\/wp\/v2\/product\/106921","targetHints":{"allow":["GET"]}}],"collection":[{"href":"https:\/\/cdiffprom.ch\/de\/wp-json\/wp\/v2\/product"}],"about":[{"href":"https:\/\/cdiffprom.ch\/de\/wp-json\/wp\/v2\/types\/product"}],"wp:featuredmedia":[{"embeddable":true,"href":"https:\/\/cdiffprom.ch\/de\/wp-json\/wp\/v2\/media\/101456"}],"wp:attachment":[{"href":"https:\/\/cdiffprom.ch\/de\/wp-json\/wp\/v2\/media?parent=106921"}],"wp:term":[{"taxonomy":"product_brand","embeddable":true,"href":"https:\/\/cdiffprom.ch\/de\/wp-json\/wp\/v2\/product_brand?post=106921"},{"taxonomy":"product_cat","embeddable":true,"href":"https:\/\/cdiffprom.ch\/de\/wp-json\/wp\/v2\/product_cat?post=106921"},{"taxonomy":"product_tag","embeddable":true,"href":"https:\/\/cdiffprom.ch\/de\/wp-json\/wp\/v2\/product_tag?post=106921"}],"curies":[{"name":"wp","href":"https:\/\/api.w.org\/{rel}","templated":true}]}}