{"id":106922,"date":"2019-07-26T07:52:30","date_gmt":"2019-07-26T05:52:30","guid":{"rendered":"https:\/\/cdiffprom.ch\/produit\/haengestange-fuer-paneele-und-gitter\/"},"modified":"2019-07-26T07:52:30","modified_gmt":"2019-07-26T05:52:30","slug":"haengestange-fuer-paneele-und-gitter","status":"publish","type":"product","link":"https:\/\/cdiffprom.ch\/de\/produit\/haengestange-fuer-paneele-und-gitter\/","title":{"rendered":"H\u00e4ngestange f\u00fcr Paneele und Gitter"},"content":{"rendered":"<ul>\n<li>Zum Aufh\u00e4ngen von Gem\u00e4lden an Paneelen oder Gittern<\/li>\n<li>120 cm langer Stab mit einem Durchmesser von 4 mm<\/li>\n<li>Sehr praktisch, einfache Verwendung mit Haken 250005<\/li>\n<li>Metallisch hellgrau<\/li>\n<\/ul>\n","protected":false},"excerpt":{"rendered":"<p>Direkte Anpassung an alle Paneele oder Gitter mit einer St\u00e4rke von max. 9 mm<\/p>\n","protected":false},"featured_media":102136,"template":"","meta":{"slim_seo":{"title":"H\u00e4ngestange f\u00fcr Paneele und Gitter - Suisse - C.Diff-Prom","description":"Direkte Anpassung an alle Paneele oder Gitter mit einer St\u00e4rke von max. 9 mm"}},"product_brand":[],"product_cat":[6342,6660],"product_tag":[6757],"class_list":{"0":"post-106922","1":"product","2":"type-product","3":"status-publish","4":"has-post-thumbnail","6":"product_cat-anzeige","7":"product_cat-zubehoer-fuer-die-befestigung","8":"product_tag-aufhaengen-von-gemaelden","10":"first","11":"instock","12":"taxable","13":"shipping-taxable","14":"purchasable","15":"product-type-simple"},"_links":{"self":[{"href":"https:\/\/cdiffprom.ch\/de\/wp-json\/wp\/v2\/product\/106922","targetHints":{"allow":["GET"]}}],"collection":[{"href":"https:\/\/cdiffprom.ch\/de\/wp-json\/wp\/v2\/product"}],"about":[{"href":"https:\/\/cdiffprom.ch\/de\/wp-json\/wp\/v2\/types\/product"}],"wp:featuredmedia":[{"embeddable":true,"href":"https:\/\/cdiffprom.ch\/de\/wp-json\/wp\/v2\/media\/102136"}],"wp:attachment":[{"href":"https:\/\/cdiffprom.ch\/de\/wp-json\/wp\/v2\/media?parent=106922"}],"wp:term":[{"taxonomy":"product_brand","embeddable":true,"href":"https:\/\/cdiffprom.ch\/de\/wp-json\/wp\/v2\/product_brand?post=106922"},{"taxonomy":"product_cat","embeddable":true,"href":"https:\/\/cdiffprom.ch\/de\/wp-json\/wp\/v2\/product_cat?post=106922"},{"taxonomy":"product_tag","embeddable":true,"href":"https:\/\/cdiffprom.ch\/de\/wp-json\/wp\/v2\/product_tag?post=106922"}],"curies":[{"name":"wp","href":"https:\/\/api.w.org\/{rel}","templated":true}]}}