{"id":106923,"date":"2019-07-26T07:45:58","date_gmt":"2019-07-26T05:45:58","guid":{"rendered":"https:\/\/cdiffprom.ch\/produit\/buchstuetzen-einstellbare-dicke-zum-aufstellen\/"},"modified":"2019-07-26T07:45:58","modified_gmt":"2019-07-26T05:45:58","slug":"buchstuetzen-einstellbare-dicke-zum-aufstellen","status":"publish","type":"product","link":"https:\/\/cdiffprom.ch\/de\/produit\/buchstuetzen-einstellbare-dicke-zum-aufstellen\/","title":{"rendered":"Buchst\u00fctzen, einstellbare Dicke, zum Aufstellen"},"content":{"rendered":"<ul>\n<li>F\u00fcr alle starren Objekte bis zu einer Dicke von 7 cm.<\/li>\n<li>Sehr stabil.<\/li>\n<li>Unzerbrechliche flexible Zunge<\/li>\n<li>Transparentes Plexiglas, 3 mm dick<\/li>\n<\/ul>\n","protected":false},"excerpt":{"rendered":"<p>Ideal f\u00fcr die Pr\u00e4sentation von flachen, steifen Objekten in geneigter Position.<\/p>\n","protected":false},"featured_media":101458,"template":"","meta":{"slim_seo":{"title":"Buchst\u00fctzen, einstellbare Dicke, zum Aufstellen - Suisse - C.Diff-Prom","description":"Ideal f\u00fcr die Pr\u00e4sentation von flachen, steifen Objekten in geneigter Position."}},"product_brand":[],"product_cat":[6388,6348],"product_tag":[6389],"class_list":{"0":"post-106923","1":"product","2":"type-product","3":"status-publish","4":"has-post-thumbnail","6":"product_cat-presentoirs","7":"product_cat-thekenaufsteller","8":"product_tag-theken-displays","10":"first","11":"instock","12":"taxable","13":"shipping-taxable","14":"purchasable","15":"product-type-simple"},"_links":{"self":[{"href":"https:\/\/cdiffprom.ch\/de\/wp-json\/wp\/v2\/product\/106923","targetHints":{"allow":["GET"]}}],"collection":[{"href":"https:\/\/cdiffprom.ch\/de\/wp-json\/wp\/v2\/product"}],"about":[{"href":"https:\/\/cdiffprom.ch\/de\/wp-json\/wp\/v2\/types\/product"}],"wp:featuredmedia":[{"embeddable":true,"href":"https:\/\/cdiffprom.ch\/de\/wp-json\/wp\/v2\/media\/101458"}],"wp:attachment":[{"href":"https:\/\/cdiffprom.ch\/de\/wp-json\/wp\/v2\/media?parent=106923"}],"wp:term":[{"taxonomy":"product_brand","embeddable":true,"href":"https:\/\/cdiffprom.ch\/de\/wp-json\/wp\/v2\/product_brand?post=106923"},{"taxonomy":"product_cat","embeddable":true,"href":"https:\/\/cdiffprom.ch\/de\/wp-json\/wp\/v2\/product_cat?post=106923"},{"taxonomy":"product_tag","embeddable":true,"href":"https:\/\/cdiffprom.ch\/de\/wp-json\/wp\/v2\/product_tag?post=106923"}],"curies":[{"name":"wp","href":"https:\/\/api.w.org\/{rel}","templated":true}]}}