{"id":106924,"date":"2019-07-26T07:52:30","date_gmt":"2019-07-26T05:52:30","guid":{"rendered":"https:\/\/cdiffprom.ch\/produit\/schiene-150-cm-fuer-haengeleisten-kabelstangen\/"},"modified":"2019-07-26T07:52:30","modified_gmt":"2019-07-26T05:52:30","slug":"schiene-150-cm-fuer-haengeleisten-kabelstangen","status":"publish","type":"product","link":"https:\/\/cdiffprom.ch\/de\/produit\/schiene-150-cm-fuer-haengeleisten-kabelstangen\/","title":{"rendered":"Schiene 150 cm f\u00fcr H\u00e4ngeleisten Kabelstangen"},"content":{"rendered":"<ul>\n<li>2 Oberfl\u00e4chen: Alu natur oder Alu wei\u00df lackiert<\/li>\n<li>Mit Perforationen f\u00fcr die Wandbefestigung<\/li>\n<li>L\u00e4nge 150 cm<\/li>\n<\/ul>\n","protected":false},"excerpt":{"rendered":"<p>Zum Aufh\u00e4ngen von St\u00e4ben oder Kabeln<\/p>\n","protected":false},"featured_media":102134,"template":"","meta":{"slim_seo":{"title":"Schiene 150 cm f\u00fcr H\u00e4ngeleisten Kabelstangen - Suisse - C.Diff-Prom","description":"Zum Aufh\u00e4ngen von St\u00e4ben oder Kabeln"}},"product_brand":[],"product_cat":[6342,6660],"product_tag":[6757],"class_list":{"0":"post-106924","1":"product","2":"type-product","3":"status-publish","4":"has-post-thumbnail","6":"product_cat-anzeige","7":"product_cat-zubehoer-fuer-die-befestigung","8":"product_tag-aufhaengen-von-gemaelden","9":"pa_couleurs-alu-natur","10":"pa_couleurs-weis","12":"first","13":"instock","14":"taxable","15":"shipping-taxable","16":"purchasable","17":"product-type-variable"},"_links":{"self":[{"href":"https:\/\/cdiffprom.ch\/de\/wp-json\/wp\/v2\/product\/106924","targetHints":{"allow":["GET"]}}],"collection":[{"href":"https:\/\/cdiffprom.ch\/de\/wp-json\/wp\/v2\/product"}],"about":[{"href":"https:\/\/cdiffprom.ch\/de\/wp-json\/wp\/v2\/types\/product"}],"wp:featuredmedia":[{"embeddable":true,"href":"https:\/\/cdiffprom.ch\/de\/wp-json\/wp\/v2\/media\/102134"}],"wp:attachment":[{"href":"https:\/\/cdiffprom.ch\/de\/wp-json\/wp\/v2\/media?parent=106924"}],"wp:term":[{"taxonomy":"product_brand","embeddable":true,"href":"https:\/\/cdiffprom.ch\/de\/wp-json\/wp\/v2\/product_brand?post=106924"},{"taxonomy":"product_cat","embeddable":true,"href":"https:\/\/cdiffprom.ch\/de\/wp-json\/wp\/v2\/product_cat?post=106924"},{"taxonomy":"product_tag","embeddable":true,"href":"https:\/\/cdiffprom.ch\/de\/wp-json\/wp\/v2\/product_tag?post=106924"}],"curies":[{"name":"wp","href":"https:\/\/api.w.org\/{rel}","templated":true}]}}