{"id":106927,"date":"2019-07-26T07:52:30","date_gmt":"2019-07-26T05:52:30","guid":{"rendered":"https:\/\/cdiffprom.ch\/produit\/selbstblockierende-sicherheitshaken\/"},"modified":"2019-07-26T07:52:30","modified_gmt":"2019-07-26T05:52:30","slug":"selbstblockierende-sicherheitshaken","status":"publish","type":"product","link":"https:\/\/cdiffprom.ch\/de\/produit\/selbstblockierende-sicherheitshaken\/","title":{"rendered":"Selbstblockierende Sicherheitshaken"},"content":{"rendered":"<ul>\n<li>Lot 2 selbstblockierende Sicherheitshaken (<\/li>\n<li>C) f\u00fcr 4&#215;4 mm St\u00e4be aus unserem Programm, und auch f\u00fcr alle anderen Vierkantst\u00e4be mit einem Querschnitt von 4 mm oder Rundst\u00e4be mit einem Durchmesser von 4 mm (<\/li>\n<li>E) f\u00fcr 2 mm Nylon-Perlon-Kabel aus unserem Programm und auch f\u00fcr jedes andere Nylonkabel mit einem Durchmesser von 2 mm.<\/li>\n<li>Zul\u00e4ssige Belastung 25 kg<\/li>\n<\/ul>\n","protected":false},"excerpt":{"rendered":"<p>Lot 2 selbstblockierende Sicherheitshaken ( C) f\u00fcr 4&#215;4 mm St\u00e4be aus unserem Programm, und auch f\u00fcr alle anderen Vierkantst\u00e4be mit einem Querschnitt von 4 mm oder Rundst\u00e4be mit einem Durchmesser von 4 mm ( E) f\u00fcr 2 mm Nylon-Perlon-Kabel aus unserem Programm und auch f\u00fcr jedes andere Nylonkabel mit einem Durchmesser von 2 mm. Zul\u00e4ssige&#8230;<\/p>\n","protected":false},"featured_media":102132,"template":"","meta":{"slim_seo":{"title":"Selbstblockierende Sicherheitshaken - Suisse - C.Diff-Prom","description":"Lot 2 selbstblockierende Sicherheitshaken ( C) f\u00fcr 4x4 mm St\u00e4be aus unserem Programm, und auch f\u00fcr alle anderen Vierkantst\u00e4be mit einem Querschnitt von 4 mm ode"}},"product_brand":[],"product_cat":[6342,6660],"product_tag":[6757],"class_list":{"0":"post-106927","1":"product","2":"type-product","3":"status-publish","4":"has-post-thumbnail","6":"product_cat-anzeige","7":"product_cat-zubehoer-fuer-die-befestigung","8":"product_tag-aufhaengen-von-gemaelden","9":"pa_couleurs-alu-natur","10":"pa_couleurs-schwarz","11":"pa_typologie-klassisch","12":"pa_typologie-nylon-perlon-kabel","14":"first","15":"instock","16":"taxable","17":"shipping-taxable","18":"purchasable","19":"product-type-variable"},"_links":{"self":[{"href":"https:\/\/cdiffprom.ch\/de\/wp-json\/wp\/v2\/product\/106927","targetHints":{"allow":["GET"]}}],"collection":[{"href":"https:\/\/cdiffprom.ch\/de\/wp-json\/wp\/v2\/product"}],"about":[{"href":"https:\/\/cdiffprom.ch\/de\/wp-json\/wp\/v2\/types\/product"}],"wp:featuredmedia":[{"embeddable":true,"href":"https:\/\/cdiffprom.ch\/de\/wp-json\/wp\/v2\/media\/102132"}],"wp:attachment":[{"href":"https:\/\/cdiffprom.ch\/de\/wp-json\/wp\/v2\/media?parent=106927"}],"wp:term":[{"taxonomy":"product_brand","embeddable":true,"href":"https:\/\/cdiffprom.ch\/de\/wp-json\/wp\/v2\/product_brand?post=106927"},{"taxonomy":"product_cat","embeddable":true,"href":"https:\/\/cdiffprom.ch\/de\/wp-json\/wp\/v2\/product_cat?post=106927"},{"taxonomy":"product_tag","embeddable":true,"href":"https:\/\/cdiffprom.ch\/de\/wp-json\/wp\/v2\/product_tag?post=106927"}],"curies":[{"name":"wp","href":"https:\/\/api.w.org\/{rel}","templated":true}]}}